{"id":813,"date":"2023-05-30T13:05:09","date_gmt":"2023-05-30T13:05:09","guid":{"rendered":"https:\/\/lyonmethod.fr\/pa\/?page_id=813"},"modified":"2023-05-30T13:36:13","modified_gmt":"2023-05-30T13:36:13","slug":"radiologia-di-profilo","status":"publish","type":"page","link":"https:\/\/lyonmethod.fr\/pa\/radiologia-di-profilo\/","title":{"rendered":"Radiologia di profilo"},"content":{"rendered":"\n\n\n\r\n<h2>Radiologia di profilo<\/h2>\r\n\n\r\n<p>A differenza della radiologia nel piano frontale, nel piano sagittale esistono curve fisiologiche. Queste curvature sono correlate all&#8217;incidenza pelvica e si dicono armoniose quando le curvature sono in equilibrio isostatico sul piano sagittale.<\/p>\r\n\n\n\r\n<p style=\"text-align: justify;\">Procederemo anche dal basso verso l&#8217;alto. Per prima cosa dobbiamo determinare il centro delle teste femorali. Se la sovrapposizione non \u00e8 perfetta, sceglieremo una media tra i due centri. Il secondo punto \u00e8 il centro del piatto superiore di S1. L&#8217;incidenza pelvica \u00e8 l&#8217;angolo formato dalla perpendicolare al piatto sacrale al suo centro e dalla linea che unisce il centro delle teste femorali. Qui \u00e8 di 48\u00b0.<\/p>\r\n\n\n\r\n<p>Lo strapiombo corrisponde alla distanza tra la linea verticale abbassata dal centro del piatto sacrale al centro delle teste femorali. Qui lo strapiombo \u00e8 nullo, il che corrisponde all&#8217;antiversione pelvica.<\/p>\r\n\n\n\r\n<p>La base sacrale \u00e8 calcolata in relazione all&#8217;orizzontale. Qui 45\u00b0. l&#8217;inclinazione della base sacrale gestisce la distribuzione del carico tra il corpo vertebrale in avanti e l&#8217;arco posteriore all&#8217;indietro. La migliore distribuzione si ottiene a 37\u00b0.<\/p>\r\n\n\n\r\n<p>L&#8217;incidenza pelvica \u00e8 pari alla somma della versione pelvica e della base sacrale (IP=VP+BS). La versione pelvica qui \u00e8 quindi di 3\u00b0, il che conferma l&#8217;antiversione pelvica. Data l&#8217;incidenza pelvica, la versione pelvica dovrebbe essere di 10\u00b0. Esiste quindi un&#8217;anomalia della statica nel piano sagittale.<\/p>\r\n\n\n\r\n<p>La lordosi \u00e8 attualmente misurata includendo il disco L5-S1. \u00c8 quindi l&#8217;angolo formato dalla tangente al piatto sacrale e dalla tangente al piatto superiore della vertebra di transizione pi\u00f9 inclinata rispetto all&#8217;orizzontale in corrispondenza della giunzione toraco-lombare. L&#8217;angolo misurato per questo paziente \u00e8 di 60\u00b0.<\/p>\r\n\n\n\r\n<p>Allo stesso modo, la cifosi viene misurata a partire dalle vertebre di transizione. \u00c8 l&#8217;angolo formato dal piatto inferiore della vertebra transizionale e dalla tangente al piatto superiore della T1. L&#8217;angolo qui \u00e8 di 45\u00b0, che corrisponde alla media generale.<\/p>\r\n\n\n\r\n<p>A volte \u00e8 difficile visualizzare il piatto superiore di T1. \u00c8 quindi necessario tracciare la linea dei muri posteriori che \u00e8 perpendicolare al piatto vertebrale.<\/p>\r\n\n\n\r\n<p>L&#8217;allineamento sagittale \u00e8 definito da una linea verticale tracciata dal tragus. Teoricamente questa linea passa attraverso l&#8217;acromion e il centro delle teste femorali, come nel nostro paziente. Tuttavia, notiamo una cifosi cervicale e una tendenza alla cifosi toracolombare, che giustifica una fisioterapia specifica. \u00c8 la misurazione della radiografia nel piano sagittale che ci permette di ripristinare un equilibrio isostatico nel piano sagittale che \u00e8 indispensabile per la correzione nel piano frontale secondo la legge del movimento accoppiato che studieremo alla fine di questa sezione.<\/p>\r\n\n\n\n\n","protected":false},"excerpt":{"rendered":"","protected":false},"author":1,"featured_media":759,"parent":0,"menu_order":0,"comment_status":"closed","ping_status":"closed","template":"","meta":{"om_disable_all_campaigns":false,"_monsterinsights_skip_tracking":false,"_monsterinsights_sitenote_active":false,"_monsterinsights_sitenote_note":"","_monsterinsights_sitenote_category":0,"_uf_show_specific_survey":0,"_uf_disable_surveys":false,"__cvm_playback_settings":[],"__cvm_video_id":"","two_page_speed":[],"footnotes":""},"categories":[23,4,27],"tags":[25,32,39,17,38],"class_list":["post-813","page","type-page","status-publish","has-post-thumbnail","hentry","category-fisioterapia","category-informazioni","category-tecnici-ortopedici","tag-cifosi","tag-palermo","tag-radiologia","tag-sicilia","tag-spondilolistesi"],"aioseo_notices":[],"_links":{"self":[{"href":"https:\/\/lyonmethod.fr\/pa\/wp-json\/wp\/v2\/pages\/813","targetHints":{"allow":["GET"]}}],"collection":[{"href":"https:\/\/lyonmethod.fr\/pa\/wp-json\/wp\/v2\/pages"}],"about":[{"href":"https:\/\/lyonmethod.fr\/pa\/wp-json\/wp\/v2\/types\/page"}],"author":[{"embeddable":true,"href":"https:\/\/lyonmethod.fr\/pa\/wp-json\/wp\/v2\/users\/1"}],"replies":[{"embeddable":true,"href":"https:\/\/lyonmethod.fr\/pa\/wp-json\/wp\/v2\/comments?post=813"}],"version-history":[{"count":5,"href":"https:\/\/lyonmethod.fr\/pa\/wp-json\/wp\/v2\/pages\/813\/revisions"}],"predecessor-version":[{"id":820,"href":"https:\/\/lyonmethod.fr\/pa\/wp-json\/wp\/v2\/pages\/813\/revisions\/820"}],"wp:featuredmedia":[{"embeddable":true,"href":"https:\/\/lyonmethod.fr\/pa\/wp-json\/wp\/v2\/media\/759"}],"wp:attachment":[{"href":"https:\/\/lyonmethod.fr\/pa\/wp-json\/wp\/v2\/media?parent=813"}],"wp:term":[{"taxonomy":"category","embeddable":true,"href":"https:\/\/lyonmethod.fr\/pa\/wp-json\/wp\/v2\/categories?post=813"},{"taxonomy":"post_tag","embeddable":true,"href":"https:\/\/lyonmethod.fr\/pa\/wp-json\/wp\/v2\/tags?post=813"}],"curies":[{"name":"wp","href":"https:\/\/api.w.org\/{rel}","templated":true}]}}