{"id":799,"date":"2023-05-30T12:23:06","date_gmt":"2023-05-30T12:23:06","guid":{"rendered":"https:\/\/lyonmethod.fr\/pa\/?page_id=799"},"modified":"2023-05-30T12:58:39","modified_gmt":"2023-05-30T12:58:39","slug":"radiologia-di-fronte-et-di-profilo","status":"publish","type":"page","link":"https:\/\/lyonmethod.fr\/pa\/radiologia-di-fronte-et-di-profilo\/","title":{"rendered":"Radiologia di fronte"},"content":{"rendered":"\r\n\r\n\r\n\r\n\r\n\r\n\r\n<h2>Radiologia di fronte<\/h2>\r\n\r\n\r\n\r\n<p>La radiologia rimane la base della valutazione della scoliosi. \u00c8 molto pi\u00f9 precisa degli esami clinici e consente un&#8217;analisi oggettiva dell&#8217;evoluzione della scoliosi.<\/p>\r\n\r\n\r\n\r\n\r\n\r\n<p style=\"text-align: justify;\">La radiografia viene letta dal basso verso l&#8217;alto. Per una buona analisi \u00e8 necessario chiedere al radiologo di includere le teste femorali. Una LLD (Leg Length Discrepancy) viene misurata disegnando una tangente all&#8217;estremit\u00e0 superiore della testa del femore. Qui la disuguaglianza \u00e8 compresa tra uno e due centimetri.<\/p>\r\n\r\n\r\n\r\n\r\n\r\n<p>La rotazione pelvica \u00e8 comune nella scoliosi con proiezione asimmetrica delle ali iliache. La rotazione avviene sul lato dell&#8217;ala iliaca pi\u00f9 larga, qui a destra nella concavit\u00e0 della scoliosi lombare. La rotazione pelvica \u00e8 un segno importante del bacino incluso.<\/p>\r\n\r\n\r\n\r\n\r\n\r\n<p>La vista dall&#8217;alto permette di comprendere meglio la rotazione pelvica e la proiezione dell&#8217;ala iliaca nel piano frontale della radiografia.<\/p>\r\n\r\n\r\n\r\n\r\n\r\n<p>Anche il parallelismo del disco intervertebrale L4-L5 \u00e8 a favore di un bacino incluso, mentre l&#8217;apertura del disco nella concavit\u00e0 si vede nel bacino escluso. Nei giovani le discopatie sono eccezionali e l&#8217;apertura del disco nella concavit\u00e0 \u00e8 quindi significativa e di prognosi pi\u00f9 sfavorevole<\/p>\r\n\r\n\r\n\r\n\r\n\r\n<p>La misurazione di Cobb \u00e8 ben nota dalle vertebre superiori e inferiori, che sono le pi\u00f9 inclinate verso l&#8217;orizzontale. Si utilizza il piatto superiore della vertebra superiore e il piatto inferiore della vertebra inferiore. La curvatura \u00e8 designata dalle sue vertebre terminali, qui T11-L4.<\/p>\r\n\r\n\r\n\r\n\r\n\r\n<p>Analogamente a livello toracico, le vertebre terminali sono T5-T11. La vertebra T11 \u00e8 la vertebra di transizione.<\/p>\r\n\r\n\r\n\r\n\r\n\r\n<p>Lo squilibrio del tronco \u00e8 misurato dalla distanza del C7PB (C7 Plumbline) abbassato verticalmente dal centro di C7 al centro di gravit\u00e0 al centro del corpo vertebrale di S2.<\/p>\r\n\r\n\r\n\r\n\r\n\r\n<p>L&#8217;inclinazione del tronco richiede di tracciare il contorno della gabbia toracica e di misurare l&#8217;asse rispetto alla verticale. Qualsiasi azione per rimodellare la gabbia toracica richiede che questo asse venga preso in considerazione. In linea di principio, la stessa misurazione nel busto mostra la correzione di questo asse.<\/p>\r\n\r\n\r\n\r\n\r\n\r\n<p>Lo squilibrio della spalla viene misurato all&#8217;estremit\u00e0 inferiore dell&#8217;articolazione della spalla. Lo squilibrio della spalla, quando esiste, pu\u00f2 essere corretto con un busto, soprattutto quando favorisce l&#8217;orizzontalizzazione delle vertebre limite superiore.<\/p>\r\n\r\n<p>&nbsp;<\/p>","protected":false},"excerpt":{"rendered":"<p>&nbsp;<\/p>\n","protected":false},"author":1,"featured_media":0,"parent":0,"menu_order":0,"comment_status":"closed","ping_status":"closed","template":"","meta":{"om_disable_all_campaigns":false,"_monsterinsights_skip_tracking":false,"_monsterinsights_sitenote_active":false,"_monsterinsights_sitenote_note":"","_monsterinsights_sitenote_category":0,"_uf_show_specific_survey":0,"_uf_disable_surveys":false,"__cvm_playback_settings":[],"__cvm_video_id":"","two_page_speed":[],"footnotes":""},"categories":[23,4,27],"tags":[32,39,14,17],"class_list":["post-799","page","type-page","status-publish","hentry","category-fisioterapia","category-informazioni","category-tecnici-ortopedici","tag-palermo","tag-radiologia","tag-scoliosi","tag-sicilia"],"aioseo_notices":[],"_links":{"self":[{"href":"https:\/\/lyonmethod.fr\/pa\/wp-json\/wp\/v2\/pages\/799","targetHints":{"allow":["GET"]}}],"collection":[{"href":"https:\/\/lyonmethod.fr\/pa\/wp-json\/wp\/v2\/pages"}],"about":[{"href":"https:\/\/lyonmethod.fr\/pa\/wp-json\/wp\/v2\/types\/page"}],"author":[{"embeddable":true,"href":"https:\/\/lyonmethod.fr\/pa\/wp-json\/wp\/v2\/users\/1"}],"replies":[{"embeddable":true,"href":"https:\/\/lyonmethod.fr\/pa\/wp-json\/wp\/v2\/comments?post=799"}],"version-history":[{"count":7,"href":"https:\/\/lyonmethod.fr\/pa\/wp-json\/wp\/v2\/pages\/799\/revisions"}],"predecessor-version":[{"id":812,"href":"https:\/\/lyonmethod.fr\/pa\/wp-json\/wp\/v2\/pages\/799\/revisions\/812"}],"wp:attachment":[{"href":"https:\/\/lyonmethod.fr\/pa\/wp-json\/wp\/v2\/media?parent=799"}],"wp:term":[{"taxonomy":"category","embeddable":true,"href":"https:\/\/lyonmethod.fr\/pa\/wp-json\/wp\/v2\/categories?post=799"},{"taxonomy":"post_tag","embeddable":true,"href":"https:\/\/lyonmethod.fr\/pa\/wp-json\/wp\/v2\/tags?post=799"}],"curies":[{"name":"wp","href":"https:\/\/api.w.org\/{rel}","templated":true}]}}