{"id":764,"date":"2023-05-30T07:41:06","date_gmt":"2023-05-30T07:41:06","guid":{"rendered":"https:\/\/lyonmethod.fr\/pa\/?page_id=764"},"modified":"2024-08-20T07:46:04","modified_gmt":"2024-08-20T07:46:04","slug":"eziologia-patogenesi","status":"publish","type":"page","link":"https:\/\/lyonmethod.fr\/pa\/eziologia-patogenesi\/","title":{"rendered":"Eziologia &#8211; Patogenesi"},"content":{"rendered":"\r\n\r\n\r\n\r\n\r\n\r\n\r\n\r\n\r\n\r\n\r\n\r\n\r\n<h2>Eziologia\u00a0<\/h2>\r\n\r\n\r\n\r\n<p>L&#8217;eziologia della scoliosi idiopatica \u00e8 ancora un capitolo controverso, da qui la persistenza del termine idiopatico che significa che l&#8217;origine della maggior parte della scoliosi \u00e8 ancora sconosciuta.<\/p>\r\n<p>&nbsp;<\/p>\r\n<h2>DEFINIZIONI<\/h2>\r\n<p>Alcune definizioni:<\/p>\r\n\r\n\r\n\r\n<p><strong>Eziologia<\/strong>: corrisponde ai fattori che causano la scoliosi idiopatica.<\/p>\r\n\r\n\r\n\r\n<p>La <strong>patogenesi<\/strong>: corrisponde alla modalit\u00e0 di origine del processo morboso.<\/p>\r\n\r\n\r\n\r\n<p>Il <strong>patomeccanismo<\/strong>: \u00e8 la sequenza di eventi nell&#8217;evoluzione dei suoi cambiamenti strutturali e funzionali derivanti dal processo patologico.<\/p>\r\n\r\n\r\n\r\n<p>L&#8217;<strong>eziopatogenesi<\/strong>: comprende l&#8217;eziologia e la patogenesi.<\/p>\r\n\r\n\r\n\r\n<p><strong>Scolio genesi<\/strong>: Burwell (2013) ha proposto questa parola come nome collettivo per includere: eziologia, patogenesi e patomeccanismo.<\/p>\r\n\r\n\r\n\r\n<p>La scoliosi \u00e8 un problema di salute pubblica che colpisce almeno il 4% degli adolescenti e pi\u00f9 del 10% della popolazione dopo i 60 anni. Oltre alla sua frequenza, la scoliosi ha conseguenze sulla qualit\u00e0 della vita e sulla durata della vita.<\/p>\r\n<p>I trattamenti ortopedici sono palliativi, compresa la chirurgia che spesso richiede interventi multipli nel corso della vita. Il modulo di elasticit\u00e0 del metallo \u00e8 diverso da quello dell&#8217;osso. Gli effetti collaterali sono importanti, in quanto la colonna vertebrale \u00e8 fatta per essere mobile e non per essere bloccata. Le ultime pubblicazioni svizzere confermano che il 40% dei pazienti affetti da scoliosi operati pu\u00f2 essere definito disabile.<\/p>\r\n<p>&nbsp;<\/p>\r\n<h2>Epidemiologia<\/h2>\r\n<p>Se la vera causa della scoliosi idiopatica \u00e8 sconosciuta, ci sono probabilmente due fattori principali: anomalie genetiche e disturbi della melatonina. Infatti, la melatonina viene secreta principalmente durante il periodo puberale e le conseguenze della sua carenza sono simili a quelle che vediamo nella scoliosi idiopatica.<\/p>\r\n<p>Una delle spiegazioni pi\u00f9 convincenti riguarda la maturazione definitiva del sistema posturale, che avviene in media a 12 anni sia nei ragazzi che nelle ragazze. All&#8217;et\u00e0 di 12 anni, la ragazza raggiunge l&#8217;apice della crescita puberale e l&#8217;immaturit\u00e0 del sistema posturale tra i 10 e i 12 anni favorisce la scoliosi. Tuttavia, all&#8217;et\u00e0 di 12 anni, il ragazzo non ha ancora iniziato la crescita puberale. Il suo sistema posturale \u00e8 quindi maturo durante l&#8217;adolescenza. Questa discordanza e la frequenza della scoliosi nelle ragazze conferma la grande importanza del sistema posturale nella genesi della scoliosi, che \u00e8 alla base del metodo Lionese. Burwell ha descritto questo meccanismo come Neuro-Osseous Timing of Maturation (NOTOM).<\/p>\r\n<p>Ci sono altre anomalie, in particolare neurologiche e muscolari, ma che sembrano essere pi\u00f9 secondarie rispetto a quelle primarie. Va inoltre notato che le maggiori asimmetrie come l&#8217;emiplegia infantile o l&#8217;amputazione congenita di un arto superiore causano poca scoliosi strutturale. Bisogna essere &#8220;normali&#8221; per sviluppare la scoliosi.<\/p>\r\n<p>Sono state avanzate numerose ipotesi, ma il pi\u00f9 delle volte \u00e8 impossibile distinguere tra causa e conseguenza.<\/p>\r\n<p>Nella scoliosi idiopatica \u00e8 stata riscontrata un&#8217;alterazione di almeno 4 coppie di cromosomi.<\/p>\r\n<p>&nbsp;<\/p>\r\n<h2>Genetica<\/h2>\r\n<p>La scoliosi \u00e8 una conseguenza del<a href=\"https:\/\/lyonmethod.fr\/pa\/bipedalismo\/\"> <strong>bipedalismo<\/strong><\/a>, ma pu\u00f2 verificarsi anche nei pesci. Tuttavia, si verifica in un contesto di carenza in quanto la carenza \u00e8 acido ascorbico, neurofibromatosi e deformit\u00e0 congenita.<\/p>\r\n<p>In questa balena, si tratta di una malformazione vertebrale congenita e il corsetto a 3 punti fatto sembra abbastanza illusorio.<\/p>\r\n<p>Anche la flora pu\u00f2 presentare anomalie. Il pino \u00e8 l&#8217;albero pi\u00f9 dritto della natura, tranne che nella foresta russa di Kurshskaia Kos\u00e0, dove i nazisti hanno testato le armi chimiche durante la Seconda guerra mondiale.<\/p>\r\n<p>In questo caso, il disturbo genetico \u00e8 evidente.<\/p>\r\n<p>Conosciamo un centinaio di malattie genetiche associate alla scoliosi. Colpiscono tutti i cromosomi. La scoliosi idiopatica non \u00e8 quindi legata ad un&#8217;anomalia cromosomica isolata.<\/p>\r\n<p>Gli ultimi 2 geni identificati sono GPR126 sul cromosoma 6.<\/p>\r\n<p>e POC5 sul cromosoma 5. Quest&#8217;ultimo gene ha un ruolo nella lateralit\u00e0 destra-sinistra del paziente.<\/p>\r\n<p>Questi due gemelli monozigoti hanno entrambi una scoliosi di poco meno di 20\u00b0. Una ha una curvatura a destra, l&#8217;altra ha una curvatura a sinistra. Possiamo quindi presumere che il gene poc5 sia alterato.<\/p>\r\n<p>Il problema \u00e8 l&#8217;incidenza del fattore genetico. La nozione di familiarit\u00e0 \u00e8 classica nella scoliosi idiopatica e verificata nella pratica clinica. Tuttavia, i gemelli, soprattutto i gemelli monozigoti, permettono di mettere in prospettiva il fattore genetico.<\/p>\r\n<p>Se l&#8217;esistenza della scoliosi raggiunge il 90% nei gemelli monozigoti, la deviazione spesso non \u00e8 identica, anche se a parte il DNA, l&#8217;ambiente \u00e8 per lo pi\u00f9 identico.<\/p>\r\n<p>Questi due bambini gemelli monozigoti, che hanno lo stesso ambiente, hanno entrambi lo stesso corsetto, ma non hanno la stessa scoliosi.<\/p>\r\n<p>Julia ha una doppia scoliosi maggiore, mentre la curvatura toracica destra di Caroline \u00e8 predominante con poca rotazione lombare.<\/p>\r\n<p>Leonie e Anais sono anche due gemelle monozigote. Uno ha una scoliosi toracolombare che giustifica l&#8217;uso di un corsetto, l&#8217;altro non presenta deviazioni significative. Uso spesso questo esempio per spiegare che dobbiamo essere pi\u00f9 attenti, ma che l&#8217;evoluzione non \u00e8 inesorabile.<\/p>\r\n<p>Uno studio svedese ritiene che la genetica spieghi solo il 38% del rischio scoliotico, il restante 62% \u00e8 legato al fattore ambientale. Le differenze epigenetiche possono essere la causa di questa discrepanza nei gemelli monozigoti e rappresentano il legame tra fattori ambientali e differenze fenotipiche.<\/p>\r\n<p>Ci sono importanti interazioni tra genetica, ambiente e fenotipo che portano alla malattia.<\/p>\r\n<p>Un gran numero di marcatori \u00e8 associato allo sviluppo della scoliosi e permettono di calcolare una prognosi di progressione. Tuttavia, c&#8217;\u00e8 un&#8217;ampia area grigia in cui la prognosi \u00e8 incerta. In pratica, questi test sono usati raramente e non possono sostituire un attento monitoraggio di un bambino.<\/p>\r\n<p>La zona gialla intermedia riguarda i due terzi dei pazienti per i quali la prognosi \u00e8 difficile.<\/p>\r\n\r\n\r\n\r\n<h2>Melatonina\u00a0 -(Sistema extrapiramidale)<\/h2>\r\n\r\n\r\n\r\n<p>Lo studio della melatonina \u00e8 il secondo pilastro dell&#8217;eziologia della scoliosi.<\/p>\r\n<p>Questo studio \u00e8 stato avviato da Machida e Dubousset dall&#8217;osservazione dei polli bipedi scoliotici dopo la sezione sotto la ghiandola pineale.<\/p>\r\n<p>Nel paziente scoliotico, il livello di melatonina nel sangue non diminuisce. Nel 2004, Moreau ha evidenziato un difetto nel passaggio della melatonina a livello cellulare legato a un problema di segnalazione.<\/p>\r\n<h4><em>La melatonina \u00e8 il regolatore dell&#8217;ormone della crescita. <\/em><\/h4>\r\n\r\n\r\n\r\n<p>La secrezione massima si verifica durante il picco puberale. Viene secreto durante la notte, che corrisponde al periodo di crescita principale.<\/p>\r\n<p>I risultati iniziali, tuttavia, sembravano molto promettenti. Purtroppo, le ricerche sulla melatonina non hanno portato, nonostante l&#8217;uso della spettroscopia a cellule dielettriche, ad una prognosi dello sviluppo della scoliosi 16 anni dopo.<\/p>\r\n<p>Un deficit di melatonina a livello cellulare provoca una sintomatologia molto vicina a quella osservata nella scoliosi: Difetto del controllo posturale, disfunzione vestibolare, propriocettiva, anomalie del tono muscolare, osteopenia, anomalie piastriniche con aumento della calmodulina.<\/p>\r\n<p>La scoliosi \u00e8 associata a cambiamenti ossei con perdita del numero trabecolare nelle donne e diradamento del numero trabecolare negli uomini. Il risultato \u00e8 un difetto nella resistenza della corteccia corticale dei corpi vertebrali che favorir\u00e0 la cuneiformit\u00e0 vertebrale all&#8217;apice della scoliosi.<\/p>\r\n<p>Anomalie del tessuto connettivo e in particolare del fibroblasto corrispondente ad un difetto nell&#8217;incorporazione degli elementi elastici nella matrice. Esiste quindi un accoppiamento osso-morbido dei tessuti che spiega l&#8217;interesse della deformazione plastica nei trattamenti ortopedici conservativi.<\/p>\r\n<p>Quasi tutti gli elementi del sistema extrapiramidale saranno disturbati, dai sensori periferici ai centri di integrazione vestibolare.<\/p>\r\n<p>Si possono distinguere due funzioni di controllo posturale, le funzioni di orientamento e di stabilizzazione. In una situazione statica, il controllo della postura di tutto il corpo consiste nello scegliere un orientamento verticale e nel mantenere tale orientamento verticale nonostante gli effetti perturbanti della gravit\u00e0. Queste due funzioni sono disturbate nella scoliosi con disallineamento della linea di gravit\u00e0 e difetti di sensibilit\u00e0 profonda con circa il 30% di siringomielia.<\/p>\r\n<p>Questo diagramma di Burwell riassume tutto il paradosso della scoliosi idiopatica che sta diventando sempre pi\u00f9 noto, ma la cui prognosi al di sotto dei 20\u00b0 rimane impossibile da prevedere.<\/p>\r\n<p>Il ritardo clinico di maturazione del sistema extrapiramidale associato alla scoliosi \u00e8 stato all&#8217;origine del metodo Lionese. I pi\u00f9 recente lavoro di ricerca conferma la clinica<\/p>\r\n<p>La \u00abcentral core\u00bb miopatia colpisce in particolare i muscoli assiali profondi ed \u00e8 spesso associata alla scoliosi. Non vi \u00e8 alcuna alterazione della struttura piramidale, cio\u00e8 nessuna debolezza dei muscoli motori.\u00a0<\/p>\r\n<p>Gli studi istopatologici mostrano una riduzione dell&#8217;attivit\u00e0 ossidativa, cio\u00e8 un disturbo del metabolismo aerobico.<\/p>\r\n<p>Le fibre extrapiramidali di tipo uno funzionano nel metabolismo aerobico.<\/p>\r\n<p>Due tipi di topi geneticamente modificati mostrano alterazioni nei sensori propriocettivi muscolari e tendinei.\u00a0<\/p>\r\n<p>La scoliosi \u00e8 pi\u00f9 importante quando mancano entrambi i tipi di sensori.<\/p>\r\n<p>A livello muscolare, ci sono due tipi di recettori. Entrambi sono sensibili allo stretching. Le fibre della catena sono statestesici e sensibili alla lunghezza del muscolo alla fine del movimento.<\/p>\r\n<p>Al contrario, le fibre cinestesica tipo borsa sono sensibili al movimento.<\/p>\r\n<p>Questo meccanismo muscolare \u00e8 integrato da sensori Golgi a livello dei tendini. Essi sono la base del riflesso miotatico invertito. I sensori di Golgi sono sensibili alla forza esercitata dal muscolo e la loro frequenza \u00e8 proporzionale a questa forza.<\/p>\r\n<p>&nbsp;<\/p>\r\n<h2>In conclusione,<\/h2>\r\n\r\n\r\n\r\n<p>i pi\u00f9 recenti lavori di ricerca confermano il ruolo primordiale del sistema extrapiramidale nella genesi della scoliosi e conferma l&#8217;interesse del metodo lionese basato sulla stimolazione del sistema extrapiramidale in posizione corretta.<\/p>\r\n<p>&nbsp;<\/p>\r\n\r\n\r\n\r\n<p><a href=\"https:\/\/www.sirer.org\/IT\/index.php?option=com_content&amp;view=article&amp;id=152&amp;Itemid=2913&amp;lang=it\"><em><u>Accesso al Powerpoint<\/u><\/em><\/a><\/p>\r\n\r\n<p>&nbsp;<\/p>","protected":false},"excerpt":{"rendered":"<p>&nbsp;<\/p>\n","protected":false},"author":1,"featured_media":770,"parent":0,"menu_order":0,"comment_status":"closed","ping_status":"closed","template":"","meta":{"om_disable_all_campaigns":false,"_monsterinsights_skip_tracking":false,"_monsterinsights_sitenote_active":false,"_monsterinsights_sitenote_note":"","_monsterinsights_sitenote_category":0,"_uf_show_specific_survey":0,"_uf_disable_surveys":false,"__cvm_playback_settings":[],"__cvm_video_id":"","two_page_speed":[],"footnotes":""},"categories":[10],"tags":[33,15,32,34,14,17,58],"class_list":["post-764","page","type-page","status-publish","has-post-thumbnail","hentry","category-fisiologia","tag-eziologia","tag-metodo-lionese","tag-palermo","tag-patogenesi","tag-scoliosi","tag-sicilia","tag-visita"],"aioseo_notices":[],"_links":{"self":[{"href":"https:\/\/lyonmethod.fr\/pa\/wp-json\/wp\/v2\/pages\/764","targetHints":{"allow":["GET"]}}],"collection":[{"href":"https:\/\/lyonmethod.fr\/pa\/wp-json\/wp\/v2\/pages"}],"about":[{"href":"https:\/\/lyonmethod.fr\/pa\/wp-json\/wp\/v2\/types\/page"}],"author":[{"embeddable":true,"href":"https:\/\/lyonmethod.fr\/pa\/wp-json\/wp\/v2\/users\/1"}],"replies":[{"embeddable":true,"href":"https:\/\/lyonmethod.fr\/pa\/wp-json\/wp\/v2\/comments?post=764"}],"version-history":[{"count":8,"href":"https:\/\/lyonmethod.fr\/pa\/wp-json\/wp\/v2\/pages\/764\/revisions"}],"predecessor-version":[{"id":774,"href":"https:\/\/lyonmethod.fr\/pa\/wp-json\/wp\/v2\/pages\/764\/revisions\/774"}],"wp:featuredmedia":[{"embeddable":true,"href":"https:\/\/lyonmethod.fr\/pa\/wp-json\/wp\/v2\/media\/770"}],"wp:attachment":[{"href":"https:\/\/lyonmethod.fr\/pa\/wp-json\/wp\/v2\/media?parent=764"}],"wp:term":[{"taxonomy":"category","embeddable":true,"href":"https:\/\/lyonmethod.fr\/pa\/wp-json\/wp\/v2\/categories?post=764"},{"taxonomy":"post_tag","embeddable":true,"href":"https:\/\/lyonmethod.fr\/pa\/wp-json\/wp\/v2\/tags?post=764"}],"curies":[{"name":"wp","href":"https:\/\/api.w.org\/{rel}","templated":true}]}}