{"id":74,"date":"2022-03-06T15:07:23","date_gmt":"2022-03-06T15:07:23","guid":{"rendered":"https:\/\/lyonmethod.fr\/wp\/?page_id=74"},"modified":"2024-08-20T17:24:50","modified_gmt":"2024-08-20T17:24:50","slug":"tensegrita","status":"publish","type":"page","link":"https:\/\/lyonmethod.fr\/pa\/tensegrita\/","title":{"rendered":"Tensegrit\u00e0"},"content":{"rendered":"\n\n\n\r\n<h1>Integrit\u00e0 Tensionale &#8211; Tensegrit\u00e0<\/h1>\r\n<p>La Tensegrit\u00e0 \u00e8 la capacit\u00e0 di una struttura di equilibrarsi, tramite la presenza contemporanea sia di sforzi di trazione che di compressione.<\/p>\r\n<p>Quando l&#8217;angolazione della scoliosi supera i 25\u00b0, la struttura ossea si deforma e la tensione del legamento di concavit\u00e0\/convessit\u00e0 cambia<\/p>\r\n\n\n\n\n\n\n\n\n\n\n\r\n<p>Queste deformazioni creano il circolo vizioso ben descritto da Ian Stokes<\/p>\r\n\n\n\n\n\n\n\n\n\n\n\r\n<p>Questo circolo vizioso si verifica soprattutto durante la crescita puberale di circa 25 cm nella colonna vertebrale. La crescita avviene a livello dell&#8217;osso ed \u00e8 rallentata dai legamenti.<\/p>\r\n\n\n\n\n\n\n\n\n\n\n\r\n<p>Tutta la colonna vertebrale \u00e8 una struttura di integrit\u00e0 tensile con una muscolatura triangolare.<\/p>\r\n\n\n\n\n\n\n\n\n\n\n\r\n<p>I dischi intervertebrali hanno anche una struttura di integrit\u00e0 tensionale.<\/p>\r\n\n\n\n\n\n\n\n\n\n\n\r\n<p>La deformazione plastica del gesso altera la lunghezza dei tessuti molli, specialmente i legamenti e le fasce. La fisioterapia isolata e il corsetto a tempo parziale rimangono a livello di deformazione elastica.<\/p>\r\n\n\n\n\n\n\n\n\n\n\n\r\n<p>In un sistema di integrit\u00e0 tensionale, un piccolo cambiamento nella lunghezza influenzer\u00e0 l&#8217;intera struttura, questa \u00e8 la non linearit\u00e0 geometrica. Il punto di applicazione del carico non viene pi\u00f9 trasmesso a tutta la colonna vertebrale, come una ruota con un raggio allentato.<\/p>\r\n\n\n\n\n\n\n\n\n\n\n<p>Bisogna anche notare che la mobilit\u00e0 di tutti i segmenti \u00e8 necessaria per l&#8217;integrit\u00e0 tensionale. La fisioterapia ha quindi due obiettivi:&nbsp;<\/p><p>1. mobilizzazione miotensiva di tutti i segmenti vertebrali incluso il segmento scapolare e pelvico.&nbsp;<\/p><p>2. riprogrammare il sistema posturale con le nuove lunghezze corrette. Gli esercizi sono identici a quelli per la stimolazione isolata del sistema extrapiramidale.<\/p><h2>La Tensegrit\u00e0: Il Segreto dell&#8217;Equilibrio Perfetto negli Sport di Alto Livello<\/h2><p style=\"text-align: justify;\">La Tensegrit\u00e0, un principio innovativo che coniuga ingegneria e biologia, offre una chiave di lettura nuova per comprendere e migliorare le prestazioni sportive di alto livello. Questo concetto si fonda su un equilibrio dinamico tra tensione e compressione, capace di ottimizzare la biomeccanica del corpo umano. In particolare, si rivela fondamentale per gli atleti di et\u00e0 compresa tra i 15 e i 35 anni, un periodo in cui la Tensegrit\u00e0 permette di sfruttare al massimo le proprie capacit\u00e0 fisiche e ridurre il rischio di infortuni. Non solo questo principio trova applicazione nello sport, ma anche in ambiti come il design e la medicina, dimostrando la sua versatilit\u00e0 e la sua importanza nella vita quotidiana e professionale. Scopriamo come la Tensegrit\u00e0 possa diventare un elemento cruciale per chi aspira a superare i propri limiti, offrendo un vantaggio competitivo tangibile.<\/p><h3>## L&#8217;importanza della Tensegrit\u00e0 nella pratica sportiva di alto livello<\/h3><h3>### Come la Tensegrit\u00e0 migliora l&#8217;equilibrio tra tensione e compressione<\/h3><p style=\"text-align: justify;\">La Tensegrit\u00e0, un concetto rivoluzionario nel campo dell&#8217;ingegneria e della biologia, svolge un ruolo cruciale nella pratica sportiva di alto livello. Essa rappresenta un equilibrio dinamico tra tensione e compressione che permette agli atleti di migliorare le proprie prestazioni. In una struttura di Tensegrit\u00e0, la deformazione plastica \u00e8 minimizzata, il che significa che anche piccoli cambiamenti possono avere un grande impatto sull&#8217;efficienza biomeccanica. Questo equilibrio consente agli sportivi di mantenere una postura ottimale e di ridurre il rischio di infortuni durante l&#8217;allenamento intensivo. La comprensione e l&#8217;applicazione pratica di questo principio possono condurre a un aumento significativo delle capacit\u00e0 atletiche, rendendo la Tensegrit\u00e0 una componente essenziale per chi aspira a eccellere nello sport.<\/p><h3 style=\"text-align: justify;\">### L&#8217;influenza della Tensegrit\u00e0 tra i 15 e i 35 anni negli atleti<\/h3><p style=\"text-align: justify;\">Tra i 15 e i 35 anni, gli atleti si trovano nel periodo di massima efficienza fisica, un momento in cui la Tensegrit\u00e0 raggiunge il suo apice. Durante questi anni, il corpo umano ha la capacit\u00e0 di sfruttare al meglio i benefici offerti da un sistema di integrit\u00e0 tensionale, migliorando la forza e l&#8217;equilibrio necessari per discipline sportive esigenti. Il Metodo Lionese, una tecnica riconosciuta per affrontare la scoliosi, si basa anch&#8217;esso su principi di Tensegrit\u00e0. Questo metodo dimostra come l\u2019applicazione di tali principi possa non solo correggere deformit\u00e0 strutturali, ma anche ottimizzare le performance fisiche. Gli atleti che adottano pratiche che includono la Tensegrit\u00e0 sono in grado di ottenere un vantaggio competitivo, migliorando l&#8217;efficacia delle loro sessioni di allenamento e ottenendo risultati superiori nelle competizioni.<\/p><h3 style=\"text-align: justify;\">## Applicazioni della Tensegrit\u00e0 alla scoliosi<\/h3><h3 style=\"text-align: justify;\">### Metodo lionese e deformazione plastica nella correzione della scoliosi<\/h3><p style=\"text-align: justify;\">Nell&#8217;ambito medico, la tensegrit\u00e0 trova applicazioni fondamentali, in particolare nella correzione delle deformit\u00e0 spinali come la scoliosi. Il Metodo Lionese si avvale del concetto di deformazione plastica per apportare miglioramenti significativi alla postura dei pazienti affetti da scoliosi. Questo approccio utilizza l&#8217;integrit\u00e0 tensionale per ridistribuire le forze all&#8217;interno della struttura ossea, favorendo un allineamento pi\u00f9 naturale della colonna vertebrale. Il risultato \u00e8 una correzione pi\u00f9 efficace e duratura, riducendo la necessit\u00e0 di interventi invasivi. Il metodo lionese \u00e8 all&#8217;avanguardia nell&#8217;implementazione di queste tecniche, offrendo trattamenti personalizzati che integrano la conoscenza avanzata delle dinamiche di tensegrit\u00e0 con i pi\u00f9 recenti sviluppi della chirurgia ortopedica.<\/p><p style=\"text-align: justify;\">## Conclusione<\/p><p style=\"text-align: justify;\">Il concetto di tensegrit\u00e0 emerge come un pilastro fondamentale nella pratica sportiva di alto livello grazie alla sua capacit\u00e0 di ottimizzare l&#8217;equilibrio tra tensione e compressione, migliorando cos\u00ec le prestazioni atletiche e riducendo il rischio di infortuni. Questo principio risulta particolarmente efficace tra i 15 e i 35 anni, quando gli atleti possono massimizzare i benefici di un sistema di integrit\u00e0 tensionale. La sua applicazione non si limita solamente allo sport, ma si estende anche al Metodo Lionese per la scoliosi. Integrando i principi della tensegrit\u00e0, nei trattamenti medici, si possono ottenere vantaggi significativi in termini di funzionalit\u00e0, estetica e salute, aprendo nuove frontiere per l&#8217;innovazione e il benessere.<\/p><p>## Referenze<\/p>\n<p>\\[1\\] &#8211; [<a href=\"https:\/\/www.sirer.org\/pdf\/IT%20Scoliosi%20Metodo%20Lionese%202024%20planche.pdf\">https:\/\/www.sirer.org\/pdf\/IT Scoliosi Metodo Lionese 2024 planche.pdf<\/a>](https:\/\/www.sirer.org\/pdf\/IT%20Scoliosi%20Metodo%20Lionese%202024%20planche.pdf)\\<br>\\[2\\] &#8211; &lt;https:\/\/www.sirer.org\/index.php?option=com_content&amp;view=article&amp;id=153&amp;Itemid=2720&amp;lang=it&gt;\\<br>\\[3\\] &#8211; &lt;https:\/\/www.accademia-osteopatia.com\/tensegrita&gt;<\/p>\n\n\n\n\n\n\r\n<h1>Video estratto dalla <a href=\"https:\/\/www.sirer.org\/IT\/index.php?lang=it\">Certificazione al metodo lionese<\/a>.<\/h1>\r\n\n\r\n<div style=\"padding: 56.25% 0 0 0; position: relative;\"><iframe style=\"position: absolute; top: 0; left: 0; width: 100%; height: 100%;\" title=\"1.2.b.IT Tensegrit&amp;agrave;\" src=\"https:\/\/player.vimeo.com\/video\/442798514?h=9bed597201&amp;badge=0&amp;autopause=0&amp;player_id=0&amp;app_id=58479\" frameborder=\"0\" allowfullscreen=\"allowfullscreen\"><\/iframe><\/div>\r\n<p><script src=\"https:\/\/player.vimeo.com\/api\/player.js\"><\/script><\/p>\r\n\n\n\n","protected":false},"excerpt":{"rendered":"","protected":false},"author":1,"featured_media":0,"parent":0,"menu_order":0,"comment_status":"closed","ping_status":"closed","template":"","meta":{"om_disable_all_campaigns":false,"_monsterinsights_skip_tracking":false,"_monsterinsights_sitenote_active":false,"_monsterinsights_sitenote_note":"","_monsterinsights_sitenote_category":0,"_uf_show_specific_survey":0,"_uf_disable_surveys":false,"__cvm_playback_settings":[],"__cvm_video_id":"","two_page_speed":[],"footnotes":""},"categories":[10],"tags":[],"class_list":["post-74","page","type-page","status-publish","hentry","category-fisiologia"],"aioseo_notices":[],"_links":{"self":[{"href":"https:\/\/lyonmethod.fr\/pa\/wp-json\/wp\/v2\/pages\/74","targetHints":{"allow":["GET"]}}],"collection":[{"href":"https:\/\/lyonmethod.fr\/pa\/wp-json\/wp\/v2\/pages"}],"about":[{"href":"https:\/\/lyonmethod.fr\/pa\/wp-json\/wp\/v2\/types\/page"}],"author":[{"embeddable":true,"href":"https:\/\/lyonmethod.fr\/pa\/wp-json\/wp\/v2\/users\/1"}],"replies":[{"embeddable":true,"href":"https:\/\/lyonmethod.fr\/pa\/wp-json\/wp\/v2\/comments?post=74"}],"version-history":[{"count":11,"href":"https:\/\/lyonmethod.fr\/pa\/wp-json\/wp\/v2\/pages\/74\/revisions"}],"predecessor-version":[{"id":1425,"href":"https:\/\/lyonmethod.fr\/pa\/wp-json\/wp\/v2\/pages\/74\/revisions\/1425"}],"wp:attachment":[{"href":"https:\/\/lyonmethod.fr\/pa\/wp-json\/wp\/v2\/media?parent=74"}],"wp:term":[{"taxonomy":"category","embeddable":true,"href":"https:\/\/lyonmethod.fr\/pa\/wp-json\/wp\/v2\/categories?post=74"},{"taxonomy":"post_tag","embeddable":true,"href":"https:\/\/lyonmethod.fr\/pa\/wp-json\/wp\/v2\/tags?post=74"}],"curies":[{"name":"wp","href":"https:\/\/api.w.org\/{rel}","templated":true}]}}