{"id":431,"date":"2022-04-05T15:19:57","date_gmt":"2022-04-05T15:19:57","guid":{"rendered":"https:\/\/lyonmethod.fr\/pa\/?page_id=431"},"modified":"2022-12-22T17:14:17","modified_gmt":"2022-12-22T17:14:17","slug":"gesso-digitale-regionale","status":"publish","type":"page","link":"https:\/\/lyonmethod.fr\/pa\/gesso-digitale-regionale\/","title":{"rendered":"Gesso digitale regionale"},"content":{"rendered":"\r\n\r\n\r\n\r\n\r\n\r\n\r\n<h2>Gesso digitale regionale<\/h2>\r\n\r\n\r\n\r\n<p class=\"MsoNormal\">Il gesso digitale regionale, la chiave di volta della ipercorrezione, \u00e8 una trasposizione del know-how della correzione con il gesso di Abbott o EDF. Le correzioni sono fatte in piano frontale e nel piano sagittale successivamente per il blocco di bacino e spalle, il blocco lombare e il blocco toracico. La correzione nel piano orizzontale viene ottenuta automaticamente dalla legge dei movimenti accoppiati della spina dorsale.<\/p>\r\n<p class=\"MsoNormal\">La prima scansione si esegue in autoestensione assiale attiva (detorsione geometrica) scrollando le spalle, con le braccia appoggiate su un supporto verticale.<br \/>La seconda scansione \u00e8 centrata sulla regione lombare e combina lo spostamento di Lione e la lordosi isostatica.<br \/>La terza scansione si concentra sulla regione toracica e combina la flessione correttiva e la cifosi fisiologica.<\/p>\r\n<p class=\"MsoNormal\">La sovrapposizione dei 3 blocchi produce una colonna storta o un elicoidale cerchiata con un cerchio generatore orizzontale, nella direzione opposta alla colonna vertebrale scoliotica. Tuttavia, il gesso digitale richiede una scansione abbastanza istantanea perch\u00e9 il paziente non pu\u00f2 mantenere la posizione asimmetrica per pi\u00f9 di pochi secondi, che esclude tutti gli scanner a basso costo attualmente utilizzati.<\/p>\r\n\r\n\r\n\r\n<div style=\"padding: 56.25% 0 0 0; position: relative;\"><iframe style=\"position: absolute; top: 0; left: 0; width: 100%; height: 100%;\" title=\"Gesso Regionale Digitale step by step\" src=\"https:\/\/player.vimeo.com\/video\/244520196?h=23b94fa120&amp;badge=0&amp;autopause=0&amp;player_id=0&amp;app_id=58479\" frameborder=\"0\" allowfullscreen=\"allowfullscreen\"><\/iframe><\/div>\r\n<p><script src=\"https:\/\/player.vimeo.com\/api\/player.js\"><\/script><\/p>\r\n\r\n<p>&nbsp;<\/p>","protected":false},"excerpt":{"rendered":"<p>&nbsp;<\/p>\n","protected":false},"author":1,"featured_media":0,"parent":0,"menu_order":0,"comment_status":"closed","ping_status":"closed","template":"","meta":{"om_disable_all_campaigns":false,"_monsterinsights_skip_tracking":false,"_monsterinsights_sitenote_active":false,"_monsterinsights_sitenote_note":"","_monsterinsights_sitenote_category":0,"_uf_show_specific_survey":0,"_uf_disable_surveys":false,"__cvm_playback_settings":[],"__cvm_video_id":"","two_page_speed":[],"footnotes":""},"categories":[5],"tags":[],"class_list":["post-431","page","type-page","status-publish","hentry","category-busto"],"aioseo_notices":[],"_links":{"self":[{"href":"https:\/\/lyonmethod.fr\/pa\/wp-json\/wp\/v2\/pages\/431","targetHints":{"allow":["GET"]}}],"collection":[{"href":"https:\/\/lyonmethod.fr\/pa\/wp-json\/wp\/v2\/pages"}],"about":[{"href":"https:\/\/lyonmethod.fr\/pa\/wp-json\/wp\/v2\/types\/page"}],"author":[{"embeddable":true,"href":"https:\/\/lyonmethod.fr\/pa\/wp-json\/wp\/v2\/users\/1"}],"replies":[{"embeddable":true,"href":"https:\/\/lyonmethod.fr\/pa\/wp-json\/wp\/v2\/comments?post=431"}],"version-history":[{"count":8,"href":"https:\/\/lyonmethod.fr\/pa\/wp-json\/wp\/v2\/pages\/431\/revisions"}],"predecessor-version":[{"id":640,"href":"https:\/\/lyonmethod.fr\/pa\/wp-json\/wp\/v2\/pages\/431\/revisions\/640"}],"wp:attachment":[{"href":"https:\/\/lyonmethod.fr\/pa\/wp-json\/wp\/v2\/media?parent=431"}],"wp:term":[{"taxonomy":"category","embeddable":true,"href":"https:\/\/lyonmethod.fr\/pa\/wp-json\/wp\/v2\/categories?post=431"},{"taxonomy":"post_tag","embeddable":true,"href":"https:\/\/lyonmethod.fr\/pa\/wp-json\/wp\/v2\/tags?post=431"}],"curies":[{"name":"wp","href":"https:\/\/api.w.org\/{rel}","templated":true}]}}