{"id":421,"date":"2022-04-05T14:07:47","date_gmt":"2022-04-05T14:07:47","guid":{"rendered":"https:\/\/lyonmethod.fr\/pa\/?page_id=421"},"modified":"2024-08-20T09:17:36","modified_gmt":"2024-08-20T09:17:36","slug":"scoliosi-adulto","status":"publish","type":"page","link":"https:\/\/lyonmethod.fr\/pa\/scoliosi-adulto\/","title":{"rendered":"Scoliosi Adulto"},"content":{"rendered":"\r\n\r\n\r\n\r\n\r\n\r\n\r\n<h1>Scoliosi dell&#8217; Adulto &#8211; metodo lionese<\/h1>\r\n\r\n\r\n\r\n<p style=\"text-align: justify;\">La scoliosi dell&#8217;adulto pone il problema dell&#8217;instabilit\u00e0 e del suo trattamento. Il metodo lionese, che combina un busto ad altissima rigidit\u00e0 e la fisioterapia, permette nella maggior parte dei casi di evitare l&#8217;intervento chirurgico.<\/p>\r\n<p style=\"text-align: justify;\">In fatto, il trattamento della scoliosi in et\u00e0 adulta \u00e8 una sfida, poich\u00e9 la riducibilit\u00e0 \u00e8 bassa, il mal di schiena \u00e8 frequente e il busto \u00e8 mal tollerato. Tuttavia, in molti casi il trattamento conservativo non chirurgico dovrebbe essere possibile se il meccanismo evolutivo della scoliosi in et\u00e0 adulta \u00e8 ben compreso.<\/p>\r\n<p style=\"text-align: justify;\">\u00a0<\/p>\r\n<h2 style=\"text-align: justify;\">Il meccanismo vizioso della deviazione scoliotica in et\u00e0 adulta<\/h2>\r\n<p style=\"text-align: justify;\">Cinquant&#8217;anni fa, Lione era una delle poche citt\u00e0 che curava la scoliosi degli adulti. Da allora questa missione \u00e8 continuata e tutti i pazienti trattati sono stati integrati in un database computerizzato per pi\u00f9 di 20 anni. Il protocollo di trattamento \u00e8 rimasto lo stesso integrando il progresso tecnologico.<\/p>\r\n<p>&nbsp;<\/p>\r\n<p style=\"text-align: justify;\">Tutti i nostri pazienti vengono sistematicamente richiamati per una valutazione ogni 5 anni, con grande soddisfazione dei medici curanti.<\/p>\r\n<p style=\"text-align: justify;\">Allo stesso modo, la tecnologia del busto e l&#8217;elevata precisione delle misurazioni hanno permesso di generalizzarne l&#8217;uso e di garantire il sostegno finanziario dei servizi sanitari.<\/p>\r\n<p style=\"text-align: justify;\">Da 200 anni il metodo Lionese combina fisioterapia e mezzi meccanici di correzione della curvatura scoliotica.<\/p>\r\n<p style=\"text-align: justify;\">Considereremo successivamente il piano sagittale e il piano orizzontale che condiziona lo stile di vita del paziente.<\/p>\r\n<p style=\"text-align: justify;\">\u00a0<\/p>\r\n<h3 style=\"text-align: justify;\">1. Il piano sagittale<\/h3>\r\n<p style=\"text-align: justify;\">Oltre all&#8217;accentuazione regolare sul piano frontale, esiste un meccanismo vizioso di morfostasi vertebrali sagittali che \u00e8 importante conoscere per fornire al paziente indicazioni di prevenzione.<\/p>\r\n\r\n\r\n\r\n<p style=\"text-align: justify;\"><strong>Fase 1<\/strong>: La scoliosi \u00e8 associata nella met\u00e0 dei casi ad un significativo dorso piatto che pu\u00f2 essere accentuato dal busto.\u00a0<\/p>\r\n<p style=\"text-align: justify;\">La met\u00e0 delle scoliosi idiopatica adolescenziale ha un significativo dorso piatto. Il dorso piatto pu\u00f2 essere accentuato dall&#8217;uso di alcuni ortesi come il Milwaukee e da un eccesso di esercizi di auto-elongazione assiale attiva.<\/p>\r\n<p style=\"text-align: justify;\"><strong>Fase 2<\/strong>: La versione pelvica e la lordosi lombare sono accoppiate.\u00a0 \u00a0Una diminuzione della lordosi \u00e8 associata alla retroversione pelvica. Ognuno di questi passi sar\u00e0 illustrato. Qui vediamo la perdita di lordosi associata alla retroversione pelvica.\u00a0 Per questo motivo, \u00e8 necessario prestare attenzione ai dispositivi di sostegno come il busto di Milwaukee e gli esercizi di auto-allungamento assiale attivo.<\/p>\r\n<p style=\"text-align: justify;\"><strong>Fase 3<\/strong>: La retroversione pelvica aumenta il carico in avanti sul disco intervertebrale e favorisce la degenerazione del disco. Il disco perde altezza. La maggior parte degli esercizi di fitness promuove il rafforzamento dei muscoli glutei e addominali, che nell&#8217;homo-sapiens sono stati uno dei meccanismi fondamentali del bipedismo. Purtroppo il loro rafforzamento favorisce la retroversione. Per questo motivo nella scoliosi adulta con ipolordosi lombare \u00e8 preferibile rafforzare il muscolo iliaco psoas e il retto femorale. Tuttavia, occorre fare attenzione a rafforzare lo psoas iliaco in una catena cinetica aperta per evitare l&#8217;effetto di retroversione sulla puleggia di riflessione della linea inguinale.<\/p>\r\n<p style=\"text-align: justify;\"><strong>Fase 4<\/strong>: L&#8217;altezza ridotta del disco intervertebrale aumenta la perdita di lordosi lombare e promuove la cifosi toracica compensativa. Dopo la perdita del nucleo e della cartilagine, il disco intervertebrale pu\u00f2 essere ridotto ad un sottile assemblaggio fibroso con conseguente rigidit\u00e0, ipolordosi, e una diminuzione delle dimensioni con perdita di tensegrit\u00e0.\u00a0<\/p>\r\n<p style=\"text-align: justify;\"><strong>Fase 5<\/strong>: L&#8217;osteoporosi aumenta anche la cifosi toracica alta. L&#8217;osteoporosi \u00e8 fisiologica e comporta una cuneiformezione vertebrale toracica elevata, probabilmente favorita dalla posizione seduta e dal rotolamento anteriore delle spalle.<\/p>\r\n<p style=\"text-align: justify;\"><strong>Fase 6<\/strong>: Per riequilibrare l&#8217;intera colonna vertebrale, il paziente flette le anche.<\/p>\r\n<p><img loading=\"lazy\" decoding=\"async\" class=\"alignnone size-medium\" src=\"https:\/\/lyonmethod.fr\/img\/Adulto1.JPG\" alt=\"Scoliosi adulto: Mecanismo viciose in piano sagittale\" width=\"960\" height=\"720\" \/><\/p>\r\n<p style=\"text-align: justify;\">L&#8217;ultimo adattamento nel piano sagittale \u00e8 la flessione delle anche per diminuire la proiezione anteriore della linea di gravit\u00e0.<\/p>\r\n<p style=\"text-align: justify;\">Anche la muscolatura piramidale con una significativa sarcopenia a partire dai 40 anni partecipa a questa evoluzione morfostatica e non riesce a rallentarla. Per questo motivo il rafforzamento dei muscoli piramidali nel metabolismo aerobico deve essere associato nella scoliosi adulta al rafforzamento dei muscoli extrapiramidali.<\/p>\r\n<p style=\"text-align: justify;\">Alla fine della crescita, \u00e8 importante dare alcune indicazioni di prevenzione al paziente. Queste indicazioni dipendono principalmente dal piano orizzontale.<\/p>\r\n<p style=\"text-align: justify;\">\u00a0<\/p>\r\n<h3 style=\"text-align: justify;\">2. Il piano orizzontale<\/h3>\r\n<p style=\"text-align: justify;\">La prima indicazione \u00e8 quella di informare il paziente del rischio evolutivo in et\u00e0 adulta. Nessuna evoluzione al di sotto dei 20\u00b0, evoluzione media dello 0,5% per un&#8217;angolazione tra 30 e 35\u00b0 e 1\u00b0 all&#8217;anno per una scoliosi superiore ai 40\u00b0. Questa evoluzione \u00e8 molto variabile, \u00e8 quindi consigliabile valutarla con un controllo sistematico ogni 5 anni.<\/p>\r\n<p style=\"text-align: justify;\">La piegatura in avanti del tronco per raccogliere un oggetto da terra \u00e8 di solito effettuata senza piegare le ginocchia quando non si solleva un carico pesante. D&#8217;altra parte, qualsiasi rotazione associata del tronco dovrebbe essere evitata, specialmente quando l&#8217;angolazione supera i 40\u00b0. Il movimento di flessione anteriore del tronco con poca rotazione \u00e8 stabile, poich\u00e9 i bracci di leva muscolari concavi e convessi si trovano su entrambi i lati del Centro di rotazione istantanea (parete posteriore del corpo vertebrale). Quando la rotazione \u00e8 maggiore, i bracci di leva sono sullo stesso lato e le vertebre scivolano come un ciclomotore in una curva eccessiva.<\/p>\r\n<p style=\"text-align: justify;\">Contribuisce anche la velocit\u00e0 della flessione anteriore del tronco. Se la flessione viene eseguita lentamente, i muscoli si stabilizzano. Tuttavia, se la flessione \u00e8 veloce, c&#8217;\u00e8 anche un meccanismo di slittamento, come ad esempio una curva troppo veloce in bicicletta.<\/p>\r\n<p style=\"text-align: justify;\">Anche l&#8217;orientamento costale \u00e8 da tenere in considerazione, \u00e8 molto variabile per la stessa angolazione Cobb. In caso di asimmetria significativa, la respirazione profonda favorisce la rotazione. \u00c8 quindi necessario evitare l&#8217;affanno durante la pratica sportiva.\u00a0<\/p>\r\n<p style=\"text-align: justify;\">I principali fattori di rischio in et\u00e0 adulta sono quindi: squilibrio dell&#8217;asse occipitale, rotazione apicale, dorso piatto, asimmetria costale, curvatura corta (coefficiente di Harrington), bassa capacit\u00e0 vitale, invalidit\u00e0 professionale.<\/p>\r\n<p style=\"text-align: justify;\">\u00a0<\/p>\r\n<h2 style=\"text-align: justify;\">Prevalenza &#8211; Classificazione<\/h2>\r\n<p style=\"text-align: justify;\">Prenderemo in considerazione gli elementi clinici della scoliosi adulta. Sia la scoliosi adolescenziale nell&#8217;adulto (ASA) che la scoliosi degenerativa de-novo (DDS) possono causare un dolore significativo, ma la loro progressione \u00e8 diversa.<\/p>\r\n<p style=\"text-align: justify;\">Nel 1969 Vanderpool mostra che la frequenza della scoliosi negli adulti aumenta costantemente con l&#8217;et\u00e0 fino a raggiungere il 10% della popolazione a 65 anni. Il rapporto di genere di 2 donne per un uomo non \u00e8 quello che osserviamo nella pratica quotidiana, il che significa che gli uomini consultano meno delle donne.<\/p>\r\n<p style=\"text-align: justify;\">Il dolore non \u00e8 sinonimo di progressione della deformit\u00e0. Alcune scoliosi stabili sono dolorose e altre evolvono senza dolore. Sar\u00e0 necessario cercare di fare la differenza tra il dolore &#8220;anatomico&#8221; e la &#8220;sofferenza&#8221; quando il paziente non supporta pi\u00f9 la sua deformazione. Il dolore in et\u00e0 adulta dipende pi\u00f9 dal piano sagittale che dal piano frontale,<\/p>\r\n<p style=\"text-align: justify;\">&#8211; Il dolore toraco-lombare corrisponde spesso a piccole instabilit\u00e0.<\/p>\r\n<p style=\"text-align: justify;\">&#8211; I dolori di convessit\u00e0 sono di origine muscolare.<\/p>\r\n<p style=\"text-align: justify;\">&#8211; I dolori della concavit\u00e0 sono posteriori: sindrome delle faccette articolari.<\/p>\r\n<p style=\"text-align: justify;\">&#8211; Il dolore lombosacrale \u00e8 di origine legamentosa.<\/p>\r\n<p style=\"text-align: justify;\">Questi dolori rispondono perfettamente alla fisioterapia.<\/p>\r\n<p style=\"text-align: justify;\">Quando la scoliosi progredisce, \u00e8 l&#8217;uno o l&#8217;altro: Primo l&#8217;evoluzione in et\u00e0 adulta di una scoliosi idiopatica adolescenziale, oppure Secondo una scoliosi de novo di solito di origine discale, oppure Terzo una camptocormia di origine muscolare. In tutti i casi, ci possono essere: malattia del disco con dislocazione a volte rotatoria, compromissione posturale con squilibrio, coinvolgimento muscolare extra-piramidale e coinvolgimento osseo (osteoporosi). In questi casi progressivi, pu\u00f2 essere necessario l&#8217;intervento chirurgico o di rinforzo. Spesso \u00e8 difficile distinguere tra sofferenza e dolore meccanico: La gibbosit\u00e0 toracica non \u00e8 pi\u00f9 accettata psicologicamente. Gli occhi degli altri disturbano, e la richiesta \u00e8 estetica.<\/p>\r\n<p style=\"text-align: justify;\">Dai 20 ai 30 anni, il problema principale \u00e8 il dolore anatomico. Da 30 a 50 anni, il problema principale \u00e8 lo scompenso discale. Il mal di schiena \u00e8 correlato all&#8217;allineamento sagittale. La prognosi della scoliosi in et\u00e0 adulta dipende dal piano sagittale.<\/p>\r\n<p style=\"text-align: justify;\">\u00a0<\/p>\r\n<h3 style=\"text-align: justify;\">Progressione caotica e lineare per l&#8217;AIS (ASA)<\/h3>\r\n<p style=\"text-align: justify;\">Ci sono due tipi di progressione: la progressione lineare e la progressione caotica. Quando la scoliosi si evolve in modo affine lineare, le strutture si sbilanciano gradualmente e in un determinato momento il corpo non \u00e8 pi\u00f9 in grado di compensare.<\/p>\r\n<p><img loading=\"lazy\" decoding=\"async\" class=\"alignnone size-medium\" src=\"https:\/\/lyonmethod.fr\/img\/Adulto2.JPG\" alt=\"Scoliosi ASA: evoluzione caotica\" width=\"960\" height=\"720\" \/><\/p>\r\n<p style=\"text-align: justify;\">Due entit\u00e0 distinte: A = Progressione adulta dell&#8217;A.I.S. &gt;40\u00b0 con prima dislocazione rotatoria a 45 anni. La storia naturale \u00e8 stata studiata da Weinstein. La progressione media \u00e8 di circa 1\u00b0 all&#8217;anno. B = scoliosi de Novo con Cobb basso dopo 50 anni.\u00a0 Prima dislocazione a 52 anni dopo la menopausa. La scoliosi de novo \u00e8 pi\u00f9 progressiva della scoliosi idiopatica adolescenziale. Per la progressione A.I.S., i problemi respiratori sono correlati all&#8217;angolazione della curva.<\/p>\r\n<p style=\"text-align: justify;\">Per il gruppo A, l&#8217;evoluzione in et\u00e0 adulta pu\u00f2 essere regolare. La fisioterapia viene spesso eseguita durante un episodio di instabilit\u00e0 lombare. A causa della scoliosi le possibilit\u00e0 di adattamento naturale sono pi\u00f9 limitate e i carichi vertebrali devono essere perfettamente distribuiti.<\/p>\r\n<p style=\"text-align: justify;\">Una domanda frequente \u00e8 l&#8217;impatto della gravidanza sulla scoliosi. Gli studi longitudinali che ho fatto nel 1980 con Pierre Stagnara non hanno mostrato alcun cambiamento nell&#8217;evoluzione della gravidanza. Tuttavia, i pazienti si consultano spesso dopo la seconda gravidanza e in generale la fisioterapia permette un rapido recupero della guaina lombare e pelvica. Un secondo problema riguarda l&#8217;asimmetria pelvica. Raramente richiedono il parto cesareo.\u00a0<\/p>\r\n<p style=\"text-align: justify;\">La gravidanza non modifica la progressione della scoliosi in et\u00e0 adulta, tranne nei casi di gravidanza gemellare.\u00a0<\/p>\r\n<p style=\"text-align: justify;\">Tutte le scoliosi, anche quelle gravi, non sono progressive. Alcune scoliosi si evolveranno per 10 anni e poi si stabilizzeranno in modo permanente. I primi lavori sull&#8217;evoluzione della scoliosi in et\u00e0 adulta erano pessimistici, ma mescolavano la scoliosi idiopatica, soprattutto nei bambini con scoliosi rachitica, e la scoliosi neurologica poliomielitica che oggi non esiste pi\u00f9.<\/p>\r\n<p style=\"text-align: justify;\">Nel 2003 Weinstein ha pubblicato l&#8217;evoluzione spontanea di 117 casi di scoliosi idiopatica in 50 anni. Non ha trovato alcuna ripercussione respiratoria o dolorose, o funzionali al di sotto dei 70\u00b0. Questo limite angolare \u00e8 attualmente il limite chirurgico.<\/p>\r\n<p style=\"text-align: justify;\">I principali fattori di rischio sono stati studiati da Schwab: Dislocazione rotatoria con olitesi laterale. Inclinazione L3-L4. Ipo-lordosi. Aumento della cifosi toraco-lombare. Il punteggio visivo analogico non \u00e8 correlato alla scoliosi e all&#8217;angolo di Cobb.<\/p>\r\n<p style=\"text-align: justify;\">Una delle particolarit\u00e0 pi\u00f9 caratteristiche \u00e8 lo squilibrio della colonna vertebrale.\u00a0<\/p>\r\n<p><img loading=\"lazy\" decoding=\"async\" class=\"alignnone size-medium\" src=\"https:\/\/lyonmethod.fr\/img\/Adulto3.JPG\" alt=\"Desequilibrio frontale e sagittale\" width=\"960\" height=\"720\" \/><\/p>\r\n<p style=\"text-align: justify;\">L&#8217;attuale tecnologia radiologica EOS 3D con Ultra Low Dose, dovuta all&#8217;invenzione del premio Nobel Georges Charpak, ci permette di riprodurre meglio questi squilibri del piano frontale e sagittale, ma anche nella Vista Da Vinci.<\/p>\r\n<p style=\"text-align: justify;\">\u00a0<\/p>\r\n<h3 style=\"text-align: justify;\">Scoliosi de novo (DDS)<\/h3>\r\n<p style=\"text-align: justify;\">La dislocazione rotazionale \u00e8 l&#8217;elemento biomeccanico fondamentale nell&#8217;evoluzione caotica della scoliosi degenerativa de novo.\u00a0<\/p>\r\n<p style=\"text-align: justify;\">Il meccanismo abituale \u00e8 di origine intervertebrale del disco. \u00c8 la dislocazione rotatoria visibile su questa sezione trasversale con sublussazione e restringimento dell&#8217;articolazione sul lato scorrevole, Allargamento dello spazio articolare sul lato opposto. La maggior parte dei pazienti consulta durante i periodi di dislocazione rotatoria o di instabilit\u00e0 del disco. Il trattamento non chirurgico pu\u00f2 essere utile anche per l&#8217;instabilit\u00e0 in caso di scoliosi trattata chirurgicamente. Il trattamento non chirurgico non \u00e8 efficace per la stenosi lombare.<\/p>\r\n<p style=\"text-align: justify;\">\u00a0<\/p>\r\n<h3 style=\"text-align: justify;\">Fisioterapia con metodo lionese per adulti<\/h3>\r\n<p style=\"text-align: justify;\">La fisioterapia \u00e8 diversa dalla scoliosi adolescenziale. Poich\u00e9 il paziente viene visto in periodi dolorosi, saranno favorite le tecniche analgesiche come il massaggio. Durante l&#8217;adolescenza, il piano frontale viene corretto nell&#8217;equilibrio isostatico sagittale, mentre in et\u00e0 adulta, gli esercizi nel piano isostatico sagittale hanno la priorit\u00e0. La mobilizzazione della colonna vertebrale \u00e8 molto limitata dalla rigidit\u00e0. La muscolatura piramidale sar\u00e0 rafforzata dopo i 40 anni. La detorsione geometrica viene effettuata a 90\u00b0 tra il tronco e gli arti inferiori. Il retto femorale e lo psoas iliaco saranno rinforzati per limitare la retroversione. Oltre al quadrato di 90\u00b0 tra il tronco e gli arti inferiori, il fisioterapista garantir\u00e0 il mantenimento della lordosi lombare durante gli esercizi.<\/p>\r\n<p style=\"text-align: justify;\">Pi\u00f9 sacchi di sabbia e piccoli manubri saranno utilizzati per rafforzare i muscoli piramidali con controllo respiratorio in espirazione profonda per promuovere il metabolismo aerobico.<\/p>\r\n<p style=\"text-align: justify;\">L&#8217;allungamento assiale attivo avviene in una catena cinetica chiusa, che facilita il controllo del piano sagittale con riduzione della cifosi toracica superiore e mantenimento della lordosi lombare.\u00a0<\/p>\r\n<p style=\"text-align: justify;\">La catena lombo-pelvica anteriore sar\u00e0 tesa e rinforzata in hold-relax.<\/p>\r\n<p style=\"text-align: justify;\">A livello delle anche, lavoriamo in una catena cinetica aperta per evitare la retroversione pelvica dello psoas sulla puleggia di riflessione. Per gli adulti, le nuove tecnologie hanno accentuato la precisione della costruzione del busto, consentendo l&#8217;uso di plastiche ad alta rigidit\u00e0 con una correzione equivalente a quella dei calchi in gesso.<\/p>\r\n<p style=\"text-align: justify;\">La posizione correttiva deriva dalla Schroth. I piani sagittale e frontale vengono corretti contemporaneamente, tenendo conto dell&#8217;equilibrio complessivo della colonna vertebrale. La colonna vertebrale \u00e8 posta nella massima estensione per promuovere la lordosi lombare e ridurre l&#8217;ipercifosi toracica. Il calco digitale ha sostituito il tradizionale calco in gesso. I vantaggi sono molteplici: 1. il paziente pu\u00f2 mantenere la posizione massima corretta in posizione eretta per alcuni secondi. 2. La respirazione \u00e8 controllata e al paziente pu\u00f2 essere richiesta la massima ispirazione. 3. La precisione delle 8 strutture-sensore \u00e8 inferiore a 1 millimetro. 4. Al posto del polietilene si pu\u00f2 utilizzare poliamidi da 3 millimetro con una rigidit\u00e0 molto elevata. Il trattamento, che qui viene eseguito in tempo reale, \u00e8 molto veloce.\u00a0<\/p>\r\n<p><img loading=\"lazy\" decoding=\"async\" class=\"alignnone size-medium\" src=\"https:\/\/lyonmethod.fr\/img\/Adulto4.JPG\" alt=\"Scoliosi adulto: Gesso digitale\" width=\"960\" height=\"720\" \/><\/p>\r\n<p style=\"text-align: justify;\">La traccia verde corrisponde all&#8217;infrarosso che calcola la profondit\u00e0. La pulizia dell&#8217;immagine viene effettuata automaticamente. \u00c8 possibile lavorare a pelle nuda, ma la maglia ottica permette di utilizzare punti di riferimento per la sovrapposizione dei 3 blocchi se necessario. La lavorazione permette di creare il positivo che verr\u00e0 fresato con la fresatrice. Il Tecnico Ortopedico dispone di tutti gli strumenti necessari per modificare le forme catturate.<\/p>\r\n<p style=\"text-align: justify;\">Abbiamo gi\u00e0 presentato alcuni casi clinici nel capitolo relativo all&#8217;evoluzione della scoliosi nel corso della vita. Qui completeremo questa presentazione.<\/p>\r\n<p style=\"text-align: justify;\">La realizzazione del busto \u00e8 molto simile a quella dei bambini. Le differenze principali sono: 1. uso di una poliammide di 3 millimetro. 2. La scansione toracica \u00e8 fatta nella massima ispirazione. 3. Nella parte posteriore, il busto si ferma all&#8217;apice della cifosi. 4. Davanti, il supporto clavicolare viene espanso.<\/p>\r\n<p><img loading=\"lazy\" decoding=\"async\" class=\"alignnone size-medium\" src=\"https:\/\/lyonmethod.fr\/img\/Adulto5.jpg\" alt=\"Scoliosi adulto: Correzione frontale\" width=\"960\" height=\"720\" \/><\/p>\r\n<p><img loading=\"lazy\" decoding=\"async\" class=\"alignnone size-medium\" src=\"https:\/\/lyonmethod.fr\/img\/Adulto6.jpg\" alt=\"Scoliosi adulto: Correzione sagittale\" width=\"960\" height=\"720\" \/><\/p>\r\n<p style=\"text-align: justify;\">Quando la cifoscoliosi \u00e8 a livello toraco-lombare, \u00e8 possibile riempire la barra posteriore con una schiuma per migliorare la tolleranza.<\/p>\r\n<p style=\"text-align: justify;\">\u00a0<\/p>\r\n<h2 style=\"text-align: justify;\">In conclusione,<\/h2>\r\n\r\n\r\n\r\n<p style=\"text-align: justify;\">il nuovo ARTbrace per adulti \u00e8 il risultato dell&#8217;evoluzione tecnologica, ma soprattutto del fantastico lavoro di ricerca svolto negli ultimi 15 anni nell&#8217;ambito del SOSORT.\u00a0 \u00a0Oltre alla tecnicit\u00e0 dell&#8217;ortopedico, ringrazia il fisioterapista incoraggiando permanentemente il paziente e potenziando i risultati del busto.<\/p>\r\n<p><a href=\"https:\/\/www.sirer.org\/IT\/index.php?option=com_content&amp;view=article&amp;id=146&amp;Itemid=2924&amp;lang=it\"><em><strong>Accedi al Powerpoint<\/strong><\/em><\/a><\/p>\r\n<p style=\"text-align: justify;\">\u00a0<\/p>\r\n\r\n\r\n\r\n<h2>Video\u00a0<\/h2>\r\n\r\n\r\n\r\n<p>Il metodo lionese di fisioterapia, che pu\u00f2 essere abbinato al corsetto correttivo ARTbrace in poliammide di 3 mm, \u00e8 adatto anche alla scoliosi dell&#8217;adulto. In caso di instabilit\u00e0, \u00e8 una vera alternativa all&#8217;intervento chirurgico.<\/p>\r\n<p>Questi video sono stati estratti dal master di formazione che \u00e8 stato offerto alla regione siciliana.\u00a0<\/p>\r\n\r\n\r\n\r\n<p>La scoliosi nell&#8217;adolescenza continua ad evolvere nell&#8217;et\u00e0 adulta con una dislocazione rotazionale tra i 45 e i 50 anni. Altre scoliosi appaiono in et\u00e0 adulta con una successiva dislocazione rotazionale tra i 55 e i 60 anni. Questa complicazione non colpisce tutti i pazienti e possiamo darvi consigli utili su come evitarla.<\/p>\r\n\r\n\r\n\r\n<div style=\"padding: 56.25% 0 0 0; position: relative;\"><iframe style=\"position: absolute; top: 0; left: 0; width: 100%; height: 100%;\" title=\"Scoliosi dell&amp;#039;Adulto\" src=\"https:\/\/player.vimeo.com\/video\/165923195?h=338a4f54b2&amp;badge=0&amp;autopause=0&amp;player_id=0&amp;app_id=58479\" frameborder=\"0\" allowfullscreen=\"allowfullscreen\"><span data-mce-type=\"bookmark\" style=\"display: inline-block; width: 0px; overflow: hidden; line-height: 0;\" class=\"mce_SELRES_start\">\ufeff<\/span><\/iframe><\/div>\r\n<p>&nbsp;<\/p>\r\n\r\n<p>&nbsp;<\/p>","protected":false},"excerpt":{"rendered":"<p>&nbsp;<\/p>\n","protected":false},"author":1,"featured_media":0,"parent":0,"menu_order":0,"comment_status":"closed","ping_status":"closed","template":"","meta":{"om_disable_all_campaigns":false,"_monsterinsights_skip_tracking":false,"_monsterinsights_sitenote_active":false,"_monsterinsights_sitenote_note":"","_monsterinsights_sitenote_category":0,"_uf_show_specific_survey":0,"_uf_disable_surveys":false,"__cvm_playback_settings":[],"__cvm_video_id":"","two_page_speed":[],"footnotes":""},"categories":[5,23,6,9],"tags":[18,22,20,21,43,15,32,14,17,58],"class_list":["post-421","page","type-page","status-publish","hentry","category-busto","category-fisioterapia","category-metodo-lionese","category-patologia","tag-adulto","tag-artbrace","tag-busto","tag-corsetto","tag-fisioterapia","tag-metodo-lionese","tag-palermo","tag-scoliosi","tag-sicilia","tag-visita"],"aioseo_notices":[],"_links":{"self":[{"href":"https:\/\/lyonmethod.fr\/pa\/wp-json\/wp\/v2\/pages\/421","targetHints":{"allow":["GET"]}}],"collection":[{"href":"https:\/\/lyonmethod.fr\/pa\/wp-json\/wp\/v2\/pages"}],"about":[{"href":"https:\/\/lyonmethod.fr\/pa\/wp-json\/wp\/v2\/types\/page"}],"author":[{"embeddable":true,"href":"https:\/\/lyonmethod.fr\/pa\/wp-json\/wp\/v2\/users\/1"}],"replies":[{"embeddable":true,"href":"https:\/\/lyonmethod.fr\/pa\/wp-json\/wp\/v2\/comments?post=421"}],"version-history":[{"count":14,"href":"https:\/\/lyonmethod.fr\/pa\/wp-json\/wp\/v2\/pages\/421\/revisions"}],"predecessor-version":[{"id":1417,"href":"https:\/\/lyonmethod.fr\/pa\/wp-json\/wp\/v2\/pages\/421\/revisions\/1417"}],"wp:attachment":[{"href":"https:\/\/lyonmethod.fr\/pa\/wp-json\/wp\/v2\/media?parent=421"}],"wp:term":[{"taxonomy":"category","embeddable":true,"href":"https:\/\/lyonmethod.fr\/pa\/wp-json\/wp\/v2\/categories?post=421"},{"taxonomy":"post_tag","embeddable":true,"href":"https:\/\/lyonmethod.fr\/pa\/wp-json\/wp\/v2\/tags?post=421"}],"curies":[{"name":"wp","href":"https:\/\/api.w.org\/{rel}","templated":true}]}}