{"id":326,"date":"2023-06-24T08:55:02","date_gmt":"2023-06-24T08:55:02","guid":{"rendered":"https:\/\/lyonmethod.fr\/wp\/?page_id=326"},"modified":"2024-08-20T07:47:19","modified_gmt":"2024-08-20T07:47:19","slug":"fisioterapia","status":"publish","type":"page","link":"https:\/\/lyonmethod.fr\/pa\/fisioterapia\/","title":{"rendered":"Fisioterapia"},"content":{"rendered":"\r\n\r\n\r\n\r\n\r\n\r\n\r\n<h2>Fisioterapia<\/h2>\r\n\r\n\r\n\r\n\r\n\r\n\r\n\r\n<h3>La tradizione lionese<\/h3>\r\n<p>Dalla creazione della professione di fisioterapista, la scuola di fisioterapia di Lione \u00e8 stata integrata alla facolt\u00e0 di medicina sotto la direzione medica di Pierre Stagnara. Dalla creazione del 4\u00b0 anno di studi di fisioterapia, il Metodo Lionese \u00e8 stato insegnato da Jean Claude de Mauroy.<\/p>\r\n\r\n\r\n\r\n<h3>Il video<\/h3>\r\n\r\n\r\n\r\n<div style=\"padding: 56.25% 0 0 0; position: relative;\"><iframe style=\"position: absolute; top: 0; left: 0; width: 100%; height: 100%;\" title=\"Fisioterapia Specifica\" src=\"https:\/\/player.vimeo.com\/video\/255157572?h=16c85d33fe&amp;badge=0&amp;autopause=0&amp;player_id=0&amp;app_id=58479\" frameborder=\"0\" allowfullscreen=\"allowfullscreen\"><\/iframe><\/div>\r\n<p><script src=\"https:\/\/player.vimeo.com\/api\/player.js\"><\/script><\/p>\r\n\r\n\r\n\r\n\r\n\r\n\r\n\r\n<h3>Referenze<\/h3>\r\n\r\n\r\n\r\n\r\n\r\n\r\n\r\n\r\n\r\n<p>Le traitement de la scoliose par kin\u00e9sith\u00e9rapie<\/p>\r\n\r\n\r\n\r\n<p>Livret auto-r\u00e9\u00e9ducation du rachis (Fondation Cotrel)<\/p>\r\n\r\n\r\n\r\n<p>Prise en charge r\u00e9\u00e9ducative des scolioses idiopathiques (Universit\u00e9 de Rennes)<\/p>\r\n\r\n\r\n\r\n<p>R\u00e9\u00e9ducation des scolioses (Stagnara, Mollon, de Mauroy)<\/p>\r\n\r\n\r\n\r\n<h2>Sviluppato in Sicilia: il Dynamic Beam<\/h2>\r\n\r\n\r\n\r\n<div style=\"padding: 75% 0 0 0; position: relative;\"><iframe style=\"position: absolute; top: 0; left: 0; width: 100%; height: 100%;\" title=\"Dynamic beam\" src=\"https:\/\/player.vimeo.com\/video\/699440385?h=a9fc0012a7&amp;badge=0&amp;autopause=0&amp;player_id=0&amp;app_id=58479\" frameborder=\"0\" allowfullscreen=\"allowfullscreen\"><\/iframe><\/div>\r\n<p><script src=\"https:\/\/player.vimeo.com\/api\/player.js\"><\/script><\/p>\r\n\r\n\r\n\r\n\r\n\r\n\r\n\r\n<h3>Certificazione internazionale online: SSOL<\/h3>\r\n\r\n\r\n\r\n\r\n\r\n\r\n\r\n<p>&nbsp;<\/p>","protected":false},"excerpt":{"rendered":"<p>&nbsp;<\/p>\n","protected":false},"author":1,"featured_media":0,"parent":0,"menu_order":0,"comment_status":"closed","ping_status":"closed","template":"","meta":{"om_disable_all_campaigns":false,"_monsterinsights_skip_tracking":false,"_monsterinsights_sitenote_active":false,"_monsterinsights_sitenote_note":"","_monsterinsights_sitenote_category":0,"_uf_show_specific_survey":0,"_uf_disable_surveys":false,"__cvm_playback_settings":[],"__cvm_video_id":"","two_page_speed":[],"footnotes":""},"categories":[23,6],"tags":[60,43,15,32,14,17,58],"class_list":["post-326","page","type-page","status-publish","hentry","category-fisioterapia","category-metodo-lionese","tag-eccellenza","tag-fisioterapia","tag-metodo-lionese","tag-palermo","tag-scoliosi","tag-sicilia","tag-visita"],"aioseo_notices":[],"_links":{"self":[{"href":"https:\/\/lyonmethod.fr\/pa\/wp-json\/wp\/v2\/pages\/326","targetHints":{"allow":["GET"]}}],"collection":[{"href":"https:\/\/lyonmethod.fr\/pa\/wp-json\/wp\/v2\/pages"}],"about":[{"href":"https:\/\/lyonmethod.fr\/pa\/wp-json\/wp\/v2\/types\/page"}],"author":[{"embeddable":true,"href":"https:\/\/lyonmethod.fr\/pa\/wp-json\/wp\/v2\/users\/1"}],"replies":[{"embeddable":true,"href":"https:\/\/lyonmethod.fr\/pa\/wp-json\/wp\/v2\/comments?post=326"}],"version-history":[{"count":21,"href":"https:\/\/lyonmethod.fr\/pa\/wp-json\/wp\/v2\/pages\/326\/revisions"}],"predecessor-version":[{"id":1410,"href":"https:\/\/lyonmethod.fr\/pa\/wp-json\/wp\/v2\/pages\/326\/revisions\/1410"}],"wp:attachment":[{"href":"https:\/\/lyonmethod.fr\/pa\/wp-json\/wp\/v2\/media?parent=326"}],"wp:term":[{"taxonomy":"category","embeddable":true,"href":"https:\/\/lyonmethod.fr\/pa\/wp-json\/wp\/v2\/categories?post=326"},{"taxonomy":"post_tag","embeddable":true,"href":"https:\/\/lyonmethod.fr\/pa\/wp-json\/wp\/v2\/tags?post=326"}],"curies":[{"name":"wp","href":"https:\/\/api.w.org\/{rel}","templated":true}]}}