{"id":280,"date":"2022-03-22T12:58:52","date_gmt":"2022-03-22T12:58:52","guid":{"rendered":"https:\/\/lyonmethod.fr\/wp\/?page_id=280"},"modified":"2024-08-20T08:24:21","modified_gmt":"2024-08-20T08:24:21","slug":"movimenti-accoppiati","status":"publish","type":"page","link":"https:\/\/lyonmethod.fr\/pa\/movimenti-accoppiati\/","title":{"rendered":"Movimenti accoppiati"},"content":{"rendered":"\r\n\r\n\r\n\r\n\r\n\r\n\r\n<h1>I movimenti accoppiati della colonna vertebrale<\/h1>\r\n\r\n\r\n<center><iframe loading=\"lazy\" src=\"https:\/\/player.vimeo.com\/video\/529242576?h=38c9339cac\" width=\"640\" height=\"640\" frameborder=\"0\" allowfullscreen=\"allowfullscreen\"><\/iframe><\/center>\r\n\r\n\r\n\r\n\r\n\r\n\r\n<p>Anche se c&#8217;\u00e8 unanimit\u00e0 per una correzione 3D della scoliosi, i metodi utilizzati sono molto diversi. Il metodo lionese utilizza la correzione 3D mediante movimenti accoppiati su due piani. Per capire meglio i movimenti accoppiati, abbiamo utilizzato un semplice modello biomeccanico con movimenti nel piano di funzione sagittale associati all&#8217;asimmetria di carico frontale.<\/p>\r\n\r\n\r\n\r\n\r\n\r\n\r\n\r\n\r\n\r\n\r\n\r\n\r\n\r\n<p>Panjabi nel 1978 ha descritto i movimenti accoppiati della colonna vertebrale. La correzione simultanea nei piani sagittale e frontale provoca automaticamente la rotazione in un piano orizzontale. La direzione della rotazione dipende dall&#8217;inclinazione sagittale dei corpi vertebrali come vediamo nel modello biomeccanico sopra\u00a0<\/p>\r\n\r\n\r\n\r\n\r\n\r\n\r\n\r\n\r\n\r\n\r\n\r\n\r\n\r\n<p>L&#8217;equilibrio isostatico \u00e8 quando le sollecitazioni sul corpo vertebrale anteriore e sulle articolazioni posteriori sono equilibrate. \u00c8 in questa posizione che la mobilit\u00e0 negli altri piani \u00e8 massima<\/p>\r\n\r\n\r\n\r\n\r\n\r\n\r\n\r\n\r\n\r\n\r\n\r\n\r\n\r\n<p>L&#8217;equilibrio isostatico nel piano sagittale \u00e8 determinato dall&#8217;incidenza pelvica che \u00e8 un fattore costituzionale specifico per ogni paziente. Il sagittalometro ci fornisce i valori teorici.<\/p>\r\n\r\n\r\n\r\n\r\n\r\n\r\n\r\n\r\n\r\n\r\n\r\n\r\n\r\n<p>La flessione laterale mantenuta per 5 settimane nei ratti causa una scoliosi strutturale con rotazione.<\/p>\r\n\r\n\r\n\r\n\r\n\r\n\r\n\r\n\r\n\r\n\r\n\r\n\r\n\r\n<p>Il corsetto corto GTB lionese \u00e8 realizzato in lordosi e spostamento lombare. La rotazione nel corsetto \u00e8 automatica<\/p>\r\n\r\n\r\n\r\n\r\n\r\n\r\n\r\n\r\n\r\n\r\n\r\n\r\n\r\n<p>Durante la prima scansione del calco regionale nella posizione corretta, la sola traslazione lungo l&#8217;asse verticale non causa alcuna rotazione.<\/p>\r\n\r\n\r\n\r\n\r\n\r\n\r\n\r\n\r\n\r\n\r\n\r\n\r\n\r\n<p>Nella seconda scansione della regione lombare, si vede una rotazione tra la cintura scapolare e la cintura pelvica.<\/p>\r\n\r\n\r\n\r\n\r\n\r\n\r\n\r\n\r\n\r\n\r\n\r\n\r\n\r\n<p>Questa rotazione tra le due cinture \u00e8 accentuata durante la 3\u00b0 scansione eseguita in flessione e in cifosi toracica<\/p>\r\n\r\n\r\n\r\n\r\n\r\n\r\n\r\n\r\n\r\n\r\n\r\n\r\n\r\n<p>In questo bambino le correzioni frontali e sagittali sono eccellenti nell&#8217;ARTbrace.<\/p>\r\n\r\n\r\n\r\n\r\n\r\n\r\n\r\n\r\n\r\n\r\n\r\n\r\n\r\n<p>Ma la correzione pi\u00f9 spettacolare \u00e8 nel piano orizzontale con addirittura un&#8217;ipercorrezione della rotazione a livello toracico.<\/p>\r\n\r\n\r\n\r\n\r\n\r\n\r\n\r\n\r\n\r\n\r\n\r\n\r\n\r\n<p>In conclusione,<\/p>\r\n<p>La correzione meccanica nei piani frontale e sagittale pu\u00f2 essere facilmente controllata e semplifica la correzione 3D sia in termini di fisioterapia che di costruzione del busto.<\/p>\r\n\r\n<p>&nbsp;<\/p>","protected":false},"excerpt":{"rendered":"<p>&nbsp;<\/p>\n","protected":false},"author":1,"featured_media":0,"parent":0,"menu_order":0,"comment_status":"closed","ping_status":"closed","template":"","meta":{"om_disable_all_campaigns":false,"_monsterinsights_skip_tracking":false,"_monsterinsights_sitenote_active":false,"_monsterinsights_sitenote_note":"","_monsterinsights_sitenote_category":0,"_uf_show_specific_survey":0,"_uf_disable_surveys":false,"__cvm_playback_settings":[],"__cvm_video_id":"","two_page_speed":[],"footnotes":""},"categories":[8,7,10,3,6,27],"tags":[35,22,20,21,43,15,32,14,17],"class_list":["post-280","page","type-page","status-publish","hentry","category-3d","category-biomeccanica","category-fisiologia","category-formazione","category-metodo-lionese","category-tecnici-ortopedici","tag-3d","tag-artbrace","tag-busto","tag-corsetto","tag-fisioterapia","tag-metodo-lionese","tag-palermo","tag-scoliosi","tag-sicilia"],"aioseo_notices":[],"_links":{"self":[{"href":"https:\/\/lyonmethod.fr\/pa\/wp-json\/wp\/v2\/pages\/280","targetHints":{"allow":["GET"]}}],"collection":[{"href":"https:\/\/lyonmethod.fr\/pa\/wp-json\/wp\/v2\/pages"}],"about":[{"href":"https:\/\/lyonmethod.fr\/pa\/wp-json\/wp\/v2\/types\/page"}],"author":[{"embeddable":true,"href":"https:\/\/lyonmethod.fr\/pa\/wp-json\/wp\/v2\/users\/1"}],"replies":[{"embeddable":true,"href":"https:\/\/lyonmethod.fr\/pa\/wp-json\/wp\/v2\/comments?post=280"}],"version-history":[{"count":7,"href":"https:\/\/lyonmethod.fr\/pa\/wp-json\/wp\/v2\/pages\/280\/revisions"}],"predecessor-version":[{"id":654,"href":"https:\/\/lyonmethod.fr\/pa\/wp-json\/wp\/v2\/pages\/280\/revisions\/654"}],"wp:attachment":[{"href":"https:\/\/lyonmethod.fr\/pa\/wp-json\/wp\/v2\/media?parent=280"}],"wp:term":[{"taxonomy":"category","embeddable":true,"href":"https:\/\/lyonmethod.fr\/pa\/wp-json\/wp\/v2\/categories?post=280"},{"taxonomy":"post_tag","embeddable":true,"href":"https:\/\/lyonmethod.fr\/pa\/wp-json\/wp\/v2\/tags?post=280"}],"curies":[{"name":"wp","href":"https:\/\/api.w.org\/{rel}","templated":true}]}}