{"id":214,"date":"2022-03-20T15:11:29","date_gmt":"2022-03-20T15:11:29","guid":{"rendered":"https:\/\/lyonmethod.fr\/wp\/?page_id=214"},"modified":"2022-05-20T12:38:23","modified_gmt":"2022-05-20T12:38:24","slug":"kinesis","status":"publish","type":"page","link":"https:\/\/lyonmethod.fr\/pa\/kinesis\/","title":{"rendered":"Kinesis"},"content":{"rendered":"\r\n\r\n\r\n\r\n\r\n\r\n\r\n<h1>The &#8220;Kinesis database&#8221;<\/h1>\r\n\r\n\r\n\r\n<p>La continuit\u00e0 del trattamento si basa sulla competenza bambino\/adulto dell&#8217;operatore e sull&#8217;uso di un database affidabile. Il nostro database &#8220;kinesis&#8221; \u00e8 stato creato nel 1998 nel nostro centro di Palermo dall&#8217;attuale responsabile informatico della regione Sicilia. \u00c8 il pi\u00f9 antico database di trattamenti non chirurgici con 20.000 pazienti e statistiche affidabili.<\/p>\r\n\r\n\r\n\r\n\r\n\r\n\r\n\r\n\r\n\r\n\r\n\r\n\r\n\r\n<p>In un&#8217;epoca in cui la posta veniva ancora dettata e inviata secondariamente al paziente, l&#8217;uso delle griglie permetteva la stampa diretta e la consegna del rapporto alla fine della consultazione.<\/p>\r\n\r\n\r\n\r\n\r\n\r\n\r\n\r\n\r\n\r\n\r\n\r\n\r\n\r\n<p>Una lettera di promemoria pu\u00f2 essere inviata automaticamente al paziente, che viene esaminato tutto allo stesso tempo secondo un protocollo preciso.<\/p>\r\n\r\n\r\n\r\n\r\n\r\n\r\n\r\n\r\n\r\n\r\n\r\n\r\n\r\n<p>In momenti chiave come la rimozione del busto, una griglia complementare \u00e8 utilizzata per riassumere l&#8217;intero trattamento.<\/p>\r\n\r\n\r\n\r\n\r\n\r\n\r\n\r\n\r\n\r\n\r\n\r\n\r\n\r\n<p>Questo database pu\u00f2 essere facilmente riconvertito in un file excel.<\/p>\r\n\r\n\r\n\r\n\r\n\r\n\r\n\r\n<p>&nbsp;<\/p>","protected":false},"excerpt":{"rendered":"<p>&nbsp;<\/p>\n","protected":false},"author":1,"featured_media":0,"parent":0,"menu_order":0,"comment_status":"closed","ping_status":"closed","template":"","meta":{"om_disable_all_campaigns":false,"_monsterinsights_skip_tracking":false,"_monsterinsights_sitenote_active":false,"_monsterinsights_sitenote_note":"","_monsterinsights_sitenote_category":0,"_uf_show_specific_survey":0,"_uf_disable_surveys":false,"__cvm_playback_settings":[],"__cvm_video_id":"","two_page_speed":[],"footnotes":""},"categories":[12],"tags":[],"class_list":["post-214","page","type-page","status-publish","hentry","category-database"],"aioseo_notices":[],"_links":{"self":[{"href":"https:\/\/lyonmethod.fr\/pa\/wp-json\/wp\/v2\/pages\/214","targetHints":{"allow":["GET"]}}],"collection":[{"href":"https:\/\/lyonmethod.fr\/pa\/wp-json\/wp\/v2\/pages"}],"about":[{"href":"https:\/\/lyonmethod.fr\/pa\/wp-json\/wp\/v2\/types\/page"}],"author":[{"embeddable":true,"href":"https:\/\/lyonmethod.fr\/pa\/wp-json\/wp\/v2\/users\/1"}],"replies":[{"embeddable":true,"href":"https:\/\/lyonmethod.fr\/pa\/wp-json\/wp\/v2\/comments?post=214"}],"version-history":[{"count":6,"href":"https:\/\/lyonmethod.fr\/pa\/wp-json\/wp\/v2\/pages\/214\/revisions"}],"predecessor-version":[{"id":643,"href":"https:\/\/lyonmethod.fr\/pa\/wp-json\/wp\/v2\/pages\/214\/revisions\/643"}],"wp:attachment":[{"href":"https:\/\/lyonmethod.fr\/pa\/wp-json\/wp\/v2\/media?parent=214"}],"wp:term":[{"taxonomy":"category","embeddable":true,"href":"https:\/\/lyonmethod.fr\/pa\/wp-json\/wp\/v2\/categories?post=214"},{"taxonomy":"post_tag","embeddable":true,"href":"https:\/\/lyonmethod.fr\/pa\/wp-json\/wp\/v2\/tags?post=214"}],"curies":[{"name":"wp","href":"https:\/\/api.w.org\/{rel}","templated":true}]}}