{"id":20,"date":"2022-03-05T15:50:35","date_gmt":"2022-03-05T15:50:35","guid":{"rendered":"https:\/\/lyonmethod.fr\/wp\/services\/"},"modified":"2022-04-22T12:51:11","modified_gmt":"2022-04-22T12:51:11","slug":"servizi","status":"publish","type":"page","link":"https:\/\/lyonmethod.fr\/pa\/servizi\/","title":{"rendered":"Servizi"},"content":{"rendered":"\n\n\n<h2>Informazioni<\/h2>\n\n\n\n\n<h4>Centro Europeo della colonna vertebrale<\/h4>\n<h2>Informazioni<\/h2>\n\n\n<p>Dedicato esclusivamente alle deviazioni vertebrali nei bambini e negli adulti. Portate con voi tutte le vostre radiografie. Nel caso di un CD, \u00e8 necessario fare una copia cartacea, poich\u00e9 la misurazione sullo schermo del computer \u00e8 meno precisa.<\/p>\n\n\n<p>La scansione necessaria per produrre il gesso digitale viene effettuata presso il Centro Roga di Enna dal medico e dall&#8217;ortoprotesista che produrr\u00e0 l&#8217;ARTbrace.<\/p>\n\n\n<p>Il Metodo Lionese, il pi\u00f9 antico dei metodi convalidati, \u00e8 stato sviluppato negli ultimi 50 anni da Jean Claude de Mauroy integrando gli ultimi progressi scientifici.<\/p>\n\n\n\n\n<p>L&#8217;ultimo libro sul metodo Lyon \u00e8 stato aggiornato nel 2019 da Jean Claude de Mauroy durante la formazione alla Columbia University di New York.<\/p>\n\n\n<p>La certificazione online \u00e8 destinata ai professionisti della salute e permette loro di acquisire in 4-6 mesi tutte le conoscenze necessarie per la gestione dei pazienti scoliotici.<\/p>\n\n\n<p>Negli ultimi 25 anni, la traumatologia negli ospedali \u00e8 stata frammentata in pediatrica e adulta. La scoliosi richiede che il trattamento effettuato nell&#8217;adolescenza sia seguito dallo stesso medico in et\u00e0 adulta sulla stessa cartella clinica.<\/p>\n\n\n\n\n\n\n<h4>CECV &#8211; Sicilia<\/h4>\n<h3>Una piattaforma tecnica unica a Enna<\/h3>\n<p>Il Centro Roga di Enna ospita i laboratori di fabbricazione dei corsetti, il sistema CAD\/CAM, con un scanner a 4 colonne, un ambulatorio medico e una piattaforma di fisioterapia.<\/p>\n\n\n\n\n\n","protected":false},"excerpt":{"rendered":"","protected":false},"author":1,"featured_media":0,"parent":0,"menu_order":0,"comment_status":"closed","ping_status":"closed","template":"","meta":{"om_disable_all_campaigns":false,"_monsterinsights_skip_tracking":false,"_monsterinsights_sitenote_active":false,"_monsterinsights_sitenote_note":"","_monsterinsights_sitenote_category":0,"_uf_show_specific_survey":0,"_uf_disable_surveys":false,"__cvm_playback_settings":[],"__cvm_video_id":"","two_page_speed":[],"footnotes":""},"categories":[4],"tags":[],"class_list":["post-20","page","type-page","status-publish","hentry","category-informazioni"],"aioseo_notices":[],"_links":{"self":[{"href":"https:\/\/lyonmethod.fr\/pa\/wp-json\/wp\/v2\/pages\/20","targetHints":{"allow":["GET"]}}],"collection":[{"href":"https:\/\/lyonmethod.fr\/pa\/wp-json\/wp\/v2\/pages"}],"about":[{"href":"https:\/\/lyonmethod.fr\/pa\/wp-json\/wp\/v2\/types\/page"}],"author":[{"embeddable":true,"href":"https:\/\/lyonmethod.fr\/pa\/wp-json\/wp\/v2\/users\/1"}],"replies":[{"embeddable":true,"href":"https:\/\/lyonmethod.fr\/pa\/wp-json\/wp\/v2\/comments?post=20"}],"version-history":[{"count":27,"href":"https:\/\/lyonmethod.fr\/pa\/wp-json\/wp\/v2\/pages\/20\/revisions"}],"predecessor-version":[{"id":534,"href":"https:\/\/lyonmethod.fr\/pa\/wp-json\/wp\/v2\/pages\/20\/revisions\/534"}],"wp:attachment":[{"href":"https:\/\/lyonmethod.fr\/pa\/wp-json\/wp\/v2\/media?parent=20"}],"wp:term":[{"taxonomy":"category","embeddable":true,"href":"https:\/\/lyonmethod.fr\/pa\/wp-json\/wp\/v2\/categories?post=20"},{"taxonomy":"post_tag","embeddable":true,"href":"https:\/\/lyonmethod.fr\/pa\/wp-json\/wp\/v2\/tags?post=20"}],"curies":[{"name":"wp","href":"https:\/\/api.w.org\/{rel}","templated":true}]}}