{"id":1325,"date":"2024-04-21T08:46:02","date_gmt":"2024-04-21T08:46:02","guid":{"rendered":"https:\/\/lyonmethod.fr\/pa\/?page_id=1325"},"modified":"2024-08-20T08:07:49","modified_gmt":"2024-08-20T08:07:49","slug":"i-segreti-dei-12-esercizi-di-base","status":"publish","type":"page","link":"https:\/\/lyonmethod.fr\/pa\/i-segreti-dei-12-esercizi-di-base\/","title":{"rendered":"I segreti dei 12 esercizi di base"},"content":{"rendered":"\r\n\r\n\r\n\r\n\r\n\r\n\r\n\r\n\r\n<p>Il metodo lionese di trattamento non chirurgico della deformit\u00e0 spinale si \u00e8 evoluto nel corso di 200 anni, con la scoperta del sistema posturale extrapiramidale e il miglioramento della biomeccanica della correzione della deviazione. Per facilitare la formazione dei fisioterapisti, i 12 esercizi di base, frutto di un consenso tra i principali centri francofoni per il trattamento della scoliosi, serviranno come base per l&#8217;insegnamento nelle scuole di fisioterapia. Sono tanto pi\u00f9 utili in quanto il trattamento diventa sempre pi\u00f9 ambulatoriale e vicino ai pazienti.<\/p>\r\n\r\n\r\n\r\n\r\n\r\n<p>La prima edizione risale al 1978 ed \u00e8 stata presentata a Lione durante le &#8220;Giornate della scoliosi&#8221;, che hanno riunito oltre 1000 partecipanti da tutta Europa. Sebbene siano state fornite numerose indicazioni relative all&#8217;indicazione, alla modalit\u00e0, all&#8217;intensit\u00e0 e alla durata degli esercizi, non sono state trattate tutte le caratteristiche di questi esercizi.<\/p>\r\n\r\n\r\n\r\n\r\n\r\n<p>Esistono infatti diversi modi di leggere questi esercizi e, un po&#8217; come i filtri di una macchina fotografica, possiamo studiarne le diverse sfaccettature: anatomiche, funzionali, neurofisiologiche, biomeccaniche&#8230; Hanno anche una dimensione di progressione temporale.<\/p>\r\n\r\n\r\n\r\n\r\n\r\n<p>Il numero di 12 esercizi non \u00e8 casuale e un&#8217;introduzione matematica \u00e8 il primo passo. Il numero 12 era molto usato nel Medioevo, in quanto facilitava il conteggio indicando con il pollice le falangi delle altre 4 dita. Risulta anche dalla divisione dell&#8217;anno terrestre per le 12 lunazioni.<\/p>\r\n\r\n\r\n\r\n\r\n\r\n<p>Il 12 \u00e8 un numero simbolico, in quanto \u00e8 uno dei due numeri sublimi. Un numero sublime \u00e8 un numero naturale i cui divisori e la cui somma di divisori sono entrambi numeri perfetti<\/p>\r\n<p>\u00a0i suoi divisori (1, 2, 3, 4, 6 e 12) sono 6, cio\u00e8 perfetti;<\/p>\r\n<p>\u00a0anche la loro somma, 28, \u00e8 un numero perfetto.<\/p>\r\n\r\n\r\n\r\n\r\n\r\n<p>Un numero perfetto \u00e8 un numero naturale pari alla met\u00e0 della somma dei suoi divisori. Questa perfezione matematica facilita l&#8217;adattamento degli esercizi a ciascun paziente.<\/p>\r\n\r\n\r\n\r\n\r\n\r\n<p>Il primo approccio \u00e8 di tipo anatomico. Ogni esercizio si rivolge a una particolare struttura del nostro corpo che verr\u00e0 utilizzata per correggere la deviazione.<\/p>\r\n\r\n\r\n\r\n\r\n\r\n<p>Il primo esercizio consiste nel prendere coscienza della deformazione, che coinvolge il sistema dei neuroni specchio. Essi sono alla base dell&#8217;apprendimento per imitazione. Questo \u00e8 anche il primo contatto tra paziente e fisioterapista, e questi neuroni svolgono un ruolo nell&#8217;empatia.<\/p>\r\n\r\n\r\n\r\n\r\n\r\n<p>Il secondo esercizio prevede lo stiramento delle fasce posteriori della colonna vertebrale, che costituiscono un&#8217;architettura strutturale fondamentale e sono asimmetriche nella scoliosi. Si incrociano alla giunzione toraco-lombare e sono senza dubbio all&#8217;origine della scoliosi toraco-lombare.<\/p>\r\n\r\n\r\n\r\n\r\n\r\n<p>Il terzo esercizio coinvolge i legamenti del piano sagittale. La loro tensione \u00e8 alterata nella scoliosi e ci\u00f2 altera la loro funzione propriocettiva.<\/p>\r\n\r\n\r\n\r\n\r\n\r\n<p>Il quarto esercizio riguarda le articolazioni costo-vertebrali, che svolgono un ruolo fondamentale nella respirazione. La loro funzione \u00e8 compromessa nella scoliosi. Una buona mobilit\u00e0 \u00e8 essenziale per il metabolismo aerobico.<\/p>\r\n\r\n\r\n\r\n\r\n\r\n<p>Il quinto esercizio riguarda la cerniera lombopelvica, soprattutto nei casi di inclinazione di L4. L&#8217;anomalia strutturale della cerniera lombosacrale \u00e8 un prerequisito essenziale per la correzione della scoliosi.<\/p>\r\n\r\n\r\n\r\n\r\n\r\n<p>Il sesto esercizio riguarda il cingolo scapolare e gli elementi ossei che sovrastano la deviazione vertebrale. Gli squilibri della spalla sono comuni nella scoliosi e vengono corretti in modo che il cingolo scapolare costituisca la base indeformabile dell&#8217;iperboloide toracico.<\/p>\r\n\r\n\r\n\r\n\r\n\r\n<p>Il settimo esercizio riguarda la regione lombare. La correzione specifica tiene conto dell&#8217;orientamento sagittale delle faccette posteriori.<\/p>\r\n\r\n\r\n\r\n\r\n\r\n<p>L&#8217;ottavo esercizio riguarda la regione toracica. La deviazione vertebrale \u00e8 influenzata dall&#8217;iperboloide toracico.<\/p>\r\n\r\n\r\n\r\n\r\n\r\n<p>Il nono esercizio \u00e8 il pi\u00f9 caratteristico del metodo lionese. Coinvolge tutto il corpo allineato verticalmente lungo la linea di gravit\u00e0.<\/p>\r\n\r\n\r\n\r\n\r\n\r\n<p>Il decimo esercizio, noto come esercizio del razzo, prevede l&#8217;autoelevazione del cingolo scapolare.<\/p>\r\n<p>Da 90\u00b0 a 150\u00b0: il fascicolo superiore del trapezio si contrae per accorciarsi con una contrazione concentrica.<\/p>\r\n<p>Il serrato maggiore, abduttore della scapola, lavora in contrazione concentrica.<\/p>\r\n<p>Il deltoide anteriore, il bicipite lungo e il coracobrachiale continuano la loro contrazione concentrica.<\/p>\r\n<p>Tra 150\u00b0 e 180\u00b0: entrano in azione i muscoli dorsali, come il latissimus dorsi, che estende la colonna vertebrale toraco-lombare.<\/p>\r\n<p>\u00a0dorsolombare e il trapezio, che estende la colonna cervico-dorsale.<\/p>\r\n\r\n\r\n\r\n\r\n\r\n<p>L&#8217;undicesimo esercizio coinvolge l&#8217;intera colonna vertebrale, gli arti inferiori e superiori, ma in modalit\u00e0 dinamica con instabilit\u00e0 podale,<\/p>\r\n\r\n\r\n\r\n\r\n\r\n<p>Il dodicesimo esercizio prevede il rafforzamento dei muscoli paravertebrali. I muscoli centrali sono i muscoli addominali, il pavimento pelvico, il diaframma e gli estensori spinali.<\/p>\r\n\r\n\r\n\r\n\r\n\r\n<p>Ogni struttura anatomica viene utilizzata in modo funzionale.<\/p>\r\n\r\n\r\n\r\n\r\n\r\n<p>I neuroni specchio si attivano vedendo i nostri stessi difetti. Idealmente, il fisioterapista dovrebbe mimare la correzione desiderata. Pu\u00f2 anche utilizzare una correzione manuale esterna per consentire al paziente di vedere la correzione che viene effettuata.<\/p>\r\n\r\n\r\n\r\n\r\n\r\n<p>Il sistema autonomo che gestisce la vasodilatazione viene stimolato dall&#8217;allungamento della fascia. \u00c8 l&#8217;equivalente del riscaldamento prima di praticare uno sport.<\/p>\r\n\r\n\r\n\r\n\r\n\r\n<p>La mobilizzazione passiva delle strutture legamentose mediali stimola i recettori propriocettivi della pelle lungo la linea delle spinose. Quando si indossa un corsetto lionese, questi recettori sono meno stimolati a causa della barra posteriore.<\/p>\r\n\r\n\r\n\r\n\r\n\r\n<p>I legami tra la colonna vertebrale e la respirazione sono molto stretti. Il diaframma fa parte della linea frontale profonda. Durante l&#8217;inspirazione, le curvature sagittali si riducono, mentre aumentano durante l&#8217;espirazione. Questo \u00e8 uno dei motivi per cui il metodo lionese enfatizza l&#8217;espirazione.<\/p>\r\n\r\n\r\n\r\n\r\n\r\n<p>L&#8217;apertura dell&#8217;angolo iliolombare consente di orizzontalizzare L4 e di eliminare la partenza obliqua.<\/p>\r\n\r\n\r\n\r\n\r\n\r\n<p>La mobilizzazione attiva del cingolo scapolare \u00e8 essenziale per la dissociazione dei cingoli alla base della camminata e della corsa.<\/p>\r\n\r\n\r\n\r\n\r\n\r\n<p>Per la colonna lombare, la correzione 3D viene eseguita sul piano sagittale in lordosi fisiologica e in traslazione o spostamento sul piano frontale. La derotazione sul piano orizzontale \u00e8 automatica tramite movimenti accoppiati.<\/p>\r\n\r\n\r\n\r\n\r\n\r\n<p>Per la colonna vertebrale toracica, la correzione 3D viene eseguita sul piano sagittale in cifosi fisiologica e in flessione o piegamento sul piano frontale. La derotazione sul piano orizzontale \u00e8 automatica tramite movimenti accoppiati.<\/p>\r\n\r\n\r\n\r\n\r\n\r\n<p>Il &#8220;grand porter&#8221; \u00e8 un esercizio globale. Il sacchetto di sabbia piccolo sulla testa stimola l&#8217;equilibrio e introduce una leggera resistenza all&#8217;azione muscolare. Come nell&#8217;esercizio 1, si utilizza lo specchio per controllare la posizione corretta dinamicamente.<\/p>\r\n\r\n\r\n\r\n\r\n\r\n<p>I recettori propriocettivi sono sensibili all&#8217;allungamento e vengono stimolati dall&#8217;esercizio con il razzo. L&#8217;obiettivo \u00e8 mantenere la correzione sul piano frontale in una situazione di leggero squilibrio dovuto all&#8217;instabilit\u00e0 del bacino in posizione seduta.<\/p>\r\n\r\n\r\n\r\n\r\n\r\n<p>In posizione eretta, l&#8217;equilibrio sar\u00e0 stimolato dall&#8217;instabilit\u00e0 del piede. L&#8217;esercizio pu\u00f2 essere eseguito in una catena cinetica chiusa stabilizzando manualmente gli arti superiori, oppure in una catena cinetica aperta a casa.<\/p>\r\n\r\n\r\n\r\n\r\n\r\n<p>La deviazione vertebrale richiede un rafforzamento complessivo della muscolatura piramidale ed extrapiramidale.<\/p>\r\n\r\n\r\n\r\n\r\n\r\n<p>La scoliosi idiopatica \u00e8 spesso associata a un ritardo nella maturazione del sistema posturale (NOTOM). Il terzo filtro neurofisiologico \u00e8 caratteristico del metodo lionese, che mira a stimolare il sistema posturale.<\/p>\r\n\r\n\r\n\r\n\r\n\r\n<p>Lo specchio \u00e8 ampiamente utilizzato nella riabilitazione della scoliosi, cos\u00ec come \u00e8 indispensabile nella pratica della danza. Si pu\u00f2 vedere la schiena mantenendo lo sguardo orizzontale. Facilita la percezione spaziale. L&#8217;inversione della lateralit\u00e0 pu\u00f2 essere stimolante nel contesto della scoliosi. Questo esercizio stimola il tratto tectospinale del sistema posturale extrapiramidale.<\/p>\r\n\r\n\r\n\r\n\r\n\r\n<p>Lo stretching elimina le tossine e l&#8217;acido lattico accumulati con l&#8217;inattivit\u00e0. \u00c8 un risveglio muscolare indispensabile per continuare a fare esercizio.<\/p>\r\n\r\n\r\n\r\n\r\n\r\n<p>La stimolazione propriocettiva della pelle coinvolge i corpuscoli Ruffini e Pacini, molto numerosi nella linea mediana.\u00a0<\/p>\r\n\r\n\r\n\r\n\r\n\r\n<p>L&#8217;accoppiamento vertebro-polmonare \u00e8 fondamentale quando i bambini imparano a nuotare e poi quando fanno sport. La mobilit\u00e0 di ogni segmento \u00e8 essenziale per la tensegrit\u00e0 vertebrale, in particolare all&#8217;apice della scoliosi.<\/p>\r\n\r\n\r\n\r\n\r\n\r\n<p>Il riallineamento della colonna vertebrale lombopelvica con tensione simmetrica dei legamenti iliolombari non dipende dalla placca di crescita e pu\u00f2 essere ottenuto a qualsiasi et\u00e0 utilizzando l&#8217;apertura dell&#8217;angolo iliolombare e del piatto iliaco del corsetto.<\/p>\r\n\r\n\r\n\r\n\r\n\r\n<p>Lo squilibrio del cingolo scapolare \u00e8 spesso un meccanismo di compensazione della scoliosi. Il principio del metodo lionese, a differenza del metodo Schroth, \u00e8 quello di mantenere i recettori dei cinti, il rachide cervicale e la testa nell&#8217;asse vertebrale. In altre parole, i canali semicircolari e lo sguardo si trovano su un piano orizzontale. La scoliosi viene quindi corretta sotto il cingolo scapolare utilizzando il corsetto.<\/p>\r\n\r\n\r\n\r\n\r\n\r\n<p>Una volta stabilizzate le cinture, saranno i recettori muscolari ai lati dell&#8217;asse vertebrale a essere chiamati in causa, tanto pi\u00f9 che la correzione della curvatura sar\u00e0 significativa.<\/p>\r\n\r\n\r\n\r\n\r\n\r\n<p>Gli ultimi 4 esercizi coinvolgeranno specificamente i 4 tratti del sistema extrapiramidale.<\/p>\r\n\r\n\r\n\r\n\r\n\r\n<p>Allo stesso tempo, c&#8217;\u00e8 una progressione cognitiva. Il primo esercizio coinvolge la gnosi visiva, uditiva e digitale. Il fisioterapista deve parlare e toccare il paziente, correggendolo. Gli esercizi da 2 a 5 stimolano i recettori della percezione cutanea. I meccanismi di percezione sono un insieme di operazioni effettuate dal cervello sui segnali che i nostri recettori sensoriali captano dall&#8217;ambiente. Le informazioni fornite da questi segnali biologici vengono utilizzate in modo pi\u00f9 o meno automatico per regolare il comportamento motorio (ad esempio, la locomozione).<\/p>\r\n\r\n\r\n\r\n\r\n\r\n<p>Gli esercizi da 6 a 11 stimolano la prassi, cio\u00e8 tutte le funzioni coinvolte nella coordinazione e nell&#8217;adattamento dei movimenti volontari di base, con l&#8217;obiettivo di correggere la scoliosi in successione, analiticamente regione per regione, poi globalmente, mantenendo la posizione corretta in una situazione di squilibrio. Il dodicesimo esercizio rafforza la prassi correttiva della deviazione in tutte le situazioni della vita quotidiana.<\/p>\r\n\r\n\r\n\r\n\r\n\r\n<p>Il metodo lionese \u00e8 l&#8217;unico a combinare un corsetto specifico con la fisioterapia. I 12 esercizi utilizzano gli stessi principi biomeccanici per correggere la scoliosi.<\/p>\r\n\r\n\r\n\r\n\r\n\r\n<p>Poich\u00e9 la realt\u00e0 virtuale pu\u00f2 migliorare le prestazioni sportive, questa prima fase della fisioterapia consente al cervello di integrare la posizione corretta. La correzione sar\u00e0 effettuata secondo i principi della detorsione globale.<\/p>\r\n\r\n\r\n\r\n\r\n\r\n<p>Lo stretching viene utilizzato in molti modi. Lo stretching ha molti benefici, tra cui l&#8217;aumento della mobilit\u00e0 articolare e il miglioramento delle condizioni di muscoli, tendini, legamenti e tessuto connettivo.<\/p>\r\n<p>Migliora il tono posturale e combatte il mal di schiena cronico. Previene strappi, distorsioni e lacerazioni muscolari. Lo stretching \u00e8 antistress. Migliora la coordinazione.<\/p>\r\n\r\n\r\n\r\n\r\n\r\n<p>La scoliosi \u00e8 accompagnata da rigidit\u00e0 apicale con miniblocchi e ipermobilit\u00e0 alle estremit\u00e0 della curvatura. La simmetria delle tensioni \u00e8 quindi necessaria per ottenere la massima tensegrit\u00e0, un po&#8217; come l&#8217;olio negli ingranaggi vertebrali.<\/p>\r\n\r\n\r\n\r\n\r\n\r\n<p>Qualsiasi costruzione richiede una base orizzontale stabile. Correggere la scoliosi mantenendo la partenza obliqua sbilancia l&#8217;asse occipitale sulla linea di gravit\u00e0.<\/p>\r\n\r\n\r\n\r\n\r\n\r\n<p>La particolarit\u00e0 del metodo lionese \u00e8 la torsione meccanica della regione lombare mediante movimenti accoppiati nei piani sagittale e frontale. A differenza del corsetto Ch\u00eaneau, non c&#8217;\u00e8 espansione nella concavit\u00e0. Quando i tessuti molli vengono a contatto con la parete della concavit\u00e0, possono solo muoversi verso l&#8217;alto. Questo \u00e8 l&#8217;effetto push-up.\u00a0<\/p>\r\n\r\n\r\n\r\n\r\n\r\n<p>A livello toracico, la flessione viene eseguita mantenendo il cingolo scapolare orizzontale e centrato sulla linea di gravit\u00e0. La torsione apicale meccanica viene eseguita solo tra due punti fissi.<\/p>\r\n\r\n\r\n\r\n\r\n\r\n<p>A livello toracico, la flessione viene eseguita mantenendo il cingolo scapolare orizzontale e centrato sulla linea di gravit\u00e0. La torsione apicale meccanica viene eseguita solo tra due punti fissi.<\/p>\r\n\r\n\r\n\r\n\r\n\r\n<p>Queste correzioni vengono mantenute prima staticamente, poi dinamicamente aumentando gradualmente lo squilibrio e rafforzando le strutture di supporto.<\/p>\r\n\r\n\r\n\r\n\r\n\r\n<p>La gravit\u00e0 \u00e8 un elemento fondamentale della biomeccanica e dell&#8217;epigenetica. Mentre la consapevolezza viene acquisita in posizione eretta, i 4 esercizi seguenti vengono eseguiti da sdraiati sul lettino da visita e poi sul pavimento in posizione quadrupedale come il Klapp.\u00a0<\/p>\r\n\r\n\r\n\r\n\r\n\r\n<p>In posizione seduta, la colonna vertebrale \u00e8 verticale e in equilibrio isostatico sul piano sagittale. La posizione seduta sar\u00e0 modificata, stabile e poi instabile.<\/p>\r\n\r\n\r\n\r\n\r\n\r\n<p>Gli esercizi da 9 a 12 vengono eseguiti in posizione eretta instabile. L&#8217;instabilit\u00e0 sar\u00e0 podale o pelvica su una palla svizzera. Il recupero muscolare dell&#8217;esercizio 12 sar\u00e0 eseguito in tutte le posizioni, in una catena cinetica chiusa e poi aperta.<\/p>\r\n\r\n\r\n\r\n\r\n\r\n<p>Con l&#8217;avanzare del trattamento, si verifica una progressione temporale che di solito coinvolge la quarta dimensione. Dopo aver preso coscienza della deviazione, la colonna vertebrale viene resa complessivamente pi\u00f9 flessibile. Le correzioni vengono poi effettuate verso l&#8217;alto, dalla cerniera lombosacrale alla regione toracica. Se l&#8217;angolazione supera i 20\u00b0, si applica il corsetto per facilitare il mantenimento della posizione corretta. Questa posizione corretta deve essere mantenuta in una posizione instabile, il che richiede un rafforzamento specifico dei muscoli assiali.<\/p>\r\n\r\n\r\n\r\n\r\n\r\n<p>In conclusione, i 12 esercizi di base del metodo lionese coprono da soli la maggior parte delle componenti della fisioterapia della scoliosi in una progressione logica. Tutti gli esercizi sono eseguiti a metabolismo aerobico con bassa resistenza in sessioni individuali di 35 minuti + 5 minuti di back school. La ripetizione quotidiana di un esercizio domestico di 10 minuti migliora l&#8217;efficienza epigenetica. Si tiene conto anche di tutte le altre componenti epigenetiche: idratazione e alimentazione, incanalando la pratica sportiva. Il paziente deve godere dell&#8217;esercizio fisico, che rilassa il corpo e la mente. Il collegamento in rete \u00e8 facilitato dal supporto online del metodo lionese.<\/p>\r\n\r\n\r\n\r\n<p>&nbsp;<\/p>","protected":false},"excerpt":{"rendered":"<p>&nbsp;<\/p>\n","protected":false},"author":1,"featured_media":0,"parent":0,"menu_order":0,"comment_status":"closed","ping_status":"closed","template":"","meta":{"om_disable_all_campaigns":false,"_monsterinsights_skip_tracking":false,"_monsterinsights_sitenote_active":false,"_monsterinsights_sitenote_note":"","_monsterinsights_sitenote_category":0,"_uf_show_specific_survey":0,"_uf_disable_surveys":false,"__cvm_playback_settings":[],"__cvm_video_id":"","two_page_speed":[],"footnotes":""},"categories":[23,6],"tags":[43,15,32,14,17],"class_list":["post-1325","page","type-page","status-publish","hentry","category-fisioterapia","category-metodo-lionese","tag-fisioterapia","tag-metodo-lionese","tag-palermo","tag-scoliosi","tag-sicilia"],"aioseo_notices":[],"_links":{"self":[{"href":"https:\/\/lyonmethod.fr\/pa\/wp-json\/wp\/v2\/pages\/1325","targetHints":{"allow":["GET"]}}],"collection":[{"href":"https:\/\/lyonmethod.fr\/pa\/wp-json\/wp\/v2\/pages"}],"about":[{"href":"https:\/\/lyonmethod.fr\/pa\/wp-json\/wp\/v2\/types\/page"}],"author":[{"embeddable":true,"href":"https:\/\/lyonmethod.fr\/pa\/wp-json\/wp\/v2\/users\/1"}],"replies":[{"embeddable":true,"href":"https:\/\/lyonmethod.fr\/pa\/wp-json\/wp\/v2\/comments?post=1325"}],"version-history":[{"count":16,"href":"https:\/\/lyonmethod.fr\/pa\/wp-json\/wp\/v2\/pages\/1325\/revisions"}],"predecessor-version":[{"id":1412,"href":"https:\/\/lyonmethod.fr\/pa\/wp-json\/wp\/v2\/pages\/1325\/revisions\/1412"}],"wp:attachment":[{"href":"https:\/\/lyonmethod.fr\/pa\/wp-json\/wp\/v2\/media?parent=1325"}],"wp:term":[{"taxonomy":"category","embeddable":true,"href":"https:\/\/lyonmethod.fr\/pa\/wp-json\/wp\/v2\/categories?post=1325"},{"taxonomy":"post_tag","embeddable":true,"href":"https:\/\/lyonmethod.fr\/pa\/wp-json\/wp\/v2\/tags?post=1325"}],"curies":[{"name":"wp","href":"https:\/\/api.w.org\/{rel}","templated":true}]}}