{"id":1312,"date":"2023-07-04T07:57:49","date_gmt":"2023-07-04T07:57:49","guid":{"rendered":"https:\/\/lyonmethod.fr\/pa\/?page_id=1312"},"modified":"2024-08-20T07:22:00","modified_gmt":"2024-08-20T07:22:00","slug":"21-concetti-originale-del-metodo-lionese","status":"publish","type":"page","link":"https:\/\/lyonmethod.fr\/pa\/21-concetti-originale-del-metodo-lionese\/","title":{"rendered":"21 concetti originale del metodo lionese"},"content":{"rendered":"\r\n\r\n\r\n\r\n\r\n<div class=\"p-kbu701 pagelayer-post_props pagelayer-ele\">\u00a0<\/div>\r\n<p>&nbsp;<\/p>\r\n<div class=\"p-vrg6585 pagelayer-row pagelayer-row-stretch-auto pagelayer-height-default pagelayer-ele\"><style pagelayer-style-id=\"vrg6585\">.p-vrg6585 .pagelayer-col-holder{padding: 10px}\r\n.p-vrg6585 > .pagelayer-background-overlay{-webkit-transition: all 400ms !important; transition: all 400ms !important}\r\n.p-vrg6585 .pagelayer-svg-top .pagelayer-shape-fill{fill:#227bc3}\r\n.p-vrg6585 .pagelayer-row-svg .pagelayer-svg-top{width:100%;height:100px}\r\n.p-vrg6585 .pagelayer-svg-bottom .pagelayer-shape-fill{fill:#e44993}\r\n.p-vrg6585 .pagelayer-row-svg .pagelayer-svg-bottom{width:100%;height:100px}\r\n<\/style>\r\n<div class=\"pagelayer-row-holder pagelayer-row pagelayer-auto pagelayer-width-auto\">\r\n<div class=\"p-jm64651 pagelayer-col pagelayer-ele\"><style pagelayer-style-id=\"jm64651\">.p-jm64651 > .pagelayer-background-overlay{-webkit-transition: all 400ms !important; transition: all 400ms !important}\r\n<\/style>\r\n<div class=\"pagelayer-col-holder\">\r\n<div class=\"p-jiw4240 pagelayer-text pagelayer-ele\">\r\n<div class=\"pagelayer-text-holder\">\r\n<h2 style=\"text-align: justify;\">I 21 concetti originali del Metodo lionese<\/h2>\r\n<p style=\"text-align: justify;\">Il Metodo lionese comprende una serie di concetti originali che formano un insieme coerente per il trattamento conservativo della scoliosi. Abbiamo raccolto le 21 caratteristiche pi\u00f9 importanti.<\/p>\r\n<h3 style=\"text-align: justify;\">1. Accoppiamento esercisi e corsetto<\/h3>\r\n<p style=\"text-align: justify;\">Fin dai <a href=\"https:\/\/lyonmethod.fr\/ba\/storia-del-metodo-lionese\/\">primi tempi del Metodo lionese<\/a>, gli esercizi ginnici venivano combinati con corsetti per correggere la deviazione. All&#8217;inizio del XX secolo, il gesso ha sostituito la maggior parte degli apparecchi correttivi<\/p>\r\n<p style=\"text-align: justify;\">&lt;\/p\u00a0style=&#8221;text-align:&gt;<\/p>\r\n<\/div>\r\n<\/div>\r\n<div class=\"p-rqq4120 pagelayer-text pagelayer-ele\">\r\n<div class=\"pagelayer-text-holder\">\r\n<p><img loading=\"lazy\" decoding=\"async\" class=\"alignnone\" src=\"https:\/\/lyonmethod.fr\/img\/C21\/Slide2.JPG\" alt=\"Accoppiamento esercisi e corsetto - I 21 concetti originali del Metodo lionese\" width=\"960\" height=\"720\" \/><\/p>\r\n<h3 style=\"text-align: justify;\">2. Deformazione plastica<\/h3>\r\n<p style=\"text-align: justify;\">Oggi il gesso \u00e8 stato sostituito da ARTbrace 24\/24 a tempo pieno, la cui elevata resistenza consente una correzione superiore a quella del gesso. Questa correzione massima della curvatura rimane uno dei modi migliori per ottenere una <a href=\"https:\/\/lyonmethod.fr\/ba\/deformazione-plastica\/\">deformazione plastica<\/a> dei legamenti paravertebrali e ripristinare la tensegrit\u00e0. La deformazione plastica dei tessuti molli consente anche il trattamento conservativo della scoliosi dopo Risser 2 e in et\u00e0 adulta<\/p>\r\n<p style=\"text-align: justify;\">\u00a0<\/p>\r\n<\/div>\r\n<\/div>\r\n<div class=\"p-wd86765 pagelayer-text pagelayer-ele\">\r\n<div class=\"pagelayer-text-holder\">\r\n<p style=\"text-align: justify;\"><img loading=\"lazy\" decoding=\"async\" class=\"alignnone\" src=\"https:\/\/lyonmethod.fr\/img\/C21\/Slide3.JPG\" alt=\"Deformazione plastica-I 21 concetti originali del Metodo lionese\" width=\"960\" height=\"720\" \/><\/p>\r\n<h3 style=\"text-align: justify;\">3. Equilibrio isostatico nel piano sagittale<\/h3>\r\n<p style=\"text-align: justify;\">Per molti anni, la scoliosi \u00e8 stata considerata solo sulle radiografie frontali. Negli anni &#8217;80, la scuola francese ha pubblicato i primi studi di mofotologia sul piano sagittale e ha sottolineato il ruolo fondamentale dell&#8217;incidenza lombopelvica sulle altre curvature sagittali della colonna vertebrale. Le correlazioni con l&#8217;incidenza pelvica hanno portato all&#8217;equilibrio isostatico sagittale e all&#8217;uso del sagittalometro. La linea verticale rossa definisce l&#8217;equilibrio isostatico sagittale in funzione dell&#8217;incidenza pelvica. Questo equilibrio isostatico determina la fisioterapia e la correzione 3D con movimenti accoppiati<\/p>\r\n<p style=\"text-align: justify;\">\u00a0<\/p>\r\n<\/div>\r\n<\/div>\r\n<div class=\"p-r1s5583 pagelayer-text pagelayer-ele\">\r\n<div class=\"pagelayer-text-holder\">\r\n<p style=\"text-align: justify;\"><img loading=\"lazy\" decoding=\"async\" class=\"alignnone\" src=\"https:\/\/lyonmethod.fr\/img\/C21\/Slide4.JPG\" alt=\"Equilibrio isostatico nel piano sagittale - I 21 concetti originali del Metodo lionese\" width=\"960\" height=\"720\" \/><\/p>\r\n<h3 style=\"text-align: justify;\">4. Stimolazione del sistema posturale<\/h3>\r\n<p style=\"text-align: justify;\">Dal punto di vista empirico, la fisioterapia del Metodo lionese si \u00e8 sempre basata sul sistema posturale, secondo gli esperimenti di Jean Pierre Flourens sul piccione scoliotico. I lavori scientifici che confermano un disturbo del sistema posturale risalgono a Sahlstrand e Nachemson. Burwell ha poi sviluppato la tempistica di maturazione neuro-ossea (NOTOM), secondo la quale la maturazione dei meccanismi posturali termina all&#8217;et\u00e0 di 12 anni sia nei ragazzi che nelle ragazze, che iniziano quindi il loro scatto di crescita prima che il sistema posturale sia completamente maturato, il che spiegherebbe la minore frequenza di scoliosi nei ragazzi, che iniziano il loro scatto di crescita puberale dopo la maturazione del sistema posturale<\/p>\r\n<p style=\"text-align: justify;\">\u00a0<\/p>\r\n<\/div>\r\n<\/div>\r\n<div class=\"p-54f3768 pagelayer-text pagelayer-ele\">\r\n<div class=\"pagelayer-text-holder\">\r\n<p style=\"text-align: justify;\"><img loading=\"lazy\" decoding=\"async\" class=\"alignnone\" src=\"https:\/\/lyonmethod.fr\/img\/C21\/Slide5.JPG\" alt=\"Stimolazione del sistema posturale -I 21 concetti originali del Metodo lionese\" width=\"960\" height=\"720\" \/><\/p>\r\n<h3 style=\"text-align: justify;\">5. I 4 tratti del sistema extrapiramidale<\/h3>\r\n<p style=\"text-align: justify;\">Il tratto reticolospinale gestisce l&#8217;equilibrio statico in posizione eretta. Il tratto vestibolospinale gestisce i piccoli squilibri intorno al cono di equilibrio definito da Dubousset. Il tratto reticolospinale gestisce gli squilibri pi\u00f9 grandi sull&#8217;orlo di una caduta. Il tratto tectospinale coinvolge gli occhi e l&#8217;arto superiore, il che spiega l&#8217;uso dello specchio ortopedico nella fisioterapia della scoliosi. Gli esercizi di base del Metodo lionese stimolano le 4 vie del sistema extrapiramidale<\/p>\r\n<p style=\"text-align: justify;\">\u00a0<\/p>\r\n<\/div>\r\n<\/div>\r\n<div class=\"p-gfa1670 pagelayer-text pagelayer-ele\">\r\n<div class=\"pagelayer-text-holder\">\r\n<p style=\"text-align: justify;\"><img loading=\"lazy\" decoding=\"async\" class=\"alignnone\" src=\"https:\/\/lyonmethod.fr\/img\/C21\/Slide6.JPG\" alt=\"I 4 tratti del sistema extrapiramidale - I 21 concetti originali del Metodo lionese\" width=\"960\" height=\"720\" \/><\/p>\r\n<h3 style=\"text-align: justify;\">6. Equilibrio statico e dinamico<\/h3>\r\n<p style=\"text-align: justify;\">A livello muscolare e articolare, i sensori sono duplicati: statestici e cinestesici. Gli esercizi dovranno essere variati per adattarsi a ciascuno dei sensori. In effetti, durante la sessione di fisioterapia \u00e8 necessario stimolare entrambi i tipi di recettori nei muscoli e nelle articolazioni. In assenza di un tapis roulant, camminare sul posto e saltare la corda stimolano i sensori dinamic<\/p>\r\n<p style=\"text-align: justify;\">\u00a0<\/p>\r\n<\/div>\r\n<\/div>\r\n<div class=\"p-k1k7443 pagelayer-text pagelayer-ele\">\r\n<div class=\"pagelayer-text-holder\">\r\n<p style=\"text-align: justify;\">i <img loading=\"lazy\" decoding=\"async\" class=\"alignnone\" src=\"https:\/\/lyonmethod.fr\/img\/C21\/Slide7.JPG\" alt=\"Equilibrio statico e dinamico - I 21 concetti originali del Metodo lionese\" width=\"960\" height=\"720\" \/><\/p>\r\n<h3 style=\"text-align: justify;\">7. Scoliosi caotica e lineare<\/h3>\r\n<p style=\"text-align: justify;\">Oltre i 25\u00b0, l&#8217;evoluzione lineare della scoliosi \u00e8 stata ben descritta sia per le scoliosi neurologiche che per quelle idiopatiche. \u00c8 legata a un circolo vizioso descritto da Ian Stokes. Con lo screening scolastico, \u00e8 stato scoperto un gran numero di scoliosi con un&#8217;angolazione inferiore a 20\u00b0, che progrediscono solo nel 10% dei casi. Ad oggi, non esiste un test predittivo per l&#8217;evoluzione di queste scoliosi e il caos deterministico descrive al meglio il comportamento dinamico delle scoliosi inferiori a 20\u00b0<\/p>\r\n<p style=\"text-align: justify;\"><img loading=\"lazy\" decoding=\"async\" class=\"alignnone\" src=\"https:\/\/lyonmethod.fr\/img\/C21\/Slide8.JPG\" alt=\"Scoliosi caotica e lineare - I 21 concetti originali del Metodo lionese\" width=\"960\" height=\"720\" \/><\/p>\r\n<h3 style=\"text-align: justify;\">8. 3D con movimenti accoppiati<\/h3>\r\n<p style=\"text-align: justify;\">La correzione 3D della scoliosi mediante movimenti accoppiati si basa sull&#8217;equilibrio isostatico della colonna vertebrale sul piano sagittale. Questo equilibrio isostatico \u00e8 quello della massima mobilit\u00e0 spinale. \u00c8 in questa posizione che la correzione frontale \u00e8 pi\u00f9 efficace. Le scansioni regionali eseguite in posizione corretta hanno confermato la legge di Punjabi sui movimenti accoppiati<\/p>\r\n<p style=\"text-align: justify;\">\u00a0<\/p>\r\n<\/div>\r\n<\/div>\r\n<div class=\"p-xo26165 pagelayer-text pagelayer-ele\">\r\n<div class=\"pagelayer-text-holder\">\r\n<p style=\"text-align: justify;\"><img loading=\"lazy\" decoding=\"async\" class=\"alignnone\" src=\"https:\/\/lyonmethod.fr\/img\/C21\/Slide9.JPG\" alt=\"3D con movimenti accoppiati - I 21 concetti originali del Metodo lionese\" width=\"960\" height=\"720\" \/><\/p>\r\n<h3 style=\"text-align: justify;\">9. Flessione toracica<\/h3>\r\n<p style=\"text-align: justify;\">A livello toracico, le articolazioni delle faccette si trovano su un piano vicino al piano frontale, che consente la rotazione intorno all&#8217;asse sagittale. La flessione sar\u00e0 quindi favorita a livello toracico<\/p>\r\n<p style=\"text-align: justify;\">\u00a0<\/p>\r\n<\/div>\r\n<\/div>\r\n<div class=\"p-ety3601 pagelayer-text pagelayer-ele\">\r\n<div class=\"pagelayer-text-holder\">\r\n<p style=\"text-align: justify;\"><img loading=\"lazy\" decoding=\"async\" class=\"alignnone\" src=\"https:\/\/lyonmethod.fr\/img\/C21\/Slide10.JPG\" alt=\"Flessione toracica - I 21 concetti originali del Metodo lionese\" width=\"960\" height=\"720\" \/><\/p>\r\n<h3 style=\"text-align: justify;\">10. Spostamento lombare<\/h3>\r\n<p style=\"text-align: justify;\">Nella regione lombare, invece, le articolazioni delle faccette si trovano su un piano sagittale che favorisce la mobilit\u00e0 sul piano funzionale sagittale, ma impone la traslazione sul piano frontale lungo l&#8217;asse trasversale della vertebra. Questo \u00e8 lo &#8220;spostamento&#8221;. Questa traslazione \u00e8 favorita dall&#8217;altezza del disco intervertebrale<\/p>\r\n<p style=\"text-align: justify;\">\u00a0<\/p>\r\n<\/div>\r\n<\/div>\r\n<div class=\"p-8ic659 pagelayer-text pagelayer-ele\">\r\n<div class=\"pagelayer-text-holder\">\r\n<p style=\"text-align: justify;\">lombare<\/p>\r\n<p style=\"text-align: justify;\">\u00a0<\/p>\r\n<\/div>\r\n<\/div>\r\n<div class=\"p-2mg5045 pagelayer-text pagelayer-ele\">\r\n<div class=\"pagelayer-text-holder\">\r\n<p style=\"text-align: justify;\"><img loading=\"lazy\" decoding=\"async\" class=\"alignnone\" src=\"https:\/\/lyonmethod.fr\/img\/C21\/Slide11.JPG\" alt=\"Spostamento (shift) lombare - I 21 concetti originali del Metodo lionese\" width=\"960\" height=\"720\" \/><\/p>\r\n<h3 style=\"text-align: justify;\">11. Accoppiamento vertebro-polmonare<\/h3>\r\n<p style=\"text-align: justify;\">Fin dall&#8217;inizio del Metodo lioneses, l&#8217;accoppiamento vertebro-polmonare \u00e8 stato ottenuto con esercizi in piscina. Tutti gli esercizi respiratori si basano sull&#8217;utilizzo preferenziale del volume di riserva espiratorio, che \u00e8 pi\u00f9 facile da mobilizzare nel corsetto, ma soprattutto accentua le curvature sul piano sagittale<\/p>\r\n<p style=\"text-align: justify;\">\u00a0<\/p>\r\n<\/div>\r\n<\/div>\r\n<div class=\"p-rdr7248 pagelayer-text pagelayer-ele\">\r\n<div class=\"pagelayer-text-holder\">\r\n<p style=\"text-align: justify;\"><img loading=\"lazy\" decoding=\"async\" class=\"alignnone\" src=\"https:\/\/lyonmethod.fr\/img\/C21\/Slide12.JPG\" alt=\"Accoppiamento vertebro-polmonare - I 21 concetti originali del Metodo lionese\" width=\"960\" height=\"720\" \/><\/p>\r\n<h3 style=\"text-align: justify;\">12. ASAGIL<\/h3>\r\n<p style=\"text-align: justify;\">Il concetto di anomalia strutturale asimmetrica della giunzione iliolombare (ASAGIL) \u00e8 stato descritto oltre 50 anni fa da Jean du Peloux a Lione. Esso integra il concetto di bacino incluso e bacino escluso. La conseguenza \u00e8 l&#8217;apertura dell&#8217;angolo iliolombare, che si basa pi\u00f9 sui tessuti molli che sulla colonna ossea<\/p>\r\n<p style=\"text-align: justify;\">\u00a0<\/p>\r\n<\/div>\r\n<\/div>\r\n<div class=\"p-wzt2566 pagelayer-text pagelayer-ele\">\r\n<div class=\"pagelayer-text-holder\">\r\n<p style=\"text-align: justify;\"><img loading=\"lazy\" decoding=\"async\" class=\"alignnone\" src=\"https:\/\/lyonmethod.fr\/img\/C21\/Slide13.JPG\" alt=\"ASAGIL - I 21 concetti originali del Metodo lionese\" width=\"960\" height=\"720\" \/><\/p>\r\n<h3 style=\"text-align: justify;\">13. Combinare esercizio e sport<\/h3>\r\n<p style=\"text-align: justify;\">Le attivit\u00e0 sportive sono sempre state parte integrante del Metodo lionesenaise, anche se alcuni bambini considerano la fisioterapia come uno sport. Oggi, grazie alla leggerezza del tutore e al materiale che assorbe gli urti, \u00e8 possibile praticare sport con il tutore. I risultati migliori si ottengono nei bambini che praticano pi\u00f9 di 5 ore di sport alla settimana<\/p>\r\n<p style=\"text-align: justify;\">\u00a0<\/p>\r\n<\/div>\r\n<\/div>\r\n<div class=\"p-u1p4917 pagelayer-text pagelayer-ele\">\r\n<div class=\"pagelayer-text-holder\">\r\n<p style=\"text-align: justify;\"><img loading=\"lazy\" decoding=\"async\" class=\"alignnone\" src=\"https:\/\/lyonmethod.fr\/img\/C21\/Slide14.JPG\" alt=\"Combinare esercizio e sport - I 21 concetti originali del Metodo lionese\" width=\"960\" height=\"720\" \/><\/p>\r\n<h3 style=\"text-align: justify;\">14. Lordosi lombosacrale<\/h3>\r\n<p style=\"text-align: justify;\">La scoliosi lombare \u00e8 spesso associata a spondilolistesi. L&#8217;equilibrio isostatico sagittale deve essere ottenuto mantenendo la lordosi lombosacrale per evitare la verticalizzazione del sacro e modificando la lordosi &#8220;dall&#8217;alto&#8221; tra T12 e L3<\/p>\r\n<p style=\"text-align: justify;\">\u00a0<\/p>\r\n<\/div>\r\n<\/div>\r\n<div class=\"p-1j23776 pagelayer-text pagelayer-ele\">\r\n<div class=\"pagelayer-text-holder\">\r\n<p style=\"text-align: justify;\"><img loading=\"lazy\" decoding=\"async\" class=\"alignnone\" src=\"https:\/\/lyonmethod.fr\/img\/C21\/Slide15.JPG\" alt=\"Lordosi lombosacrale - I 21 concetti originali del Metodo lionese\" width=\"960\" height=\"720\" \/><\/p>\r\n<h3 style=\"text-align: justify;\">15. Geometria solida<\/h3>\r\n<p style=\"text-align: justify;\">La colonna vertebrale toracica \u00e8 un&#8217;elica con un cerchio generatore orizzontale. La scoliosi \u00e8 una colonna vertebrale toracica con un asse verticale in equilibrio isostatico sul piano sagittale. Questa doppia caratteristica rende impossibile localizzare tutte le vertebre di una curvatura scoliotica in un unico piano. La geometria piana e il sistema a 3 punti agiscono su alcune vertebre all&#8217;apice della curvatura. La geometria di detorsione, invece, agisce sull&#8217;intera curva scoliotica<\/p>\r\n<p style=\"text-align: justify;\">\u00a0<\/p>\r\n<\/div>\r\n<\/div>\r\n<div class=\"p-oih5562 pagelayer-text pagelayer-ele\">\r\n<div class=\"pagelayer-text-holder\">\r\n<p style=\"text-align: justify;\"><img loading=\"lazy\" decoding=\"async\" class=\"alignnone\" src=\"https:\/\/lyonmethod.fr\/img\/C21\/Slide16.JPG\" alt=\"Geometria solida - I 21 concetti originali del Metodo lionese\" width=\"960\" height=\"720\" \/><\/p>\r\n<h3 style=\"text-align: justify;\">16. Detorsione geometrica<\/h3>\r\n<p style=\"text-align: justify;\">L&#8217;ARTbrace \u00e8 il primo a combinare le due deformazioni della geometria venduta rispettando l&#8217;equilibrio isostatico sul piano sagittale. La deformazione geometrica si ottiene con l&#8217;allungamento assiale passivo con la prima scansione e la deformazione meccanica si ottiene con movimenti accoppiati a livello toracico e lombare, con la scansione 2 e la scansione 3.<\/p>\r\n<p style=\"text-align: justify;\">\u00a0<\/p>\r\n<\/div>\r\n<\/div>\r\n<div class=\"p-ih87022 pagelayer-text pagelayer-ele\">\r\n<div class=\"pagelayer-text-holder\">\r\n<p style=\"text-align: justify;\"><img loading=\"lazy\" decoding=\"async\" class=\"alignnone\" src=\"https:\/\/lyonmethod.fr\/img\/C21\/Slide17.JPG\" alt=\"Detorsione geometrica - I 21 concetti originali del Metodo lionese\" width=\"960\" height=\"720\" \/><\/p>\r\n<h3 style=\"text-align: justify;\">17. Deviazione per concavit\u00e0<\/h3>\r\n<p style=\"text-align: justify;\">La distorsione meccanica \u00e8 completata a livello toracico dalla derotazione apicale con espansione cifotica posteriore concava e supporto alla calotta condro-costale concava. Nell&#8217;ARTbrace, il contatto convesso e l&#8217;espansione anteriore convessa creano una coppia di detorsione in posizione seduta<\/p>\r\n<p style=\"text-align: justify;\">\u00a0<\/p>\r\n<\/div>\r\n<\/div>\r\n<div class=\"p-exf3931 pagelayer-text pagelayer-ele\">\r\n<div class=\"pagelayer-text-holder\">\r\n<p style=\"text-align: justify;\"><img loading=\"lazy\" decoding=\"async\" class=\"alignnone\" src=\"https:\/\/lyonmethod.fr\/img\/C21\/Slide18.JPG\" alt=\"Derotazione dalla concavit\u00e0 - I 21 concetti originali del Metodo lionese\" width=\"960\" height=\"720\" \/><\/p>\r\n<h3 style=\"text-align: justify;\">18. Elevata resistenza del corsetto<\/h3>\r\n<p style=\"text-align: justify;\">Per la prima volta, l&#8217;alta resistenza \u00e8 stata combinata con l&#8217;asimmetria. Il poliammide \u00e8 4 volte pi\u00f9 resistente del polietilene a parit\u00e0 di spessore. Questa combinazione spiega probabilmente l&#8217;eccellente correzione nei corsetti. Nonostante l&#8217;elevata resistenza, la tolleranza cutanea \u00e8 buona, poich\u00e9 la poliammide \u00e8 un ammortizzatore<\/p>\r\n<p style=\"text-align: justify;\">\u00a0<\/p>\r\n<\/div>\r\n<\/div>\r\n<div class=\"p-9y62727 pagelayer-text pagelayer-ele\">\r\n<div class=\"pagelayer-text-holder\">\r\n<p style=\"text-align: justify;\"><img loading=\"lazy\" decoding=\"async\" class=\"alignnone\" src=\"https:\/\/lyonmethod.fr\/img\/C21\/Slide19.JPG\" alt=\"Elevata resistenza del corsetto - I 21 concetti originali del Metodo lionese\" width=\"960\" height=\"720\" \/><\/p>\r\n<h3 style=\"text-align: justify;\">19. Calco regionale in posizione corretta<\/h3>\r\n<p style=\"text-align: justify;\">La maggior parte dei calchi del corsetto sono realizzati in posizione eretta senza correzione della deviazione. La pi\u00f9 recente tecnologia a sensori istantanei multicolonna consente di realizzare calchi in posizione corretta e di ripristinare una colonna del tronco in direzione opposta alla scoliosi mediante modifiche successive del volume della prima scansione in distorsione geometrica, sia nel piano sagittale che in quello frontale<\/p>\r\n<p style=\"text-align: justify;\">\u00a0<\/p>\r\n<\/div>\r\n<\/div>\r\n<div class=\"p-x3y6393 pagelayer-text pagelayer-ele\">\r\n<div class=\"pagelayer-text-holder\">\r\n<p style=\"text-align: justify;\"><img loading=\"lazy\" decoding=\"async\" class=\"alignnone\" src=\"https:\/\/lyonmethod.fr\/img\/C21\/Slide20.JPG\" alt=\"Calco regionale in posizione corretta - I 21 concetti originali del Metodo lionese\" width=\"960\" height=\"720\" \/><\/p>\r\n<h3 style=\"text-align: justify;\">20. Meccanismo vizioso della scoliosi dell&#8217;adulto<\/h3>\r\n<p style=\"text-align: justify;\">La scoliosi si sviluppa in et\u00e0 adulta in 4 fasi. Inizia con una perdita della lordosi favorita da una schiena piatta e da una riduzione dell&#8217;altezza dei dischi intervertebrali. La versione del bacino \u00e8 accoppiata alla lordosi e nel secondo stadio il bacino diventer\u00e0 retroverso, favorito dalla posizione seduta abituale e dalla coppia addominale-glutea infernale. Il terzo stadio \u00e8 la cifosi toracica alta, favorita dall&#8217;osteoporosi e dalla compensazione vertebrale sottostante. Il quarto stadio \u00e8 il riequilibrio della testa attraverso la flessione delle anche<\/p>\r\n<p style=\"text-align: justify;\">\u00a0<\/p>\r\n<\/div>\r\n<\/div>\r\n<div class=\"p-ycp6545 pagelayer-text pagelayer-ele\">\r\n<div class=\"pagelayer-text-holder\">\r\n<p style=\"text-align: justify;\"><img loading=\"lazy\" decoding=\"async\" class=\"alignnone\" src=\"https:\/\/lyonmethod.fr\/img\/C21\/Slide21.JPG\" alt=\"Meccanismo vizioso della scoliosi dell'adulto - I 21 concetti originali del Metodo lionese\" width=\"960\" height=\"720\" \/><\/p>\r\n<h3 style=\"text-align: justify;\">21. Mantenimento della lordosi lombare<\/h3>\r\n<p style=\"text-align: justify;\">La schiena piatta \u00e8 una delle caratteristiche della scoliosi adolescenziale. Corrisponde a una riduzione della cifosi toracica e della lordosi lombare. Spesso \u00e8 accentuata dal corsetto realizzato con un gesso non corretto. In et\u00e0 adulta, l&#8217;elevata cifosi toracica compenser\u00e0 la schiena piatta, ma la perdita di lordosi accentuer\u00e0 la retroversione del bacino. Sar\u00e0 quindi necessario mantenere una lordosi fisiologica negli adolescenti durante l&#8217;esercizio fisico o quando si indossa un corsetto<\/p>\r\n<p style=\"text-align: justify;\">\u00a0<\/p>\r\n<\/div>\r\n<\/div>\r\n<div class=\"p-iyc2714 pagelayer-text pagelayer-ele\">\r\n<div class=\"pagelayer-text-holder\">\r\n<p style=\"text-align: justify;\"><img loading=\"lazy\" decoding=\"async\" class=\"alignnone\" src=\"https:\/\/lyonmethod.fr\/img\/C21\/Slide22.JPG\" alt=\"Mantenimento della lordosi lombare - I 21 concetti originali del Metodo lionese\" width=\"960\" height=\"720\" \/>\u00a0<\/p>\r\n<h3 style=\"text-align: justify;\">Per acquisire facilmente questi concetti \u00a0<\/h3>\r\n<p style=\"text-align: justify;\">\u00a0<\/p>\r\n<\/div>\r\n<\/div>\r\n<div class=\"p-j5r6047 pagelayer-text pagelayer-ele\">\r\n<div class=\"pagelayer-text-holder\">\r\n<p>Per gli operatori sanitari \u00e8 disponibile una <a href=\"https:\/\/www.sirer.org\/IT\/index.php?lang=it\">formazione online<\/a>. Gran parte di questa formazione \u00e8 accessibile gratuitamente.<\/p>\r\n<p style=\"text-align: justify;\">\u00a0<\/p>\r\n<\/div>\r\n<\/div>\r\n<\/div>\r\n<\/div>\r\n<\/div>\r\n<\/div>\r\n\r\n<p>&nbsp;<\/p>","protected":false},"excerpt":{"rendered":"<p>&nbsp;<\/p>\n","protected":false},"author":1,"featured_media":0,"parent":0,"menu_order":0,"comment_status":"closed","ping_status":"closed","template":"","meta":{"om_disable_all_campaigns":false,"_monsterinsights_skip_tracking":false,"_monsterinsights_sitenote_active":false,"_monsterinsights_sitenote_note":"","_monsterinsights_sitenote_category":0,"_uf_show_specific_survey":0,"_uf_disable_surveys":false,"__cvm_playback_settings":[],"__cvm_video_id":"","two_page_speed":{"previous_score":{"desktop_score":84,"desktop_tti":"1.6\u00a0","mobile_score":56.99999999999999,"mobile_tti":"8.1\u00a0","date":"21.04.2024 10:08:44 am","status":"completed"},"current_score":{"desktop_score":95,"desktop_tti":"0.9\u00a0","mobile_score":82,"mobile_tti":"3.8\u00a0","date":"21.04.2024 10:09:23 am","status":"completed"}},"footnotes":""},"categories":[8,7,5,23,6,27],"tags":[20,43,15,32,14,17,58],"class_list":["post-1312","page","type-page","status-publish","hentry","category-3d","category-biomeccanica","category-busto","category-fisioterapia","category-metodo-lionese","category-tecnici-ortopedici","tag-busto","tag-fisioterapia","tag-metodo-lionese","tag-palermo","tag-scoliosi","tag-sicilia","tag-visita"],"aioseo_notices":[],"_links":{"self":[{"href":"https:\/\/lyonmethod.fr\/pa\/wp-json\/wp\/v2\/pages\/1312","targetHints":{"allow":["GET"]}}],"collection":[{"href":"https:\/\/lyonmethod.fr\/pa\/wp-json\/wp\/v2\/pages"}],"about":[{"href":"https:\/\/lyonmethod.fr\/pa\/wp-json\/wp\/v2\/types\/page"}],"author":[{"embeddable":true,"href":"https:\/\/lyonmethod.fr\/pa\/wp-json\/wp\/v2\/users\/1"}],"replies":[{"embeddable":true,"href":"https:\/\/lyonmethod.fr\/pa\/wp-json\/wp\/v2\/comments?post=1312"}],"version-history":[{"count":5,"href":"https:\/\/lyonmethod.fr\/pa\/wp-json\/wp\/v2\/pages\/1312\/revisions"}],"predecessor-version":[{"id":1407,"href":"https:\/\/lyonmethod.fr\/pa\/wp-json\/wp\/v2\/pages\/1312\/revisions\/1407"}],"wp:attachment":[{"href":"https:\/\/lyonmethod.fr\/pa\/wp-json\/wp\/v2\/media?parent=1312"}],"wp:term":[{"taxonomy":"category","embeddable":true,"href":"https:\/\/lyonmethod.fr\/pa\/wp-json\/wp\/v2\/categories?post=1312"},{"taxonomy":"post_tag","embeddable":true,"href":"https:\/\/lyonmethod.fr\/pa\/wp-json\/wp\/v2\/tags?post=1312"}],"curies":[{"name":"wp","href":"https:\/\/api.w.org\/{rel}","templated":true}]}}