{"id":126,"date":"2022-03-09T09:26:38","date_gmt":"2022-03-09T09:26:38","guid":{"rendered":"https:\/\/lyonmethod.fr\/wp\/?page_id=126"},"modified":"2022-04-27T12:33:14","modified_gmt":"2022-04-27T12:33:14","slug":"deformazione-plastica","status":"publish","type":"page","link":"https:\/\/lyonmethod.fr\/pa\/deformazione-plastica\/","title":{"rendered":"Deformazione plastica"},"content":{"rendered":"\r\n\r\n\r\n\r\n\r\n\r\n\r\n<h2>Deformazione plastica: una caratteristica fondamentale del metodo lionese<\/h2>\r\n\r\n\r\n\r\n<p>La <strong>deformazione plastica<\/strong> fu il primo metodo di correzione dei disallineamenti spinali con il corsetto in gesso all&#8217;inizio del XX secolo. Comporta un cambiamento irreversibile nella forma dei legamenti e delle fasce come risultato dell&#8217;applicazione di una forza alla colonna vertebrale, che provoca un riassetto della posizione relativa degli elementi costitutivi dei tessuti molli. Questo \u00e8 in contrasto con la <strong>deformazione elastica<\/strong> reversibile, cio\u00e8 le dimensioni della spina dorsale cambiano, ma ritorna alla sua forma originale quando il carico si ferma. Le forze necessarie per ottenere la deformazione plastica non sono tollerate dal bambino, tuttavia <strong>la deformazione plastica pu\u00f2 essere ottenuta prolungando una forza tollerabile dal paziente nel tempo.\u00a0<\/strong><\/p>\r\n\r\n\r\n\r\n\r\n\r\n\r\n\r\n\r\n\r\n\r\n\r\n\r\n\r\n\r\n\r\n<p>La deformazione plastica \u00e8 illustrata dalla possibilit\u00e0 di creare una scoliosi strutturale nei ratti dopo 5 settimane di immobilizzazione in un corsetto asimmetrico.<\/p>\r\n\r\n\r\n\r\n\r\n\r\n\r\n\r\n\r\n\r\n\r\n\r\n\r\n\r\n<p>La deformazione plastica \u00e8 dovuta alla qualit\u00e0 visco-elastica delle strutture paravertebrali. Il <strong>creep<\/strong> \u00e8 il fenomeno fisico che causa la deformazione irreversibile di un materiale sottoposto a una sollecitazione costante (nota \u03c30) per un periodo di tempo sufficiente. Un legamento \u00e8 in tensione sotto un certo stress. Il tessuto molle si allunga rapidamente all&#8217;inizio, poi continua ad allungarsi pi\u00f9 lentamente.\u00a0 \u00a0Quando uno stress direzionale costante viene applicato con un gesso, fa s\u00ec che il tessuto molle si allunghi nella direzione appropriata.\u00a0 Dopo 3 settimane, le fibre di collagene si allineano gradualmente per conformarsi alla struttura imposta dal gesso correttivo. Clinicamente, circa 4 settimane di immobilizzazione sono necessarie per una scoliosi inferiore a 30\u00b0.<\/p>\r\n\r\n\r\n\r\n\r\n\r\n\r\n\r\n\r\n\r\n\r\n\r\n\r\n\r\n<p>Maggiore \u00e8 la correzione della curvatura, pi\u00f9 la concavit\u00e0 sar\u00e0 allungata. La clinica ha definito la soglia di cambiamento delle tensioni per invertire il processo di deformazione della vertebra apicale ad una media del 48% di correzione in un corsetto.<\/p>\r\n\r\n\r\n\r\n\r\n\r\n\r\n\r\n\r\n\r\n\r\n\r\n\r\n\r\n<p>Al giorno d&#8217;oggi, \u00e8 possibile fare un gesso digitale grazie al calco regionale in posizione corretta e all&#8217;uso della poliammide 6.<\/p>\r\n\r\n\r\n\r\n\r\n\r\n\r\n\r\n\r\n\r\n\r\n\r\n\r\n\r\n<p>Il grande vantaggio del calco digitale \u00e8 la posizione in piedi con un migliore controllo dell&#8217;equilibrio isostatico nel piano sagittale.<\/p>\r\n\r\n\r\n\r\n\r\n\r\n\r\n\r\n<p>&nbsp;<\/p>","protected":false},"excerpt":{"rendered":"<p>&nbsp;<\/p>\n","protected":false},"author":1,"featured_media":0,"parent":0,"menu_order":0,"comment_status":"closed","ping_status":"closed","template":"","meta":{"om_disable_all_campaigns":false,"_monsterinsights_skip_tracking":false,"_monsterinsights_sitenote_active":false,"_monsterinsights_sitenote_note":"","_monsterinsights_sitenote_category":0,"_uf_show_specific_survey":0,"_uf_disable_surveys":false,"__cvm_playback_settings":[],"__cvm_video_id":"","two_page_speed":[],"footnotes":""},"categories":[5,10],"tags":[],"class_list":["post-126","page","type-page","status-publish","hentry","category-busto","category-fisiologia"],"aioseo_notices":[],"_links":{"self":[{"href":"https:\/\/lyonmethod.fr\/pa\/wp-json\/wp\/v2\/pages\/126","targetHints":{"allow":["GET"]}}],"collection":[{"href":"https:\/\/lyonmethod.fr\/pa\/wp-json\/wp\/v2\/pages"}],"about":[{"href":"https:\/\/lyonmethod.fr\/pa\/wp-json\/wp\/v2\/types\/page"}],"author":[{"embeddable":true,"href":"https:\/\/lyonmethod.fr\/pa\/wp-json\/wp\/v2\/users\/1"}],"replies":[{"embeddable":true,"href":"https:\/\/lyonmethod.fr\/pa\/wp-json\/wp\/v2\/comments?post=126"}],"version-history":[{"count":14,"href":"https:\/\/lyonmethod.fr\/pa\/wp-json\/wp\/v2\/pages\/126\/revisions"}],"predecessor-version":[{"id":574,"href":"https:\/\/lyonmethod.fr\/pa\/wp-json\/wp\/v2\/pages\/126\/revisions\/574"}],"wp:attachment":[{"href":"https:\/\/lyonmethod.fr\/pa\/wp-json\/wp\/v2\/media?parent=126"}],"wp:term":[{"taxonomy":"category","embeddable":true,"href":"https:\/\/lyonmethod.fr\/pa\/wp-json\/wp\/v2\/categories?post=126"},{"taxonomy":"post_tag","embeddable":true,"href":"https:\/\/lyonmethod.fr\/pa\/wp-json\/wp\/v2\/tags?post=126"}],"curies":[{"name":"wp","href":"https:\/\/api.w.org\/{rel}","templated":true}]}}