{"id":574,"date":"2025-02-08T08:38:16","date_gmt":"2025-02-08T08:38:16","guid":{"rendered":"https:\/\/lyonmethod.fr\/it\/?page_id=574"},"modified":"2025-02-08T14:08:37","modified_gmt":"2025-02-08T14:08:37","slug":"collaudo","status":"publish","type":"page","link":"https:\/\/lyonmethod.fr\/it\/collaudo\/","title":{"rendered":"Collaudo"},"content":{"rendered":"\r\n\r\n\r\n\r\n\r\n\r\n\r\n\r\n\r\n\r\n\r\n\r\n\r\n\r\n\r\n\r\n\r\n\r\n\r\n\r\n\r\n\r\n\r\n\r\n\r\n\r\n\r\n\r\n\r\n\r\n\r\n\r\n\r\n\r\n\r\n\r\n\r\n\r\n\r\n\r\n\r\n\r\n\r\n\r\n\r\n\r\n\r\n\r\n\r\n\r\n\r\n\r\n\r\n\r\n\r\n\r\n\r\n\r\n\r\n\r\n\r\n\r\n\r\n\r\n\r\n\r\n\r\n\r\n\r\n\r\n\r\n\r\n\r\n\r\n\r\n\r\n\r\n\r\n\r\n\r\n\r\n\r\n\r\n\r\n\r\n\r\n\r\n\r\n\r\n\r\n\r\n\r\n\r\n\r\n\r\n\r\n\r\n\r\n\r\n\r\n\r\n\r\n\r\n\r\n\r\n\r\n\r\n\r\n\r\n\r\n\r\n\r\n\r\n\r\n\r\n\r\n\r\n\r\n\r\n\r\n\r\n\r\n\r\n\r\n\r\n\r\n\r\n\r\n\r\n\r\n\r\n\r\n\r\n\r\n\r\n\r\n\r\n\r\n\r\n\r\n\r\n\r\n\r\n\r\n\r\n\r\n\r\n\r\n\r\n\r\n\r\n\r\n\r\n\r\n\r\n\r\n\r\n\r\n\r\n\r\n\r\n\r\n\r\n\r\n\r\n\r\n\r\n\r\n\r\n\r\n\r\n\r\n\r\n\r\n\r\n\r\n\r\n\r\n\r\n\r\n\r\n\r\n\r\n\r\n\r\n\r\n\r\n<h1 data-elem-id=\"el87725d53\" data-pm-slice=\"1 1 []\">Tecnici ortopedici: imparate a realizzare un ARTbrace originale<\/h1>\r\n<p style=\"text-align: justify;\" data-elem-id=\"el87725d53\" data-pm-slice=\"1 1 []\">La procedura del &#8220;passo dopo passo&#8221; \u00e8 essenziale per realizzare un corsetto che sia al contempo il pi\u00f9 correttivo e confortevole possibile. Il sito web dedicato al metodo lionese offre una vasta gamma di informazioni aggiuntive a riguardo.<\/p>\r\n<p style=\"text-align: justify;\" data-elem-id=\"el0f7749a8\">Indossare un corsetto \u00e8 inevitabilmente collegato a un protocollo fisioterapico specifico. <u>Il <a href=\"https:\/\/lyonmethod.fr\/it\/fisioterapia\/\">metodo lionese<\/a><\/u>, che \u00e8 stato convalidato, \u00e8 considerato il pi\u00f9 indicato per questo scopo.<\/p>\r\n<p style=\"text-align: justify;\" data-elem-id=\"ela2426d68\"><a href=\"https:\/\/sirer.fr\/index.php\/lyon-method-classes\/bracing\/results-chicago-university\"><u>L&#8217;Universit\u00e0 di Chicago ha raccolto dati statistici<\/u><\/a> relativi ai primi 2.000 pazienti trattati consecutivamente a Lione tra il 2013 e il 2021. Questi dati dimostrano che con l&#8217;uso dell&#8217;ARTbrace \u00e8 possibile trattare pazienti anche dopo il Risser 2 e quando la scoliosi supera i 40 gradi.<\/p>\r\n<p>Sono disponibili diversi tipi di formazione in italiano:<\/p>\r\n<p><a href=\"http:\/\/www.sirer.org\/IT\/index.php?lang=it\"><u>Certificazione online sul metodo lionese e ARTbrace<\/u><\/a>: (500\u20ac) Jean Claude de Mauroy<\/p>\r\n<p>Certificazione off-line sul metodo lionese e ARTbrace per 20 partecipanti: su richiesta di Jean Claude de Mauroy e Fr\u00e9d\u00e9ric Barral.<\/p>\r\n<p>Certificazione PROTEOR \u201cOrtenshape\u201d e ARTbrace: Sophie Pourret e Jean Claude de Mauroy<\/p>\r\n<p>3 centri in Italia praticano regolarmente ARTbrace: Piacenza, Bari ed Enna.<\/p>\r\n<p style=\"text-align: justify;\">I corsi di formazione sono concepiti in modo pratico. Utilizzano una <a href=\"https:\/\/orten.proteor.com\/ortenshape\"><u>versione gratuita del software \u201cOrtenshape\u201d<\/u><\/a>, che include tutte le funzioni necessarie per creare l&#8217;ARTbrace. Per l&#8217;acquisizione con correzione diretta sul paziente, disponiamo di un sensore a 4 colonne a Piacenza ed Enna, ma \u00e8 possibile utilizzare un iPad con il sensore di struttura pi\u00f9 recente (6 secondi a 70 cm).\u00a0<\/p>\r\n<p style=\"text-align: justify;\">Per coloro che utilizzano i calchi in gesso, un corso di formazione online pu\u00f2 fornire loro, gratuitamente, tutte le nozioni di base necessarie per utilizzare l&#8217;ARTbrace. (<a href=\"https:\/\/sirer.fr\/lyon-method-classes\/processing-from-a-to-z\/\"><u>esempio in inglese<\/u><\/a>)<\/p>\r\n\r\n<p>&nbsp;<\/p>","protected":false},"excerpt":{"rendered":"<p>&nbsp;<\/p>\n","protected":false},"author":1,"featured_media":0,"parent":0,"menu_order":0,"comment_status":"closed","ping_status":"closed","template":"","meta":{"om_disable_all_campaigns":false,"pagelayer_contact_templates":[],"_pagelayer_content":"","_monsterinsights_skip_tracking":false,"_monsterinsights_sitenote_active":false,"_monsterinsights_sitenote_note":"","_monsterinsights_sitenote_category":0,"footnotes":""},"class_list":["post-574","page","type-page","status-publish","hentry"],"aioseo_notices":[],"_links":{"self":[{"href":"https:\/\/lyonmethod.fr\/it\/wp-json\/wp\/v2\/pages\/574","targetHints":{"allow":["GET"]}}],"collection":[{"href":"https:\/\/lyonmethod.fr\/it\/wp-json\/wp\/v2\/pages"}],"about":[{"href":"https:\/\/lyonmethod.fr\/it\/wp-json\/wp\/v2\/types\/page"}],"author":[{"embeddable":true,"href":"https:\/\/lyonmethod.fr\/it\/wp-json\/wp\/v2\/users\/1"}],"replies":[{"embeddable":true,"href":"https:\/\/lyonmethod.fr\/it\/wp-json\/wp\/v2\/comments?post=574"}],"version-history":[{"count":6,"href":"https:\/\/lyonmethod.fr\/it\/wp-json\/wp\/v2\/pages\/574\/revisions"}],"predecessor-version":[{"id":646,"href":"https:\/\/lyonmethod.fr\/it\/wp-json\/wp\/v2\/pages\/574\/revisions\/646"}],"wp:attachment":[{"href":"https:\/\/lyonmethod.fr\/it\/wp-json\/wp\/v2\/media?parent=574"}],"curies":[{"name":"wp","href":"https:\/\/api.w.org\/{rel}","templated":true}]}}