{"id":33,"date":"2023-07-15T13:18:38","date_gmt":"2023-07-15T13:18:38","guid":{"rendered":"https:\/\/lyonmethod.fr\/it\/home\/"},"modified":"2025-11-20T08:08:15","modified_gmt":"2025-11-20T08:08:15","slug":"home","status":"publish","type":"page","link":"https:\/\/lyonmethod.fr\/it\/","title":{"rendered":"Home"},"content":{"rendered":"\n\n\n\n\n\n\n\r\n<h2><strong>Trattamento non chirurgico\u00a0<\/strong><strong>della Scoliosi per l&#8217;Italia del Nord\u00a0<\/strong><\/h2>\r\n\n\n\n\n\n\n\n\n\n\n\n\n\n\n\n\n\n\n\n\r\n<h2>200 anni<\/h2>\r\n\n\r\n<h6>&#8220;Nuovo metodo per il trattamento delle deviazioni vertebrali&#8221;<\/h6>\r\n\n\n\r\n<h3>Charles G. Pravaz<\/h3>\r\n\n\r\n<h6><span style=\"text-decoration-style: initial;\">Inventore della siringa, ma anche del Metodo Lionese<\/span><\/h6>\r\n\n\n\r\n<h2>70%<\/h2>\r\n\n\r\n<h6><span style=\"text-decoration-style: initial;\">Tasso medio di correzione angolare in ARTbrace<\/span><\/h6>\r\n\n\n\n\r\n<p><a href=\"https:\/\/lyonmethod.fr\/it\/i-21-concetti-originali-del-metodo-lionese\/\">I 21 concetti originali del metodo lionese<\/a><\/p>\r\n\n\r\n<p><a href=\"https:\/\/lyonmethod.fr\/it\/storia-del-metodo-lionese\/\">Unico metodo che combina esercizi e ortesi fin dall&#8217;inizio<\/a>.<\/p>\r\n\n\n\n\r\n<p><a href=\"https:\/\/lyonmethod.fr\/ba\/validazione-metodo-lionese\/\">Il metodo lionese \u00e8 l&#8217;unico convalidato e certificato.<\/a><\/p>\r\n\n\r\n<p><a href=\"https:\/\/lyonmethod.fr\/pa\/gesso-digitale-regionale\/\">La correzione viene effettuata direttamente sul paziente, allo stesso modo del vecchio gesso.<\/a><\/p>\r\n\n\n\n\n\n\n\n\r\n<h4>#metodolionese<\/h4>\r\n\n\r\n<p><span style=\"font-family: 'Playfair Display'; font-size: 26px; text-align: justify;\">10 buoni motivi per scegliere il metodo lionese per la scoliosi<\/span><\/p>\r\n<h3 style=\"margin-top: 20px; margin-bottom: 10px; font-family: 'Playfair Display'; font-size: 17px; letter-spacing: 0px; text-transform: inherit; line-height: 1.4; text-align: justify;\">1. Il metodo lionese \u00e8 il pi\u00f9 antico trattamento conservativo della scoliosi. Si pu\u00f2 beneficiare di\u00a0<em>200 anni di esperienza nel campo della fisioterapia e dei corsetti<\/em>.<\/h3>\r\n<h3 style=\"margin-top: 20px; margin-bottom: 10px; font-family: 'Playfair Display'; font-size: 17px; letter-spacing: 0px; text-transform: inherit; line-height: 1.4; text-align: justify;\">2. Il metodo lionese \u00e8 il primo ad aver creato nel 1998 un\u00a0<em>database prospettico computerizzato &#8220;kinesis&#8221;<\/em>\u00a0che consente di presentare i risultati reali su tutti i pazienti senza alcun pregiudizio di selezione.<\/h3>\r\n<h3 style=\"margin-top: 20px; margin-bottom: 10px; font-family: 'Playfair Display'; font-size: 17px; letter-spacing: 0px; text-transform: inherit; line-height: 1.4; text-align: justify;\">3. Il metodo lionese \u00e8 stato il primo, dal 1986, a produrre corsetti utilizzando la moderna tecnica\u00a0<em>CAD\/CAM<\/em>\u00a0che garantisce una migliore correzione.<\/h3>\r\n<h3 style=\"margin-top: 20px; margin-bottom: 10px; font-family: 'Playfair Display'; font-size: 17px; letter-spacing: 0px; text-transform: inherit; line-height: 1.4; text-align: justify;\">4. Dal 1982, il metodo lionese \u00e8 stato il primo a integrare\u00a0<em>il piano sagittale<\/em>\u00a0con la correzione frontale e grazie all&#8217;imaging EOS,\u00a0<em>l&#8217;equilibrio isostatico sul piano sagittale<\/em>\u00a0in funzione dell&#8217;incidenza pelvica.<\/h3>\r\n<h3 style=\"margin-top: 20px; margin-bottom: 10px; font-family: 'Playfair Display'; font-size: 17px; letter-spacing: 0px; text-transform: inherit; line-height: 1.4; text-align: justify;\">5. La\u00a0<em>correzione del corsetto<\/em>\u00a0viene eseguita\u00a0<em>direttamente sul paziente<\/em>\u00a0e non in base alla radiografia. In ortopedia trattiamo un paziente, non una radiografia. La correzione \u00e8 la stessa per la fisioterapia e per il corsetto.<\/h3>\r\n<h3 style=\"margin-top: 20px; margin-bottom: 10px; font-family: 'Playfair Display'; font-size: 17px; letter-spacing: 0px; text-transform: inherit; line-height: 1.4; text-align: justify;\">6. Il metodo lionese \u00e8 l&#8217;unico a presentare risultati a\u00a0<em>lungo termine (20-30 anni)<\/em>\u00a0con un\u00a0<em>significativo rallentamento della storia naturale della scoliosi in et\u00e0 adulta<\/em>.<\/h3>\r\n<h3 style=\"margin-top: 20px; margin-bottom: 10px; font-family: 'Playfair Display'; font-size: 17px; letter-spacing: 0px; text-transform: inherit; line-height: 1.4; text-align: justify;\">7. La scoliosi \u00e8 una deviazione 3D della colonna vertebrale, ma il metodo lionese \u00e8 l&#8217;unico che spiega come correggere la colonna vertebrale dalla superficie esterna del tronco con\u00a0<em>l&#8217;iperboloide come modello.<\/em><\/h3>\r\n<h3 style=\"margin-top: 20px; margin-bottom: 10px; font-family: 'Playfair Display'; font-size: 17px; letter-spacing: 0px; text-transform: inherit; line-height: 1.4; text-align: justify;\">8. La scoliosi \u00e8 una malattia della postura. La fisioterapia del metodo lionese \u00e8 l&#8217;unica che si basa\u00a0<em>sulla stimolazione del sistema posturale<\/em>.<\/h3>\r\n<h3 style=\"margin-top: 20px; margin-bottom: 10px; font-family: 'Playfair Display'; font-size: 17px; letter-spacing: 0px; text-transform: inherit; line-height: 1.4; text-align: justify;\">9. La formazione al Metodo lionese \u00e8 l&#8217;unica\u00a0<em>disponibile on-line<\/em>\u00a0e permette a tutti i fisioterapisti e ortopedici di essere\u00a0<em>certificati<\/em>.<\/h3>\r\n<h3 style=\"margin-top: 20px; margin-bottom: 10px; font-family: 'Playfair Display'; font-size: 17px; letter-spacing: 0px; text-transform: inherit; line-height: 1.4; text-align: justify;\">10. Il nuovo ARTbrace lionese \u00e8 l&#8217;unico a trattare\u00a0<em>l&#8217;instabilit\u00e0 nella scoliosi dell&#8217;adulto<\/em>\u00a0e rappresenta una reale\u00a0<em>alternativa all&#8217;intervento chirurgico<\/em>.<\/h3>\r\n\n\n\n\r\n<p style=\"font-size: 22px; font-weight: 500; color: #fff; line-height: 1.5; padding-top: 45px;\">Pazienti<\/p>\r\n\n\n\n\r\n<p style=\"font-size: 22px; font-weight: 500; color: #fff; line-height: 1.5; padding-top: 45px;\">Fisioterapisti<\/p>\r\n\n\n\n\r\n<p style=\"font-size: 22px; font-weight: 500; color: #fff; line-height: 1.5; padding-top: 45px;\">Tecnici Ortopedici<\/p>\r\n\n\n\n\n\n\n\n\r\n<h4>#Centro Scoliosi Piacenza<\/h4>\r\n\n\r\n<h3>Un complesso dedicato alla scoliosi<\/h3>\r\n\n\r\n<p>Centro Europeo della Colonna\u00a0 Vertebrale<\/p>\r\n\n\n\n\n\n\n","protected":false},"excerpt":{"rendered":"","protected":false},"author":1,"featured_media":0,"parent":0,"menu_order":1,"comment_status":"closed","ping_status":"closed","template":"","meta":{"om_disable_all_campaigns":false,"pagelayer_contact_templates":[],"_pagelayer_content":"","_monsterinsights_skip_tracking":false,"_monsterinsights_sitenote_active":false,"_monsterinsights_sitenote_note":"","_monsterinsights_sitenote_category":0,"footnotes":""},"class_list":["post-33","page","type-page","status-publish","hentry"],"aioseo_notices":[],"_links":{"self":[{"href":"https:\/\/lyonmethod.fr\/it\/wp-json\/wp\/v2\/pages\/33","targetHints":{"allow":["GET"]}}],"collection":[{"href":"https:\/\/lyonmethod.fr\/it\/wp-json\/wp\/v2\/pages"}],"about":[{"href":"https:\/\/lyonmethod.fr\/it\/wp-json\/wp\/v2\/types\/page"}],"author":[{"embeddable":true,"href":"https:\/\/lyonmethod.fr\/it\/wp-json\/wp\/v2\/users\/1"}],"replies":[{"embeddable":true,"href":"https:\/\/lyonmethod.fr\/it\/wp-json\/wp\/v2\/comments?post=33"}],"version-history":[{"count":41,"href":"https:\/\/lyonmethod.fr\/it\/wp-json\/wp\/v2\/pages\/33\/revisions"}],"predecessor-version":[{"id":692,"href":"https:\/\/lyonmethod.fr\/it\/wp-json\/wp\/v2\/pages\/33\/revisions\/692"}],"wp:attachment":[{"href":"https:\/\/lyonmethod.fr\/it\/wp-json\/wp\/v2\/media?parent=33"}],"curies":[{"name":"wp","href":"https:\/\/api.w.org\/{rel}","templated":true}]}}