{"id":189,"date":"2024-04-21T14:27:27","date_gmt":"2024-04-21T14:27:27","guid":{"rendered":"https:\/\/lyonmethod.fr\/it\/?page_id=189"},"modified":"2024-04-21T14:38:08","modified_gmt":"2024-04-21T14:38:08","slug":"fisioterapia","status":"publish","type":"page","link":"https:\/\/lyonmethod.fr\/it\/fisioterapia\/","title":{"rendered":"Fisioterapia"},"content":{"rendered":"\n\n\n\n\n\n\n\n\n\r\n<h2>Fisioterapia<\/h2>\r\n\n\n\n\n\n\r\n<h3>La tradizione lionese<\/h3>\r\n<p>Dalla creazione della professione di fisioterapista, la scuola di fisioterapia di Lione \u00e8 stata integrata alla facolt\u00e0 di medicina sotto la direzione medica di Pierre Stagnara. Dalla creazione del 4\u00b0 anno di studi di fisioterapia, il Metodo Lionese \u00e8 stato insegnato da Jean Claude de Mauroy.<\/p>\r\n\n\r\n<h3>Il video<\/h3>\r\n\n\r\n<div style=\"padding: 56.25% 0 0 0; position: relative;\"><iframe style=\"position: absolute; top: 0; left: 0; width: 100%; height: 100%;\" title=\"Fisioterapia Specifica\" src=\"https:\/\/player.vimeo.com\/video\/255157572?h=16c85d33fe&amp;badge=0&amp;autopause=0&amp;player_id=0&amp;app_id=58479\" frameborder=\"0\" allowfullscreen=\"allowfullscreen\"><\/iframe><\/div>\r\n\n\n\n\n\n\r\n<h3>Referenze<\/h3>\r\n\n\n\n\n\n\n\r\n<p>Le traitement de la scoliose par kin\u00e9sith\u00e9rapie<\/p>\r\n\n\r\n<p>Livret auto-r\u00e9\u00e9ducation du rachis (Fondation Cotrel)<\/p>\r\n\n\r\n<p>Prise en charge r\u00e9\u00e9ducative des scolioses idiopathiques (Universit\u00e9 de Rennes)<\/p>\r\n\n\r\n<p>R\u00e9\u00e9ducation des scolioses (Stagnara, Mollon, de Mauroy)<\/p>\r\n<h3>Certificazione internazionale online: SSOL<\/h3>\r\n\n\n\n\n\n\n\n\n\n\n\n","protected":false},"excerpt":{"rendered":"","protected":false},"author":1,"featured_media":0,"parent":0,"menu_order":0,"comment_status":"closed","ping_status":"closed","template":"","meta":{"om_disable_all_campaigns":false,"pagelayer_contact_templates":[],"_pagelayer_content":"","_monsterinsights_skip_tracking":false,"_monsterinsights_sitenote_active":false,"_monsterinsights_sitenote_note":"","_monsterinsights_sitenote_category":0,"footnotes":""},"class_list":["post-189","page","type-page","status-publish","hentry"],"aioseo_notices":[],"_links":{"self":[{"href":"https:\/\/lyonmethod.fr\/it\/wp-json\/wp\/v2\/pages\/189","targetHints":{"allow":["GET"]}}],"collection":[{"href":"https:\/\/lyonmethod.fr\/it\/wp-json\/wp\/v2\/pages"}],"about":[{"href":"https:\/\/lyonmethod.fr\/it\/wp-json\/wp\/v2\/types\/page"}],"author":[{"embeddable":true,"href":"https:\/\/lyonmethod.fr\/it\/wp-json\/wp\/v2\/users\/1"}],"replies":[{"embeddable":true,"href":"https:\/\/lyonmethod.fr\/it\/wp-json\/wp\/v2\/comments?post=189"}],"version-history":[{"count":2,"href":"https:\/\/lyonmethod.fr\/it\/wp-json\/wp\/v2\/pages\/189\/revisions"}],"predecessor-version":[{"id":193,"href":"https:\/\/lyonmethod.fr\/it\/wp-json\/wp\/v2\/pages\/189\/revisions\/193"}],"wp:attachment":[{"href":"https:\/\/lyonmethod.fr\/it\/wp-json\/wp\/v2\/media?parent=189"}],"curies":[{"name":"wp","href":"https:\/\/api.w.org\/{rel}","templated":true}]}}