{"id":180,"date":"2023-07-23T15:26:37","date_gmt":"2023-07-23T15:26:37","guid":{"rendered":"https:\/\/lyonmethod.fr\/it\/?page_id=180"},"modified":"2023-07-23T15:31:31","modified_gmt":"2023-07-23T15:31:31","slug":"adolescenti","status":"publish","type":"page","link":"https:\/\/lyonmethod.fr\/it\/adolescenti\/","title":{"rendered":"Adolescenti"},"content":{"rendered":"\n\n\n<p>La scoliosi colpisce il 3% degli adolescenti che trarranno vantaggio dagli esercizi di terapia fisica. Nel 10% dei casi sar\u00e0 necessario fare un busto. L&#8217;intervento chirurgico si limita a pochi casi eccezionali nella nostra esperienza. La spina dorsale si muove e non si blocca.<\/p><p>L&#8217;adolescenza \u00e8 un momento difficile di turbolenza, sia fisica che psichica. La scoperta della scoliosi nel corso di questo periodo pu\u00f2 rendere il passaggio dall&#8217;infanzia all&#8217;et\u00e0 adulta ancora pi\u00f9 caotico.<\/p><h3>Da 200 anni, il metodo lionese apporta numerose soluzioni originali.<\/h3><p>1. La scoliosi idiopatica \u00e8 considerata un ritardo della maturazione del sistema posturale, per cui gli esercizi sono basati sulla stimolazione del sistema posturale. Ogni et\u00e0 ha caratteristiche specifiche e come un \u00abcoach del sistema posturale\u00bb, il fisioterapista stimola tutte le sue componenti a livello dei suoi 4 insiemi funzionali (vestibulo-spinale, reticolo-spinale, rubro-spinale e tecto-spinale. Oltre alla scoliosi, questa fisioterapia avr\u00e0 un effetto benefico sulla pratica sportiva, che costituisce l&#8217;elemento di anticipazione della postura.<\/p><p>2. La fisioterapia tiene in considerazione il contesto ambientale che varia in funzione dell&#8217;et\u00e0 del bambino e della maturazione del sistema posturale. Il terapista \u00e8 un operatore sanitario. I consigli che chiamiamo \u00abLe 24 ore del dorso\u00bb sono un aiuto prezioso per gli adolescenti e i loro genitori. Molte delle nostre pazienti saranno orientate verso la nostra professione medica e paramedica.<\/p><p>3. In Italia, la riabilitazione posturale e i corsetti lionesi sono ampiamente utilizzati da oltre 50 anni. Attualmente, la formazione di fisioterapisti, tecnici ortopedici e medici \u00e8 assicurata dal Dr Jean Claude de Mauroy con una piattaforma specifica in Italia e centri di consulenza specializzati a Palermo, Bari e Piacenza per l&#8217;Italia settentrionale.<\/p><p>4. Il principio di questi centri specializzati \u00e8 l&#8217;inverso della medicina ospedaliera nella quale il paziente passa da servizio a servizio. Qui tutti i servizi sono raggruppati attorno al paziente con lo stesso addestramento e la stessa lingua. \u00c8 il dottore che corregge il paziente con il tecnico ortopedico. L&#8217;efficacia di tutti i corsetti viene controllata radiologicamente con sistemi che minimizzano l&#8217;irraggiamento.<\/p><p>5. La lingua italiana utilizza 3 parole per designare il corsetto. Il \u00abtutore\u00bb guider\u00e0 la crescita durante la notte. Il \u00abcorsetto\u00bb immobilizza il paziente ed il \u00abbusto\u00bb crea un&#8217;autentica correzione della curvatura scoliotica. Il busto lionese \u00e8 l&#8217;unico corsetto regolabile e trasparente. \u00c8 un corsetto di detorsione della colonna vertebrale. Egli \u00abguida\u00bb la spina dorsale nella direzione inversa alla deformazione scoliotica come farebbe una pista da bob. Inoltre, \u00e8 una specie di corazza che protegge il paziente in questo periodo difficile sia fisicamente che psicologicamente. \u00c8 il busto, il pi\u00f9 correttivo fatto con la tecnologia pi\u00f9 recente.<\/p><h3>Con il metodo lionese, il paziente e la sua famiglia beneficiano realmente di un lavoro di squadra a 360\u00ba e delle tecnologie pi\u00f9 moderne.<\/h3>\n\n\n","protected":false},"excerpt":{"rendered":"","protected":false},"author":1,"featured_media":0,"parent":0,"menu_order":0,"comment_status":"closed","ping_status":"closed","template":"","meta":{"om_disable_all_campaigns":false,"pagelayer_contact_templates":[],"_pagelayer_content":"","_monsterinsights_skip_tracking":false,"_monsterinsights_sitenote_active":false,"_monsterinsights_sitenote_note":"","_monsterinsights_sitenote_category":0,"footnotes":""},"class_list":["post-180","page","type-page","status-publish","hentry"],"aioseo_notices":[],"_links":{"self":[{"href":"https:\/\/lyonmethod.fr\/it\/wp-json\/wp\/v2\/pages\/180","targetHints":{"allow":["GET"]}}],"collection":[{"href":"https:\/\/lyonmethod.fr\/it\/wp-json\/wp\/v2\/pages"}],"about":[{"href":"https:\/\/lyonmethod.fr\/it\/wp-json\/wp\/v2\/types\/page"}],"author":[{"embeddable":true,"href":"https:\/\/lyonmethod.fr\/it\/wp-json\/wp\/v2\/users\/1"}],"replies":[{"embeddable":true,"href":"https:\/\/lyonmethod.fr\/it\/wp-json\/wp\/v2\/comments?post=180"}],"version-history":[{"count":4,"href":"https:\/\/lyonmethod.fr\/it\/wp-json\/wp\/v2\/pages\/180\/revisions"}],"predecessor-version":[{"id":185,"href":"https:\/\/lyonmethod.fr\/it\/wp-json\/wp\/v2\/pages\/180\/revisions\/185"}],"wp:attachment":[{"href":"https:\/\/lyonmethod.fr\/it\/wp-json\/wp\/v2\/media?parent=180"}],"curies":[{"name":"wp","href":"https:\/\/api.w.org\/{rel}","templated":true}]}}