{"id":554,"date":"2023-06-07T11:19:01","date_gmt":"2023-06-07T09:19:01","guid":{"rendered":"https:\/\/lyonmethod.fr\/ba\/?page_id=554"},"modified":"2023-07-03T18:07:47","modified_gmt":"2023-07-03T16:07:47","slug":"sintesi-del-sito-scoliosi","status":"publish","type":"page","link":"https:\/\/lyonmethod.fr\/ba\/sintesi-del-sito-scoliosi\/","title":{"rendered":"Sintesi del sito"},"content":{"rendered":"\n\n\n<div pagelayer-id=\"hls8548\" class=\"p-hls8548 pagelayer-post_props pagelayer-ele\" pagelayer-tag=\"pl_post_props\">\r\n<\/div>\r\n<p>&nbsp;<\/p>\r\n<div pagelayer-id=\"t021595\" class=\"p-t021595 pagelayer-row pagelayer-row-stretch-auto pagelayer-height-default pagelayer-ele\" pagelayer-tag=\"pl_row\">\r\n<style pagelayer-style-id=\"t021595\">.p-t021595 .pagelayer-col-holder{padding: 10px}\n.p-t021595 > .pagelayer-background-overlay{-webkit-transition: all 400ms !important; transition: all 400ms !important}\n.p-t021595 .pagelayer-svg-top .pagelayer-shape-fill{fill:#227bc3}\n.p-t021595 .pagelayer-row-svg .pagelayer-svg-top{width:100%;height:100px}\n.p-t021595 .pagelayer-svg-bottom .pagelayer-shape-fill{fill:#e44993}\n.p-t021595 .pagelayer-row-svg .pagelayer-svg-bottom{width:100%;height:100px}\n<\/style>\r\n\t\t\t\r\n\t\t\t\r\n\t\t\t\r\n\t\t\t\r\n\t\t\t<div class=\"pagelayer-row-holder pagelayer-row pagelayer-auto pagelayer-width-auto\"><div pagelayer-id=\"92k5153\" class=\"p-92k5153 pagelayer-col pagelayer-ele\" pagelayer-tag=\"pl_col\">\r\n<style pagelayer-style-id=\"92k5153\">.p-92k5153 > .pagelayer-background-overlay{-webkit-transition: all 400ms !important; transition: all 400ms !important}\n<\/style>\r\n\t\t\t\t\r\n\t\t\t\t\r\n\t\t\t\t\r\n\t\t\t\t<div class=\"pagelayer-col-holder\"><div pagelayer-id=\"wig3663\" class=\"p-wig3663 pagelayer-text pagelayer-ele\" pagelayer-tag=\"pl_text\">\r\n<div class=\"pagelayer-text-holder\" pagelayer-editable=\"text\">\r\n<p style=\"text-align: justify;\">La formazione presentata su questo sito \u00e8 completamente gratuita ed \u00e8 destinata ai professionisti della salute come formazione post-laurea. Il metodo lionese di fisioterapia della scoliosi \u00e8 una rieducazione pi\u00f9 globale del <strong>sistema posturale<\/strong> rispetto alla rieducazione della postura insegnata in fisioterapia, e comprende parte dell&#8217;insegnamento di Scienze Motorie e Sportive. Per capire meglio, il sistema posturale oscilla costantemente tra il feedback della fisioterapia e l&#8217;anticipazione dell&#8217;attivit\u00e0 sportiva.\u00a0L&#8217;obiettivo di questo sito per ciascuna delle due specialit\u00e0 \u00e8 quello di completare gratuitamente la formazione di base per la scoliosi e tutte le deviazioni vertebrali\u00a0come parte del trattamento dei pazienti. Per gli operatori sanitari che desiderano ottenere la certificazione \u00e8 disponibile una <a href=\"http:\/\/Per gli operatori sanitari che desiderano ottenere la certificazione \u00e8 disponibile una formazione specifica online.\">formazione specifica online<\/a>.<\/p>\r\n<\/div><\/div><div pagelayer-id=\"x8z1584\" class=\"p-x8z1584 pagelayer-text pagelayer-ele\" pagelayer-tag=\"pl_text\">\r\n<div class=\"pagelayer-text-holder\" pagelayer-editable=\"text\">\r\n<h2><strong>1 <a href=\"https:\/\/lyonmethod.fr\/ba\/\">Home<\/a><\/strong><\/h2>\r\n<\/div><\/div><div pagelayer-id=\"fbr3870\" class=\"p-fbr3870 pagelayer-text pagelayer-ele\" pagelayer-tag=\"pl_text\">\r\n<div class=\"pagelayer-text-holder\" pagelayer-editable=\"text\">\r\n<h2><strong>2 <a href=\"https:\/\/lyonmethod.fr\/ba\/blog\/\">Formazioni<\/a><\/strong><\/h2>\r\n<\/div><\/div><div pagelayer-id=\"zz0216\" class=\"p-zz0216 pagelayer-text pagelayer-ele\" pagelayer-tag=\"pl_text\">\r\n<div class=\"pagelayer-text-holder\" pagelayer-editable=\"text\">\r\n<h3>\u00a0 \u00a0 \u00a0 \u00a0 \u00a0 <strong><a href=\"https:\/\/lyonmethod.fr\/ba\/stimolazione-del-sistema-posturale-extrapiramidale\/\">Postura<\/a><\/strong> (<em>La scoliosi \u00e8 un ritardo nella maturazione del sistema posturale<\/em>.)<\/h3>\r\n<\/div><\/div><div pagelayer-id=\"dha797\" class=\"p-dha797 pagelayer-text pagelayer-ele\" pagelayer-tag=\"pl_text\">\r\n<div class=\"pagelayer-text-holder\" pagelayer-editable=\"text\">\r\n<h3>\u00a0 \u00a0 \u00a0 \u00a0 \u00a0 <strong><a href=\"https:\/\/lyonmethod.fr\/ba\/bipedalisme-e-verticalita\/\">Bipedalismo e Verticalit\u00e0<\/a><\/strong> (<em>Il sistema posturale controlla la verticalit\u00e0 nell&#8217;homo sapiens<\/em>)<\/h3>\r\n<\/div><\/div><div pagelayer-id=\"pln209\" class=\"p-pln209 pagelayer-text pagelayer-ele\" pagelayer-tag=\"pl_text\">\r\n<div class=\"pagelayer-text-holder\" pagelayer-editable=\"text\">\r\n<h3>\u00a0 \u00a0 \u00a0 \u00a0 \u00a0 <strong><a href=\"https:\/\/lyonmethod.fr\/pa\/tensegrita\/\">Tensegrit\u00e0<\/a><\/strong> (<em>L&#8217;integrit\u00e0 tensionale \u00e8 al suo apice tra i 15 e i 35 anni, consentendo un&#8217;attivit\u00e0 sportiva di alto livello<\/em>)<\/h3>\r\n<\/div><\/div><div pagelayer-id=\"kdc4431\" class=\"p-kdc4431 pagelayer-text pagelayer-ele\" pagelayer-tag=\"pl_text\">\r\n<div class=\"pagelayer-text-holder\" pagelayer-editable=\"text\">\r\n<h3>\u00a0 \u00a0 \u00a0 \u00a0 \u00a0 <strong><a href=\"https:\/\/lyonmethod.fr\/ba\/scoliosi-caotica\/\">Scoliosi caotica<\/a><\/strong> (<em>La teoria del caos applicata alla scoliosi di meno di 20\u00b0<\/em>)<\/h3>\r\n<\/div><\/div><div pagelayer-id=\"0fz5827\" class=\"p-0fz5827 pagelayer-text pagelayer-ele\" pagelayer-tag=\"pl_text\">\r\n<div class=\"pagelayer-text-holder\" pagelayer-editable=\"text\">\r\n<h3>\u00a0 \u00a0 \u00a0 \u00a0 \u00a0 <strong><a href=\"https:\/\/lyonmethod.fr\/pa\/lyon-shift\/\">Lyon shift<\/a><\/strong> (<em>traslazione + push up = piatto iliaco convesso e muro concavo in busto ARTbrace<\/em>)<\/h3>\r\n<\/div><\/div><div pagelayer-id=\"ubr7509\" class=\"p-ubr7509 pagelayer-text pagelayer-ele\" pagelayer-tag=\"pl_text\">\r\n<div class=\"pagelayer-text-holder\" pagelayer-editable=\"text\">\r\n<h3>\u00a0 \u00a0 \u00a0 \u00a0 \u00a0 <strong><a href=\"https:\/\/lyonmethod.fr\/ba\/deformazione-plastica\/\">Deformazione plastica<\/a><\/strong> (<em>vs deformazione elastica = tempo pieno iniziale in busto<\/em>)<\/h3>\r\n<\/div><\/div><div pagelayer-id=\"jho7148\" class=\"p-jho7148 pagelayer-text pagelayer-ele\" pagelayer-tag=\"pl_text\">\r\n<div class=\"pagelayer-text-holder\" pagelayer-editable=\"text\">\r\n<h3>\u00a0 \u00a0 \u00a0 \u00a0 \u00a0 <strong><a href=\"https:\/\/lyonmethod.fr\/ba\/nature-3d-della-scoliosi\/\">Natura 3D della scoliosi<\/a> <\/strong>(<em>Iperboloide con base indeformabile<\/em>)<\/h3>\r\n<\/div><\/div><div pagelayer-id=\"vrt7980\" class=\"p-vrt7980 pagelayer-text pagelayer-ele\" pagelayer-tag=\"pl_text\">\r\n<div class=\"pagelayer-text-holder\" pagelayer-editable=\"text\">\r\n<h4>\u00a0 \u00a0 \u00a0 \u00a0 \u00a0 \u00a0 \u00a0 \u00a0 \u00a0 \u00a0 <strong><a href=\"https:\/\/lyonmethod.fr\/ba\/movimenti-accoppiati\/\">Movimenti accopiati<\/a> <\/strong>(<em>Correzione frontale su una colonna vertebrale in equilibrio isocinetico sagittale<\/em>)<\/h4>\r\n<\/div><\/div><div pagelayer-id=\"ndk7445\" class=\"p-ndk7445 pagelayer-text pagelayer-ele\" pagelayer-tag=\"pl_text\">\r\n<div class=\"pagelayer-text-holder\" pagelayer-editable=\"text\">\r\n<h4>\u00a0 \u00a0 \u00a0 \u00a0 \u00a0 \u00a0 \u00a0 \u00a0 \u00a0 \u00a0 <strong><a href=\"https:\/\/lyonmethod.fr\/pa\/geometria-solida\/\">Geometria solida<\/a> <\/strong>(<em>Elicoide cerchiata con cerchio generatore orizzontale<\/em>)<\/h4>\r\n<\/div><\/div><div pagelayer-id=\"5lk2000\" class=\"p-5lk2000 pagelayer-text pagelayer-ele\" pagelayer-tag=\"pl_text\">\r\n<div class=\"pagelayer-text-holder\" pagelayer-editable=\"text\">\r\n<h2><strong>2 <a href=\"https:\/\/lyonmethod.fr\/ba\/services\/\">Informazioni<\/a><\/strong><\/h2>\r\n<\/div><\/div><div pagelayer-id=\"rql152\" class=\"p-rql152 pagelayer-text pagelayer-ele\" pagelayer-tag=\"pl_text\">\r\n<div class=\"pagelayer-text-holder\" pagelayer-editable=\"text\">\r\n<h3>\u00a0 \u00a0 \u00a0 \u00a0 \u00a0<a href=\"https:\/\/lyonmethod.fr\/ba\/storia-del-metodo-lionese\/\"> <strong>Storia<\/strong> del Metodo Lionese<\/a> (<em>Iniziata 200 anni fa con la pubblicazione di Charles Gabriel Pravaz<\/em>)<\/h3>\r\n<\/div><\/div><div pagelayer-id=\"8mq7477\" class=\"p-8mq7477 pagelayer-text pagelayer-ele\" pagelayer-tag=\"pl_text\">\r\n<div class=\"pagelayer-text-holder\" pagelayer-editable=\"text\">\r\n<h3>\u00a0 \u00a0 \u00a0 \u00a0 \u00a0 <a href=\"https:\/\/lyonmethod.fr\/pa\/radiologia-di-fronte-et-di-profilo\/\">Radiologia di <\/a><strong><a href=\"https:\/\/lyonmethod.fr\/pa\/radiologia-di-fronte-et-di-profilo\/\">fronte<\/a> <\/strong>(<em>Il Gold standard di Cobb<\/em>)<\/h3>\r\n<\/div><\/div><div pagelayer-id=\"r7d5316\" class=\"p-r7d5316 pagelayer-text pagelayer-ele\" pagelayer-tag=\"pl_text\">\r\n<div class=\"pagelayer-text-holder\" pagelayer-editable=\"text\">\r\n<h4>\u00a0 \u00a0 \u00a0 \u00a0 \u00a0 \u00a0 \u00a0 \u00a0 \u00a0 \u00a0 <a href=\"https:\/\/lyonmethod.fr\/pa\/radiologia-di-profilo\/\">Radiologia di <strong>profilo<\/strong><\/a> (<em>L&#8217;equilibrio isostatico in piano sagittale<\/em>)<\/h4>\r\n<\/div><\/div><div pagelayer-id=\"ele9447\" class=\"p-ele9447 pagelayer-text pagelayer-ele\" pagelayer-tag=\"pl_text\">\r\n<div class=\"pagelayer-text-holder\" pagelayer-editable=\"text\">\r\n<h3>\u00a0 \u00a0 \u00a0 \u00a0 \u00a0 <strong><a href=\"https:\/\/lyonmethod.fr\/ba\/gesso-digitale\/\">Gesso Digitale<\/a> <\/strong>(<em>La fusione di 3 correzioni effettuate direttamente sul paziente<\/em>)<\/h3>\r\n<\/div><\/div><div pagelayer-id=\"ab92071\" class=\"p-ab92071 pagelayer-text pagelayer-ele\" pagelayer-tag=\"pl_text\">\r\n<div class=\"pagelayer-text-holder\" pagelayer-editable=\"text\">\r\n<h3>\u00a0 \u00a0 \u00a0 \u00a0 \u00a0<strong> <a href=\"https:\/\/lyonmethod.fr\/ba\/libro-scoliosi\/\">Libro Scoliosi<\/a> <\/strong>(<em>La versione elettronica \u00e8 gratuita. Oltre 300 pagine e 1000 figure a colori<\/em>)<\/h3>\r\n<\/div><\/div><div pagelayer-id=\"mxd1826\" class=\"p-mxd1826 pagelayer-text pagelayer-ele\" pagelayer-tag=\"pl_text\">\r\n<div class=\"pagelayer-text-holder\" pagelayer-editable=\"text\">\r\n<h3>\u00a0 \u00a0 \u00a0 \u00a0 \u00a0 <strong><a href=\"https:\/\/lyonmethod.fr\/ba\/kinesis\/\">Kinesis Database<\/a> <\/strong>(<em>Il pi\u00f9 antico database di trattamenti conservativi al mondo<\/em>)<\/h3>\r\n<\/div><\/div><div pagelayer-id=\"ox92432\" class=\"p-ox92432 pagelayer-text pagelayer-ele\" pagelayer-tag=\"pl_text\">\r\n<div class=\"pagelayer-text-holder\" pagelayer-editable=\"text\">\r\n<h3>\u00a0 \u00a0 \u00a0 \u00a0 \u00a0 <strong><a href=\"https:\/\/lyonmethod.fr\/ba\/risultati-a-lungo-termine\/\">Risultati a lungo termine<\/a> <\/strong>(<em>Pi\u00f9 di 100 pazienti esaminati tra 20 e 30 anni dopo la rimozione del corsetto lionese<\/em>)<\/h3>\r\n<\/div><\/div><div pagelayer-id=\"maz6322\" class=\"p-maz6322 pagelayer-text pagelayer-ele\" pagelayer-tag=\"pl_text\">\r\n<div class=\"pagelayer-text-holder\" pagelayer-editable=\"text\">\r\n<h2><strong>3 <a href=\"https:\/\/lyonmethod.fr\/ba\/chi-siamo\/\">Chi siamo?<\/a> <\/strong>(<em>Centro Europeo della Colonna Vertebrale<\/em>)<\/h2>\r\n<\/div><\/div><div pagelayer-id=\"jfw8455\" class=\"p-jfw8455 pagelayer-text pagelayer-ele\" pagelayer-tag=\"pl_text\">\r\n<div class=\"pagelayer-text-holder\" pagelayer-editable=\"text\">\r\n<h3>\u00a0 \u00a0 \u00a0 \u00a0 \u00a0 <strong><a href=\"https:\/\/lyonmethod.fr\/ba\/esperienza\/\">Esperienza<\/a> <\/strong>(<em>La ricerca non potr\u00e0 mai sostituirla<\/em>)<\/h3>\r\n<\/div><\/div><div pagelayer-id=\"cas9203\" class=\"p-cas9203 pagelayer-text pagelayer-ele\" pagelayer-tag=\"pl_text\">\r\n<div class=\"pagelayer-text-holder\" pagelayer-editable=\"text\">\r\n<h3>\u00a0 \u00a0 \u00a0 \u00a0 \u00a0 <strong><a href=\"https:\/\/lyonmethod.fr\/ba\/contatto\/\">Conttato<\/a> <\/strong>(<em>il modo pi\u00f9 semplice \u00e8 via e-mail<\/em>)<\/h3>\r\n<\/div><\/div><div pagelayer-id=\"knw8221\" class=\"p-knw8221 pagelayer-text pagelayer-ele\" pagelayer-tag=\"pl_text\">\r\n<div class=\"pagelayer-text-holder\" pagelayer-editable=\"text\">\r\n<h2><strong>4 <a href=\"https:\/\/lyonmethod.fr\/ba\/pazienti\/\">Pazienti<\/a> <\/strong>(<em>Informazioni basate sull&#8217;esperienza e sulla ricerca<\/em>)<\/h2>\r\n<\/div><\/div><div pagelayer-id=\"vou1389\" class=\"p-vou1389 pagelayer-text pagelayer-ele\" pagelayer-tag=\"pl_text\">\r\n<div class=\"pagelayer-text-holder\" pagelayer-editable=\"text\">\r\n<h3>\u00a0 \u00a0 \u00a0 \u00a0 \u00a0 <a href=\"https:\/\/lyonmethod.fr\/ba\/perche-scegliere-il-metodo-lionese\/\"><strong>Perch\u00e9 scegliere il metodo lionese<\/strong><strong>?<\/strong><\/a>\u00a0 (<em>10 buone ragioni<\/em>)<\/h3>\r\n<\/div><\/div><div pagelayer-id=\"gg3196\" class=\"p-gg3196 pagelayer-text pagelayer-ele\" pagelayer-tag=\"pl_text\">\r\n<div class=\"pagelayer-text-holder\" pagelayer-editable=\"text\">\r\n<h3>\u00a0 \u00a0 \u00a0 \u00a0 \u00a0 <strong><a href=\"https:\/\/lyonmethod.fr\/ba\/eziologia-patogenesi\/\">Eziologia &#8211; Patogenesi<\/a> <\/strong>(<em>La scoliosi pu\u00f2 derivare da un numero molto elevato di alterazioni e disfunzioni<\/em>)<\/h3>\r\n<\/div><\/div><div pagelayer-id=\"y2r1629\" class=\"p-y2r1629 pagelayer-text pagelayer-ele\" pagelayer-tag=\"pl_text\">\r\n<div class=\"pagelayer-text-holder\" pagelayer-editable=\"text\">\r\n<h3>\u00a0 \u00a0 \u00a0 \u00a0\u00a0 \u00a0<strong><a href=\"https:\/\/lyonmethod.fr\/ba\/scoliosi-pediatrica\/\">Scoliosi pediatrica<\/a> <\/strong>(<em>L&#8217;ARTbrace \u00e8 il corsetto con il maggior potere correttivo<\/em>\u00a0) Video<\/h3>\r\n<\/div><\/div><div pagelayer-id=\"myv9769\" class=\"p-myv9769 pagelayer-text pagelayer-ele\" pagelayer-tag=\"pl_text\">\r\n<div class=\"pagelayer-text-holder\" pagelayer-editable=\"text\">\r\n<h3>\u00a0 \u00a0 \u00a0 \u00a0 \u00a0 <strong><a href=\"https:\/\/lyonmethod.fr\/pa\/scoliosi-pediatrica\/\">Scoliosi pediatrica<\/a> <\/strong>(<em>L&#8217;ARTbrace \u00e8 il corsetto con il maggior potere correttivo<\/em>\u00a0) Video<\/h3>\r\n<\/div><\/div><div pagelayer-id=\"0xq8310\" class=\"p-0xq8310 pagelayer-text pagelayer-ele\" pagelayer-tag=\"pl_text\">\r\n<div class=\"pagelayer-text-holder\" pagelayer-editable=\"text\">\r\n<h3>\u00a0 \u00a0 \u00a0 \u00a0 \u00a0 <strong><a href=\"https:\/\/lyonmethod.fr\/ba\/scoliosi-adulto\/\">Scoliosi adulto<\/a> <\/strong>(<em>Il corsetto ARTbrace per adulti \u00e8 l&#8217;unico corsetto correttivo e, nella maggior parte dei casi, consente di trattare l&#8217;instabilit\u00e0 senza intervento chirurgico.<\/em>) Video<\/h3>\r\n<\/div><\/div><div pagelayer-id=\"fe89907\" class=\"p-fe89907 pagelayer-text pagelayer-ele\" pagelayer-tag=\"pl_text\">\r\n<div class=\"pagelayer-text-holder\" pagelayer-editable=\"text\">\r\n<h3>\u00a0 \u00a0 \u00a0 \u00a0 \u00a0<strong> <a href=\"https:\/\/lyonmethod.fr\/ba\/cifosi\/\">Cifosi<\/a><\/strong>\u00a0(<em>Il trattamento dell&#8217;ipercifosi \u00e8 meno conosciuto di quello della scoliosi, ma \u00e8 importante perch\u00e9 il piano sagittale \u00e8 il nostro piano funzionale<\/em>.)<\/h3>\r\n<\/div><\/div><div pagelayer-id=\"yjf6010\" class=\"p-yjf6010 pagelayer-text pagelayer-ele\" pagelayer-tag=\"pl_text\">\r\n<div class=\"pagelayer-text-holder\" pagelayer-editable=\"text\">\r\n<h3>\u00a0 \u00a0 \u00a0 \u00a0 \u00a0 <strong><a href=\"https:\/\/lyonmethod.fr\/ba\/pectus-excavatum-carinatum\/\">Pectus excavatum e carinatum<\/a> <\/strong>(<em>Le deformit\u00e0 toraciche anteriori vanno corrette contemporaneamente alla scoliosi o alla cifosi<\/em>.)<\/h3>\r\n<\/div><\/div><div pagelayer-id=\"q1d2981\" class=\"p-q1d2981 pagelayer-text pagelayer-ele\" pagelayer-tag=\"pl_text\">\r\n<div class=\"pagelayer-text-holder\" pagelayer-editable=\"text\">\r\n<h3>\u00a0 \u00a0 \u00a0 \u00a0 \u00a0 <strong><a href=\"https:\/\/lyonmethod.fr\/ba\/spondilolistesi\/\">Spondilolistesi<\/a> <\/strong>(<em>La spondilolisi si verifica nel 20% delle scoliosi lombari. Il corsetto deve impedire che il sacro diventi verticale.<\/em>)<\/h3>\r\n<\/div><\/div><div pagelayer-id=\"zsp6599\" class=\"p-zsp6599 pagelayer-text pagelayer-ele\" pagelayer-tag=\"pl_text\">\r\n<div class=\"pagelayer-text-holder\" pagelayer-editable=\"text\">\r\n<h3>\u00a0 \u00a0 \u00a0 \u00a0 \u00a0 <strong><a href=\"https:\/\/lyonmethod.fr\/ba\/scuola-del-dorso-per-scoliosi\/\">Scuola del dorso per scoliosi<\/a><\/strong>\u00a0(<em>Il sistema posturale reagisce all&#8217;ambiente, che deve essere attentamente adattato nella scoliosi<\/em>.) Video<\/h3>\r\n<\/div><\/div><div pagelayer-id=\"jue9176\" class=\"p-jue9176 pagelayer-text pagelayer-ele\" pagelayer-tag=\"pl_text\">\r\n<div class=\"pagelayer-text-holder\" pagelayer-editable=\"text\">\r\n<h4>\u00a0 \u00a0 \u00a0 \u00a0 \u00a0 \u00a0 \u00a0 \u00a0 \u00a0 \u00a0 <strong><a href=\"https:\/\/lyonmethod.fr\/ba\/vita-quotidiana-sport\/\">Vita quotidiana e Sport<\/a> <\/strong>(<em>Risposte alle domande pi\u00f9 frequenti<\/em>)<\/h4>\r\n<\/div><\/div><div pagelayer-id=\"w541045\" class=\"p-w541045 pagelayer-text pagelayer-ele\" pagelayer-tag=\"pl_text\">\r\n<div class=\"pagelayer-text-holder\" pagelayer-editable=\"text\">\r\n<h2><strong>5 <a href=\"https:\/\/lyonmethod.fr\/ba\/fisioterapia\/\">Fisioterapia<\/a><\/strong><\/h2>\r\n<\/div><\/div><div pagelayer-id=\"oyz2313\" class=\"p-oyz2313 pagelayer-text pagelayer-ele\" pagelayer-tag=\"pl_text\">\r\n<div class=\"pagelayer-text-holder\" pagelayer-editable=\"text\">\r\n<h3>\u00a0 \u00a0 \u00a0 \u00a0 \u00a0 <strong><a href=\"https:\/\/lyonmethod.fr\/ba\/metodo-lionese-principi\/\">Metodo lionese: Principi<\/a> <\/strong>(<em>Stimolazione e riprogrammazione del sistema posturale nella posizione corretta<\/em>)<\/h3>\r\n<\/div><\/div><div pagelayer-id=\"jj04599\" class=\"p-jj04599 pagelayer-text pagelayer-ele\" pagelayer-tag=\"pl_text\">\r\n<div class=\"pagelayer-text-holder\" pagelayer-editable=\"text\">\r\n<h3>\u00a0 \u00a0 \u00a0 \u00a0 \u00a0 <strong><a href=\"https:\/\/lyonmethod.fr\/ba\/metodo-lionese-121-esercizi-di-base\/\">Metodo lionese: 13 esercizi di base<\/a> <\/strong>(<em>Esercizi specifici per la scoliosi durante la crescita<\/em>)<\/h3>\r\n<\/div><\/div><div pagelayer-id=\"ief1262\" class=\"p-ief1262 pagelayer-text pagelayer-ele\" pagelayer-tag=\"pl_text\">\r\n<div class=\"pagelayer-text-holder\" pagelayer-editable=\"text\">\r\n<h3>\u00a0 \u00a0 \u00a0 \u00a0 \u00a0\u00a0<strong><a href=\"https:\/\/lyonmethod.fr\/pa\/convalidazione\/\">Convalidazione Metodo lionese<\/a>\u00a0<\/strong>(<em>Unico metodo convalidato scientificamente e certificato<\/em>)<\/h3>\r\n<\/div><\/div><div pagelayer-id=\"kpy9916\" class=\"p-kpy9916 pagelayer-text pagelayer-ele\" pagelayer-tag=\"pl_text\">\r\n<div class=\"pagelayer-text-holder\" pagelayer-editable=\"text\">\r\n<h2><strong>6 <a href=\"https:\/\/lyonmethod.fr\/ba\/busto\/\">Busto<\/a>\u00a0<\/strong>(<em>Il software CAD\/CAM (Computer-Aided Design e Computer-Aided Manufacturing) viene utilizzato per la progettazione e la realizzazione dei busti di scoliosi<\/em>)\u00a0<\/h2>\r\n<\/div><\/div><div pagelayer-id=\"wcr3829\" class=\"p-wcr3829 pagelayer-text pagelayer-ele\" pagelayer-tag=\"pl_text\">\r\n<div class=\"pagelayer-text-holder\" pagelayer-editable=\"text\">\r\n<h3>\u00a0 \u00a0 \u00a0 \u00a0 \u00a0 <strong><a href=\"https:\/\/lyonmethod.fr\/ba\/obiettivi-dei-busti\/\">Obiettivi dei busti<\/a> <\/strong>(<em>Esistono numerosi corsetti con varie correzioni nei 3 piani<\/em>)<\/h3>\r\n<\/div><\/div><div pagelayer-id=\"c5m8764\" class=\"p-c5m8764 pagelayer-text pagelayer-ele\" pagelayer-tag=\"pl_text\">\r\n<div class=\"pagelayer-text-holder\" pagelayer-editable=\"text\">\r\n<h3>\u00a0 \u00a0 \u00a0 \u00a0 \u00a0\u00a0<strong><a href=\"https:\/\/lyonmethod.fr\/ba\/base-matematica\/\">Base matematica<\/a><\/strong> (<em>Video gratuita di formazione &#8211; Palermo, Ordine dei medici<\/em>)<\/h3>\r\n<\/div><\/div><div pagelayer-id=\"qhm1302\" class=\"p-qhm1302 pagelayer-text pagelayer-ele\" pagelayer-tag=\"pl_text\">\r\n<div class=\"pagelayer-text-holder\" pagelayer-editable=\"text\">\r\n<h3>\u00a0 \u00a0 \u00a0 \u00a0 \u00a0\u00a0<strong><a href=\"https:\/\/lyonmethod.fr\/ba\/base-biomeccanica\/\">Base biomeccanica<\/a>\u00a0\u00a0<\/strong>(<em>Video gratuita di formazione &#8211; Palermo, Ordine dei medici<\/em>)<\/h3>\r\n<\/div><\/div><div pagelayer-id=\"le26594\" class=\"p-le26594 pagelayer-text pagelayer-ele\" pagelayer-tag=\"pl_text\">\r\n<div class=\"pagelayer-text-holder\" pagelayer-editable=\"text\">\r\n<h3>\u00a0 \u00a0 \u00a0 \u00a0 \u00a0 <strong><a href=\"https:\/\/lyonmethod.fr\/ba\/gesso-digitale-regionale\/\">Gesso digitale Regionale<\/a>\u00a0\u00a0<\/strong>(<em>Video gratuita di formazione &#8211; Palermo, Ordine dei medici<\/em>)<\/h3>\r\n<\/div><\/div><\/div><\/div><\/div><\/div>\r\n<p>&nbsp;<\/p>\n\n\n\n","protected":false},"excerpt":{"rendered":"","protected":false},"author":1,"featured_media":0,"parent":0,"menu_order":0,"comment_status":"closed","ping_status":"closed","template":"","meta":{"om_disable_all_campaigns":false,"_monsterinsights_skip_tracking":false,"_monsterinsights_sitenote_active":false,"_monsterinsights_sitenote_note":"","_monsterinsights_sitenote_category":0,"two_page_speed":[],"footnotes":""},"categories":[],"tags":[],"class_list":["post-554","page","type-page","status-publish","hentry"],"aioseo_notices":[],"_links":{"self":[{"href":"https:\/\/lyonmethod.fr\/ba\/wp-json\/wp\/v2\/pages\/554","targetHints":{"allow":["GET"]}}],"collection":[{"href":"https:\/\/lyonmethod.fr\/ba\/wp-json\/wp\/v2\/pages"}],"about":[{"href":"https:\/\/lyonmethod.fr\/ba\/wp-json\/wp\/v2\/types\/page"}],"author":[{"embeddable":true,"href":"https:\/\/lyonmethod.fr\/ba\/wp-json\/wp\/v2\/users\/1"}],"replies":[{"embeddable":true,"href":"https:\/\/lyonmethod.fr\/ba\/wp-json\/wp\/v2\/comments?post=554"}],"version-history":[{"count":15,"href":"https:\/\/lyonmethod.fr\/ba\/wp-json\/wp\/v2\/pages\/554\/revisions"}],"predecessor-version":[{"id":635,"href":"https:\/\/lyonmethod.fr\/ba\/wp-json\/wp\/v2\/pages\/554\/revisions\/635"}],"wp:attachment":[{"href":"https:\/\/lyonmethod.fr\/ba\/wp-json\/wp\/v2\/media?parent=554"}],"wp:term":[{"taxonomy":"category","embeddable":true,"href":"https:\/\/lyonmethod.fr\/ba\/wp-json\/wp\/v2\/categories?post=554"},{"taxonomy":"post_tag","embeddable":true,"href":"https:\/\/lyonmethod.fr\/ba\/wp-json\/wp\/v2\/tags?post=554"}],"curies":[{"name":"wp","href":"https:\/\/api.w.org\/{rel}","templated":true}]}}