{"id":32,"date":"2022-12-22T17:05:37","date_gmt":"2022-12-22T16:05:37","guid":{"rendered":"https:\/\/lyonmethod.fr\/ba\/?page_id=32"},"modified":"2023-06-05T15:33:54","modified_gmt":"2023-06-05T13:33:54","slug":"geometria-solida","status":"publish","type":"page","link":"https:\/\/lyonmethod.fr\/ba\/geometria-solida\/","title":{"rendered":"Geometria solida"},"content":{"rendered":"\r\n\r\n\r\n\r\n\r\n\r\n\r\n<h1>Geometria solida<\/h1>\r\n\r\n\r\n\r\n<p>A differenza della chirurgia, che agisce direttamente sulla colonna vertebrale, il busto e la fisioterapia agiscono sulla colonna vertebrale attraverso la superficie esterna del tronco, che pu\u00f2 essere assimilata a una struttura pseudo-cilindrica di tipo &#8220;<strong>iperboloide<\/strong>&#8220;.\u00a0La geometria piana doveva essere sostituita dalla geometria solida\u00a0per il trattamento conservativo.<\/p>\r\n\r\n\r\n\r\n\r\n\r\n<p>Tale struttura ha 3 assi, un asse verticale Z e due assi orizzontali ortogonali X e Y. La traslazione lungo l&#8217;asse Z o l&#8217;allungamento vertebrale sono comuni sia alla chirurgia che al trattamento conservativo. Si tratta di una <strong>detorsione geometrica<\/strong>.<\/p>\r\n\r\n\r\n\r\n<p>La rotazione lungo l&#8217;asse Z si ottiene attraverso gli assi orizzontali X e Y. In una struttura iperboloide, la torsione o la <strong>detorsione meccanica<\/strong> sar\u00e0 identica qualunque sia il piano degli assi orizzontali. Il metodo lionese privilegia l&#8217;asse X sul piano frontale e l&#8217;asse Y sul piano sagittale. I <strong>movimenti accoppiati<\/strong> saranno eseguiti su questi due piani. I movimenti saranno diversi per la regione toracica e per la regione lombare a causa delle particolarit\u00e0 anatomiche delle articolazioni delle faccette posteriori.<\/p>\r\n\r\n\r\n\r\n<p>Il passaggio dal sistema a 3 punti in un piano e dalla derotazione alla detorsione richiede un cambiamento di geometria dalla geometria piana alla geometria solida.<\/p>\r\n\r\n\r\n\r\n\r\n\r\n\r\n\r\n\r\n\r\n\r\n\r\n\r\n\r\n<p>La colonna torsa \u00e8 un elicoide con un cerchio generatore orizzontale. Oltre alla torsione, c&#8217;\u00e8 una traslazione in un piano orizzontale.<\/p>\r\n\r\n\r\n\r\n\r\n\r\n\r\n\r\n\r\n\r\n\r\n\r\n\r\n\r\n<p>Oltre alla torsione, la vertebra apicale si allontana dall&#8217;asse verticale in un piano orizzontale specifico per ogni vertebra.<\/p>\r\n\r\n\r\n\r\n\r\n\r\n\r\n\r\n\r\n\r\n\r\n\r\n\r\n\r\n<p>La detorsione richiede due pezzi fissi alle due estremit\u00e0 e un raggruppamento delle vertebre lungo l&#8217;asse verticale.<\/p>\r\n\r\n\r\n\r\n\r\n\r\n\r\n\r\n\r\n\r\n\r\n\r\n\r\n\r\n<p>Nella geometria solida ci sono due detorsioni, la detorsione geometrica che \u00e8 una traslazione lungo l&#8217;asse verticale.<\/p>\r\n\r\n\r\n\r\n\r\n\r\n\r\n\r\n\r\n\r\n\r\n\r\n\r\n\r\n<p>e la detorsione meccanica della superficie esterna del tronco a livello toracico e lombare. Questa detorsione meccanica \u00e8 ottenuta dai movimenti accoppiati.<\/p>\r\n\r\n\r\n\r\n\r\n\r\n\r\n\r\n\r\n\r\n\r\n\r\n\r\n\r\n<p>Maggiore \u00e8 la curvatura, pi\u00f9 efficace \u00e8 la detorsione geometrica. Per angolazioni inferiori a 40\u00b0, la detorsione meccanica \u00e8 la pi\u00f9 correttiva.<\/p>\r\n\r\n\r\n\r\n\r\n\r\n\r\n\r\n\r\n\r\n\r\n\r\n\r\n\r\n<p>In conclusione,<\/p>\r\n<p>&nbsp;<\/p>\r\n<p>Le due detorsioni saranno accoppiate durante la creazione del corsetto secondo l&#8217;angolazione della curvatura.<\/p>\r\n\r\n<p>&nbsp;<\/p>","protected":false},"excerpt":{"rendered":"<p>&nbsp;<\/p>\n","protected":false},"author":1,"featured_media":0,"parent":0,"menu_order":0,"comment_status":"closed","ping_status":"closed","template":"","meta":{"om_disable_all_campaigns":false,"_monsterinsights_skip_tracking":false,"_monsterinsights_sitenote_active":false,"_monsterinsights_sitenote_note":"","_monsterinsights_sitenote_category":0,"two_page_speed":[],"footnotes":""},"categories":[52,62,74,55,61,54,64,56],"tags":[9,11,21,10,8],"class_list":["post-32","page","type-page","status-publish","hentry","category-3d","category-artbrace","category-biomeccanica","category-busto","category-corsetto","category-metodo-lionese","category-ortopedia","category-scoliosi","tag-bari","tag-biomeccanica","tag-busto","tag-puglia","tag-scoliosi"],"aioseo_notices":[],"_links":{"self":[{"href":"https:\/\/lyonmethod.fr\/ba\/wp-json\/wp\/v2\/pages\/32","targetHints":{"allow":["GET"]}}],"collection":[{"href":"https:\/\/lyonmethod.fr\/ba\/wp-json\/wp\/v2\/pages"}],"about":[{"href":"https:\/\/lyonmethod.fr\/ba\/wp-json\/wp\/v2\/types\/page"}],"author":[{"embeddable":true,"href":"https:\/\/lyonmethod.fr\/ba\/wp-json\/wp\/v2\/users\/1"}],"replies":[{"embeddable":true,"href":"https:\/\/lyonmethod.fr\/ba\/wp-json\/wp\/v2\/comments?post=32"}],"version-history":[{"count":11,"href":"https:\/\/lyonmethod.fr\/ba\/wp-json\/wp\/v2\/pages\/32\/revisions"}],"predecessor-version":[{"id":545,"href":"https:\/\/lyonmethod.fr\/ba\/wp-json\/wp\/v2\/pages\/32\/revisions\/545"}],"wp:attachment":[{"href":"https:\/\/lyonmethod.fr\/ba\/wp-json\/wp\/v2\/media?parent=32"}],"wp:term":[{"taxonomy":"category","embeddable":true,"href":"https:\/\/lyonmethod.fr\/ba\/wp-json\/wp\/v2\/categories?post=32"},{"taxonomy":"post_tag","embeddable":true,"href":"https:\/\/lyonmethod.fr\/ba\/wp-json\/wp\/v2\/tags?post=32"}],"curies":[{"name":"wp","href":"https:\/\/api.w.org\/{rel}","templated":true}]}}