{"id":157,"date":"2023-04-04T14:23:42","date_gmt":"2023-04-04T12:23:42","guid":{"rendered":"https:\/\/lyonmethod.fr\/ba\/?page_id=157"},"modified":"2023-06-01T18:59:29","modified_gmt":"2023-06-01T16:59:29","slug":"tensegrita","status":"publish","type":"page","link":"https:\/\/lyonmethod.fr\/ba\/tensegrita\/","title":{"rendered":"Tensegrit\u00e0"},"content":{"rendered":"\n\n\n\r\n<h1>Integrit\u00e0 Tensionale &#8211; Tensegrit\u00e0<\/h1>\r\n<p>La Tensegrit\u00e0 \u00e8 la capacit\u00e0 di una struttura di equilibrarsi, tramite la presenza contemporanea sia di sforzi di trazione che di compressione.<\/p>\r\n<p>Quando l&#8217;angolazione della scoliosi supera i 25\u00b0, la struttura ossea si deforma e la tensione del legamento di concavit\u00e0\/convessit\u00e0 cambia<\/p>\r\n\n\n\n\n\n\n\n\n\n\n\r\n<p>Queste deformazioni creano il circolo vizioso ben descritto da Ian Stokes<\/p>\r\n\n\n\n\n\n\n\n\n\n\n\r\n<p>Questo circolo vizioso si verifica soprattutto durante la crescita puberale di circa 25 cm nella colonna vertebrale. La crescita avviene a livello dell&#8217;osso ed \u00e8 rallentata dai legamenti.<\/p>\r\n\n\n\n\n\n\n\n\n\n\n\r\n<p>Tutta la colonna vertebrale \u00e8 una struttura di integrit\u00e0 tensile con una muscolatura triangolare.<\/p>\r\n\n\n\n\n\n\n\n\n\n\n\r\n<p>I dischi intervertebrali hanno anche una struttura di integrit\u00e0 tensionale.<\/p>\r\n\n\n\n\n\n\n\n\n\n\n\r\n<p>La deformazione plastica del gesso altera la lunghezza dei tessuti molli, specialmente i legamenti e le fasce. La fisioterapia isolata e il corsetto a tempo parziale rimangono a livello di deformazione elastica.<\/p>\r\n\n\n\n\n\n\n\n\n\n\n\r\n<p>In un sistema di integrit\u00e0 tensionale, un piccolo cambiamento nella lunghezza influenzer\u00e0 l&#8217;intera struttura, questa \u00e8 la non linearit\u00e0 geometrica. Il punto di applicazione del carico non viene pi\u00f9 trasmesso a tutta la colonna vertebrale, come una ruota con un raggio allentato.<\/p>\r\n\n\n\n\n\n\n\n\n\n\n\r\n<p>Bisogna anche notare che la mobilit\u00e0 di tutti i segmenti \u00e8 necessaria per l&#8217;integrit\u00e0 tensionale. La fisioterapia ha quindi due obiettivi:\u00a0<\/p>\r\n<p>1. mobilizzazione miotensiva di tutti i segmenti vertebrali incluso il segmento scapolare e pelvico.\u00a0<\/p>\r\n<p>2. riprogrammare il sistema posturale con le nuove lunghezze corrette. Gli esercizi sono identici a quelli per la stimolazione isolata del sistema extrapiramidale.<\/p>\r\n\n\n\n\n\n\n\r\n<h1>Video estratto dalla <a href=\"https:\/\/www.sirer.org\/IT\/index.php?lang=it\">Certificazione al metodo lionese<\/a>.<\/h1>\r\n\n\r\n<div style=\"padding: 56.25% 0 0 0; position: relative;\"><iframe style=\"position: absolute; top: 0; left: 0; width: 100%; height: 100%;\" title=\"1.2.b.IT Tensegrit&amp;agrave;\" src=\"https:\/\/player.vimeo.com\/video\/442798514?h=9bed597201&amp;badge=0&amp;autopause=0&amp;player_id=0&amp;app_id=58479\" frameborder=\"0\" allowfullscreen=\"allowfullscreen\"><\/iframe><\/div>\r\n<p><script src=\"https:\/\/player.vimeo.com\/api\/player.js\"><\/script><\/p>\r\n\n\n\n","protected":false},"excerpt":{"rendered":"","protected":false},"author":1,"featured_media":0,"parent":0,"menu_order":0,"comment_status":"closed","ping_status":"closed","template":"","meta":{"om_disable_all_campaigns":false,"_monsterinsights_skip_tracking":false,"_monsterinsights_sitenote_active":false,"_monsterinsights_sitenote_note":"","_monsterinsights_sitenote_category":0,"two_page_speed":[],"footnotes":""},"categories":[],"tags":[9,45,24,10,8,46],"class_list":["post-157","page","type-page","status-publish","hentry","tag-bari","tag-fisiologie","tag-metodo-lionese","tag-puglia","tag-scoliosi","tag-tensegrita"],"aioseo_notices":[],"_links":{"self":[{"href":"https:\/\/lyonmethod.fr\/ba\/wp-json\/wp\/v2\/pages\/157","targetHints":{"allow":["GET"]}}],"collection":[{"href":"https:\/\/lyonmethod.fr\/ba\/wp-json\/wp\/v2\/pages"}],"about":[{"href":"https:\/\/lyonmethod.fr\/ba\/wp-json\/wp\/v2\/types\/page"}],"author":[{"embeddable":true,"href":"https:\/\/lyonmethod.fr\/ba\/wp-json\/wp\/v2\/users\/1"}],"replies":[{"embeddable":true,"href":"https:\/\/lyonmethod.fr\/ba\/wp-json\/wp\/v2\/comments?post=157"}],"version-history":[{"count":5,"href":"https:\/\/lyonmethod.fr\/ba\/wp-json\/wp\/v2\/pages\/157\/revisions"}],"predecessor-version":[{"id":459,"href":"https:\/\/lyonmethod.fr\/ba\/wp-json\/wp\/v2\/pages\/157\/revisions\/459"}],"wp:attachment":[{"href":"https:\/\/lyonmethod.fr\/ba\/wp-json\/wp\/v2\/media?parent=157"}],"wp:term":[{"taxonomy":"category","embeddable":true,"href":"https:\/\/lyonmethod.fr\/ba\/wp-json\/wp\/v2\/categories?post=157"},{"taxonomy":"post_tag","embeddable":true,"href":"https:\/\/lyonmethod.fr\/ba\/wp-json\/wp\/v2\/tags?post=157"}],"curies":[{"name":"wp","href":"https:\/\/api.w.org\/{rel}","templated":true}]}}