{"id":115,"date":"2023-04-04T10:24:44","date_gmt":"2023-04-04T08:24:44","guid":{"rendered":"https:\/\/lyonmethod.fr\/ba\/home-2\/"},"modified":"2025-11-21T08:17:19","modified_gmt":"2025-11-21T07:17:19","slug":"home-2","status":"publish","type":"page","link":"https:\/\/lyonmethod.fr\/ba\/","title":{"rendered":"Home"},"content":{"rendered":"\n\n\n\n\n\n\n<h1 style=\"text-align: right;\"><br><\/h1>\n<h1 style=\"text-align: right;\">Trattamento non chirurgico della scoliosi a Bari<\/h1>\n\r\n<h2>\u00a0<\/h2>\r\n\n\n\n<p style=\"text-align: justify;\"><em style=\"background-color: #fabda0;\">Il metodo lionese per il trattamento della scoliosi \u00e8 presente a Bari da oltre 30 anni. Il dottor de Mauroy continua a visitare a Bari (Centro Scoliosi &#8211; Medicasud) ed esegue le correzioni direttamente sul paziente con l&#8217;officina ortopedica <a href=\"https:\/\/www.ortopediatombolini.it\/cosa-proponiamo\/dispositivi-ortopedici-su-misura\/ortesi-spinali\/\">Tombolini<\/a>&nbsp;per creare i corsetti ARTbrace (Correzione media del 70%, Possibilit\u00e0 dopo Risser 2 e oltre 40\u00b0).<\/em><\/p>\n\n\n\n\n\n\n\n\n\n\n\n\n\n\n\n\r\n<h2>200 anni\u00a0\u00a0<\/h2>\r\n\n\r\n<h6>Nuovo metodo per il trattamento delle deviazioni vertebrali<\/h6>\r\n\n\r\n<h6>(Pravaz 1827)<\/h6>\r\n\n\n\r\n<h3>Charles G. Pravaz<\/h3>\r\n\n\r\n<h6><span style=\"text-decoration-style: initial;\">Inventore della siringa, ma anche del Metodo Lionese<\/span><\/h6>\r\n\n\n\r\n<h2>70%<\/h2>\r\n\n\r\n<h6><span style=\"text-decoration-style: initial;\">Tasso medio di correzione angolare in ARTbrace<\/span><\/h6>\r\n\n\n\n\r\n<p><a href=\"https:\/\/lyonmethod.fr\/ba\/validazione-metodo-lionese\/\">Il metodo lionese \u00e8 l&#8217;unico convalidato e certificato.<\/a><\/p>\r\n\n<p>Unico metodo che combina esercizi e ortesi con un meccanismo di correzione identico.<\/p>\n\n\n\r\n<p>Corsetto di detorsione con correzioni effettuate direttamente sul paziente.<\/p>\r\n\n\r\n<p>Nella posizione corretta. Le correzioni sono fatte direttamente sul paziente.<\/p>\r\n\n\n\n\n\n\n\n\r\n<h4>#metodolionese<\/h4>\r\n\n<p><span style=\"font-family: 'Playfair Display'; font-size: 26px; text-align: justify;\">10 buoni motivi per scegliere il metodo lionese per la scoliosi<\/span><\/p>\n<h3 style=\"font-family: 'Playfair Display'; line-height: 1.4; margin-top: 20px; margin-bottom: 10px; font-size: 17px; letter-spacing: 0px; text-transform: inherit; text-align: justify;\">1. Il metodo lionese \u00e8 il pi\u00f9 antico trattamento conservativo della scoliosi. Si pu\u00f2 beneficiare di&nbsp;<em>200 anni di esperienza nel campo della fisioterapia e dei corsetti<\/em>.<\/h3>\n<h3 style=\"font-family: 'Playfair Display'; line-height: 1.4; margin-top: 20px; margin-bottom: 10px; font-size: 17px; letter-spacing: 0px; text-transform: inherit; text-align: justify;\">2. Il metodo lionese \u00e8 il primo ad aver creato nel 1998 un&nbsp;<em>database prospettico computerizzato &#8220;kinesis&#8221;<\/em>&nbsp;che consente di presentare i risultati reali su tutti i pazienti senza alcun pregiudizio di selezione.<\/h3>\n<h3 style=\"font-family: 'Playfair Display'; line-height: 1.4; margin-top: 20px; margin-bottom: 10px; font-size: 17px; letter-spacing: 0px; text-transform: inherit; text-align: justify;\">3. Il metodo lionese \u00e8 stato il primo, dal 1986, a produrre corsetti utilizzando la moderna tecnica&nbsp;<em>CAD\/CAM<\/em>&nbsp;che garantisce una migliore correzione.<\/h3>\n<h3 style=\"font-family: 'Playfair Display'; line-height: 1.4; margin-top: 20px; margin-bottom: 10px; font-size: 17px; letter-spacing: 0px; text-transform: inherit; text-align: justify;\">4. Dal 1982, il metodo lionese \u00e8 stato il primo a integrare&nbsp;<em>il piano sagittale<\/em>&nbsp;con la correzione frontale e grazie all&#8217;imaging EOS,&nbsp;<em>l&#8217;equilibrio isostatico sul piano sagittale<\/em>&nbsp;in funzione dell&#8217;incidenza pelvica.<\/h3>\n<h3 style=\"font-family: 'Playfair Display'; line-height: 1.4; margin-top: 20px; margin-bottom: 10px; font-size: 17px; letter-spacing: 0px; text-transform: inherit; text-align: justify;\">5. La&nbsp;<em>correzione del corsetto<\/em>&nbsp;viene eseguita&nbsp;<em>direttamente sul paziente<\/em>&nbsp;e non in base alla radiografia. In ortopedia trattiamo un paziente, non una radiografia. La correzione \u00e8 la stessa per la fisioterapia e per il corsetto.<\/h3>\n<h3 style=\"font-family: 'Playfair Display'; line-height: 1.4; margin-top: 20px; margin-bottom: 10px; font-size: 17px; letter-spacing: 0px; text-transform: inherit; text-align: justify;\">6. Il metodo lionese \u00e8 l&#8217;unico a presentare risultati a&nbsp;<em>lungo termine (20-30 anni)<\/em>&nbsp;con un&nbsp;<em>significativo rallentamento della storia naturale della scoliosi in et\u00e0 adulta<\/em>.<\/h3>\n<h3 style=\"font-family: 'Playfair Display'; line-height: 1.4; margin-top: 20px; margin-bottom: 10px; font-size: 17px; letter-spacing: 0px; text-transform: inherit; text-align: justify;\">7. La scoliosi \u00e8 una deviazione 3D della colonna vertebrale, ma il metodo lionese \u00e8 l&#8217;unico che spiega come correggere la colonna vertebrale dalla superficie esterna del tronco con&nbsp;<em>l&#8217;iperboloide come modello.<\/em><\/h3>\n<h3 style=\"font-family: 'Playfair Display'; line-height: 1.4; margin-top: 20px; margin-bottom: 10px; font-size: 17px; letter-spacing: 0px; text-transform: inherit; text-align: justify;\">8.&nbsp;<span style=\"letter-spacing: 0px; text-transform: inherit;\">L&#8217;origine della scoliosi risiede nel sistema extrapiramidale che controlla la postura.. La fisioterapia del metodo lionese \u00e8 l&#8217;unica che si basa&nbsp;<\/span><em style=\"letter-spacing: 0px; text-transform: inherit;\">sulla stimolazione del sistema posturale extrapiramidale<\/em><span style=\"letter-spacing: 0px; text-transform: inherit;\">.<\/span><\/h3>\n<h3 style=\"font-family: 'Playfair Display'; line-height: 1.4; margin-top: 20px; margin-bottom: 10px; font-size: 17px; letter-spacing: 0px; text-transform: inherit; text-align: justify;\">9. La formazione al Metodo lionese \u00e8 l&#8217;unica&nbsp;<em>disponibile on-line<\/em>&nbsp;e permette a tutti i fisioterapisti e ortopedici di essere&nbsp;<em>certificati<\/em>.<\/h3>\n<h3 style=\"box-sizing: border-box; font-family: 'Playfair Display'; font-weight: 500; line-height: 1.4; color: #000000; margin-top: 20px; margin-bottom: 10px; font-size: 17px; letter-spacing: 0px; text-transform: inherit; text-align: justify;\">10. Il nuovo ARTbrace lionese \u00e8 l&#8217;unico a trattare&nbsp;<em style=\"box-sizing: border-box;\">l&#8217;instabilit\u00e0 nella scoliosi dell&#8217;adulto<\/em>&nbsp;e rappresenta una reale&nbsp;<em style=\"box-sizing: border-box;\">alternativa all&#8217;intervento chirurgico<\/em>.<\/h3>\n\r\n<h2 style=\"color: #040404;\">3 Caratteristiche originali del Metodo Lionese di Fisioterapia per la scoliosi<\/h2>\r\n\n\n\n\r\n<p style=\"font-size: 22px; font-weight: 500; color: #fff; line-height: 1.5; padding-top: 45px;\">Stimolazione posturale<\/p>\r\n\n\n\n\r\n<p style=\"font-size: 22px; font-weight: 500; color: #fff; line-height: 1.5; padding-top: 45px;\">Tensegrity<\/p>\r\n\n\n\n\r\n<p style=\"font-size: 22px; font-weight: 500; color: #fff; line-height: 1.5; padding-top: 45px;\">Lione Shift lombare<\/p>\r\n\n\n\n\n\n\n\n\r\n<h4>#Centro Europeo della Colonna Vertebrale<\/h4>\r\n\n\r\n<h2>Esperienza, pratica, ma anche formazione e ricerca clinica.<\/h2>\r\n\n\n\n\n\n\r\n<h6>1.\u00a0Non si tratta una radiografia, ma un paziente.<\/h6>\r\n<h2>\u00a0<\/h2>\r\n\n\n\n\n\n\n\r\n<h6>2. Sviluppo continuo degli operatori sanitari<\/h6>\r\n<h2>\u00a0<\/h2>\r\n\n\n\n\n\n\n\r\n<h6>3. Valutazione continua dei risultati\u00a0<\/h6>\r\n<h2>\u00a0<\/h2>\r\n\n\n\n\n\n\n","protected":false},"excerpt":{"rendered":"","protected":false},"author":1,"featured_media":0,"parent":0,"menu_order":0,"comment_status":"closed","ping_status":"closed","template":"","meta":{"om_disable_all_campaigns":false,"_monsterinsights_skip_tracking":false,"_monsterinsights_sitenote_active":false,"_monsterinsights_sitenote_note":"","_monsterinsights_sitenote_category":0,"two_page_speed":{"previous_score":{"desktop_score":84,"desktop_tti":"1.4\u00a0","mobile_score":60,"mobile_tti":"6.7\u00a0","date":"14.07.2023 12:26:11 pm","status":"completed"},"current_score":{"desktop_score":97,"desktop_tti":"1.0\u00a0","mobile_score":77,"mobile_tti":"4.6\u00a0","date":"26.06.2025 11:32:25 am","status":"completed"}},"footnotes":""},"categories":[],"tags":[9,21,33,22,29,25,34,24,35,10,8],"class_list":["post-115","page","type-page","status-publish","hentry","tag-bari","tag-busto","tag-consultazione","tag-corsetto","tag-fisiatra","tag-fisioterapia","tag-medico","tag-metodo-lionese","tag-ortopedico","tag-puglia","tag-scoliosi"],"aioseo_notices":[],"_links":{"self":[{"href":"https:\/\/lyonmethod.fr\/ba\/wp-json\/wp\/v2\/pages\/115","targetHints":{"allow":["GET"]}}],"collection":[{"href":"https:\/\/lyonmethod.fr\/ba\/wp-json\/wp\/v2\/pages"}],"about":[{"href":"https:\/\/lyonmethod.fr\/ba\/wp-json\/wp\/v2\/types\/page"}],"author":[{"embeddable":true,"href":"https:\/\/lyonmethod.fr\/ba\/wp-json\/wp\/v2\/users\/1"}],"replies":[{"embeddable":true,"href":"https:\/\/lyonmethod.fr\/ba\/wp-json\/wp\/v2\/comments?post=115"}],"version-history":[{"count":54,"href":"https:\/\/lyonmethod.fr\/ba\/wp-json\/wp\/v2\/pages\/115\/revisions"}],"predecessor-version":[{"id":865,"href":"https:\/\/lyonmethod.fr\/ba\/wp-json\/wp\/v2\/pages\/115\/revisions\/865"}],"wp:attachment":[{"href":"https:\/\/lyonmethod.fr\/ba\/wp-json\/wp\/v2\/media?parent=115"}],"wp:term":[{"taxonomy":"category","embeddable":true,"href":"https:\/\/lyonmethod.fr\/ba\/wp-json\/wp\/v2\/categories?post=115"},{"taxonomy":"post_tag","embeddable":true,"href":"https:\/\/lyonmethod.fr\/ba\/wp-json\/wp\/v2\/tags?post=115"}],"curies":[{"name":"wp","href":"https:\/\/api.w.org\/{rel}","templated":true}]}}